{"id":1042,"date":"2021-03-18T14:48:30","date_gmt":"2021-03-18T18:48:30","guid":{"rendered":"http:\/\/carolinerochon.com\/product\/moi-et-mon-desordre-confessions-et-secrets-dune-organisatrice-professionnelle\/"},"modified":"2024-04-02T08:20:35","modified_gmt":"2024-04-02T12:20:35","slug":"moi-et-mon-desordre-confessions-et-secrets-dune-organisatrice-professionnelle","status":"publish","type":"product","link":"https:\/\/carolinerochon.com\/fr\/produit\/moi-et-mon-desordre-confessions-et-secrets-dune-organisatrice-professionnelle\/","title":{"rendered":"Moi et mon d\u00e9sordre \u2013 Confessions et secrets d\u2019une organisatrice professionnelle"},"content":{"rendered":"<p>Si vous ressentez le besoin de faire des changements, d\u2019am\u00e9liorer votre situation, d\u2019all\u00e9ger votre vie, voici un outil de transformation qui bous aidera grandement. Dans ce premier ouvrage, l\u2019organisatrice professionnelle nous expose d\u2019entr\u00e9e de jeu les \u00e9v\u00e9nements qui ont marqu\u00e9 sa vie et ce qu\u2019elle appelle son \u00ab\u00a0cheminement dans le d\u00e9sordre\u2019. Elle admet en toute candeur ne pas \u00eatre une personne naturellement ordonn\u00e9e et avoir encore chaque jour des d\u00e9fis \u00e0 relever pour rester organiser. \u00a0(B\u00e9liveau \u00e9diteur)<\/p>\n<p>(Fran\u00e7ais)<\/p>\n","protected":false},"excerpt":{"rendered":"<p>Si vous ressentez le besoin de faire des changements, d\u2019am\u00e9liorer votre situation, d\u2019all\u00e9ger votre vie, voici un outil de transformation qui bous aidera grandement. Dans ce premier ouvrage, l\u2019organisatrice professionnelle nous expose d\u2019entr\u00e9e de jeu les \u00e9v\u00e9nements qui ont marqu\u00e9 sa vie et ce qu\u2019elle appelle son \u00ab\u00a0cheminement dans le d\u00e9sordre\u2019. Elle admet en toute [&hellip;]<\/p>\n","protected":false},"featured_media":315,"template":"","meta":{"_acf_changed":false},"product_brand":[],"product_cat":[35],"product_tag":[],"class_list":{"0":"post-1042","1":"product","2":"type-product","3":"status-publish","4":"has-post-thumbnail","6":"product_cat-livres-et-lecture","8":"first","9":"instock","10":"taxable","11":"shipping-taxable","12":"purchasable","13":"product-type-simple"},"acf":[],"yoast_head":"<!-- This site is optimized with the Yoast SEO plugin v25.4 - https:\/\/yoast.com\/wordpress\/plugins\/seo\/ -->\n<title>Moi et mon d\u00e9sordre \u2013 Confessions et secrets d\u2019une organisatrice professionnelle &#8211; Caroline Rochon<\/title>\n<meta name=\"robots\" content=\"index, follow, max-snippet:-1, max-image-preview:large, max-video-preview:-1\" \/>\n<link rel=\"canonical\" href=\"https:\/\/carolinerochon.com\/fr\/produit\/moi-et-mon-desordre-confessions-et-secrets-dune-organisatrice-professionnelle\/\" \/>\n<meta property=\"og:locale\" content=\"fr_FR\" \/>\n<meta property=\"og:type\" content=\"article\" \/>\n<meta property=\"og:title\" content=\"Moi et mon d\u00e9sordre \u2013 Confessions et secrets d\u2019une organisatrice professionnelle &#8211; Caroline Rochon\" \/>\n<meta property=\"og:description\" content=\"Si vous ressentez le besoin de faire des changements, d\u2019am\u00e9liorer votre situation, d\u2019all\u00e9ger votre vie, voici un outil de transformation qui bous aidera grandement. Dans ce premier ouvrage, l\u2019organisatrice professionnelle nous expose d\u2019entr\u00e9e de jeu les \u00e9v\u00e9nements qui ont marqu\u00e9 sa vie et ce qu\u2019elle appelle son \u00ab\u00a0cheminement dans le d\u00e9sordre\u2019. Elle admet en toute [&hellip;]\" \/>\n<meta property=\"og:url\" content=\"https:\/\/carolinerochon.com\/fr\/produit\/moi-et-mon-desordre-confessions-et-secrets-dune-organisatrice-professionnelle\/\" \/>\n<meta property=\"og:site_name\" content=\"Caroline Rochon\" \/>\n<meta property=\"article:publisher\" content=\"https:\/\/www.facebook.com\/CarolineRochonTransformationalTrainer\/\" \/>\n<meta property=\"article:modified_time\" content=\"2024-04-02T12:20:35+00:00\" \/>\n<meta property=\"og:image\" content=\"https:\/\/carolinerochon.com\/wp-content\/uploads\/2020\/10\/Book-Image.jpg\" \/>\n\t<meta property=\"og:image:width\" content=\"333\" \/>\n\t<meta property=\"og:image:height\" content=\"500\" \/>\n\t<meta property=\"og:image:type\" content=\"image\/jpeg\" \/>\n<meta name=\"twitter:card\" content=\"summary_large_image\" \/>\n<meta name=\"twitter:site\" content=\"@lal_gratitude\" \/>\n<script type=\"application\/ld+json\" class=\"yoast-schema-graph\">{\"@context\":\"https:\/\/schema.org\",\"@graph\":[{\"@type\":\"WebPage\",\"@id\":\"https:\/\/carolinerochon.com\/fr\/produit\/moi-et-mon-desordre-confessions-et-secrets-dune-organisatrice-professionnelle\/\",\"url\":\"https:\/\/carolinerochon.com\/fr\/produit\/moi-et-mon-desordre-confessions-et-secrets-dune-organisatrice-professionnelle\/\",\"name\":\"Moi et mon d\u00e9sordre \u2013 Confessions et secrets d\u2019une organisatrice professionnelle &#8211; Caroline Rochon\",\"isPartOf\":{\"@id\":\"https:\/\/carolinerochon.com\/fr\/#website\"},\"primaryImageOfPage\":{\"@id\":\"https:\/\/carolinerochon.com\/fr\/produit\/moi-et-mon-desordre-confessions-et-secrets-dune-organisatrice-professionnelle\/#primaryimage\"},\"image\":{\"@id\":\"https:\/\/carolinerochon.com\/fr\/produit\/moi-et-mon-desordre-confessions-et-secrets-dune-organisatrice-professionnelle\/#primaryimage\"},\"thumbnailUrl\":\"https:\/\/carolinerochon.com\/wp-content\/uploads\/2020\/10\/Book-Image.jpg\",\"datePublished\":\"2021-03-18T18:48:30+00:00\",\"dateModified\":\"2024-04-02T12:20:35+00:00\",\"breadcrumb\":{\"@id\":\"https:\/\/carolinerochon.com\/fr\/produit\/moi-et-mon-desordre-confessions-et-secrets-dune-organisatrice-professionnelle\/#breadcrumb\"},\"inLanguage\":\"fr-FR\",\"potentialAction\":[{\"@type\":\"ReadAction\",\"target\":[\"https:\/\/carolinerochon.com\/fr\/produit\/moi-et-mon-desordre-confessions-et-secrets-dune-organisatrice-professionnelle\/\"]}]},{\"@type\":\"ImageObject\",\"inLanguage\":\"fr-FR\",\"@id\":\"https:\/\/carolinerochon.com\/fr\/produit\/moi-et-mon-desordre-confessions-et-secrets-dune-organisatrice-professionnelle\/#primaryimage\",\"url\":\"https:\/\/carolinerochon.com\/wp-content\/uploads\/2020\/10\/Book-Image.jpg\",\"contentUrl\":\"https:\/\/carolinerochon.com\/wp-content\/uploads\/2020\/10\/Book-Image.jpg\",\"width\":333,\"height\":500,\"caption\":\"Moi et mon desordre\"},{\"@type\":\"BreadcrumbList\",\"@id\":\"https:\/\/carolinerochon.com\/fr\/produit\/moi-et-mon-desordre-confessions-et-secrets-dune-organisatrice-professionnelle\/#breadcrumb\",\"itemListElement\":[{\"@type\":\"ListItem\",\"position\":1,\"name\":\"Home\",\"item\":\"https:\/\/carolinerochon.com\/fr\/\"},{\"@type\":\"ListItem\",\"position\":2,\"name\":\"Boutique\",\"item\":\"https:\/\/carolinerochon.com\/shop\/\"},{\"@type\":\"ListItem\",\"position\":3,\"name\":\"Moi et mon d\u00e9sordre \u2013 Confessions et secrets d\u2019une organisatrice professionnelle\"}]},{\"@type\":\"WebSite\",\"@id\":\"https:\/\/carolinerochon.com\/fr\/#website\",\"url\":\"https:\/\/carolinerochon.com\/fr\/\",\"name\":\"Caroline Rochon\",\"description\":\"Training Coaching Formation\",\"publisher\":{\"@id\":\"https:\/\/carolinerochon.com\/fr\/#organization\"},\"potentialAction\":[{\"@type\":\"SearchAction\",\"target\":{\"@type\":\"EntryPoint\",\"urlTemplate\":\"https:\/\/carolinerochon.com\/fr\/?s={search_term_string}\"},\"query-input\":{\"@type\":\"PropertyValueSpecification\",\"valueRequired\":true,\"valueName\":\"search_term_string\"}}],\"inLanguage\":\"fr-FR\"},{\"@type\":\"Organization\",\"@id\":\"https:\/\/carolinerochon.com\/fr\/#organization\",\"name\":\"Caroline Rochon\",\"url\":\"https:\/\/carolinerochon.com\/fr\/\",\"logo\":{\"@type\":\"ImageObject\",\"inLanguage\":\"fr-FR\",\"@id\":\"https:\/\/carolinerochon.com\/fr\/#\/schema\/logo\/image\/\",\"url\":\"https:\/\/carolinerochon.com\/wp-content\/uploads\/2024\/03\/caroline-rochon-logo-696-x-696-px.png\",\"contentUrl\":\"https:\/\/carolinerochon.com\/wp-content\/uploads\/2024\/03\/caroline-rochon-logo-696-x-696-px.png\",\"width\":696,\"height\":696,\"caption\":\"Caroline Rochon\"},\"image\":{\"@id\":\"https:\/\/carolinerochon.com\/fr\/#\/schema\/logo\/image\/\"},\"sameAs\":[\"https:\/\/www.facebook.com\/CarolineRochonTransformationalTrainer\/\",\"https:\/\/x.com\/lal_gratitude\",\"https:\/\/www.instagram.com\/carolinerochonspeakertrainer\/\",\"https:\/\/ca.linkedin.com\/in\/carolinerochonspeaker\",\"https:\/\/www.youtube.com\/user\/CarolineRochon\"]}]}<\/script>\n<!-- \/ Yoast SEO plugin. -->","yoast_head_json":{"title":"Moi et mon d\u00e9sordre \u2013 Confessions et secrets d\u2019une organisatrice professionnelle &#8211; Caroline Rochon","robots":{"index":"index","follow":"follow","max-snippet":"max-snippet:-1","max-image-preview":"max-image-preview:large","max-video-preview":"max-video-preview:-1"},"canonical":"https:\/\/carolinerochon.com\/fr\/produit\/moi-et-mon-desordre-confessions-et-secrets-dune-organisatrice-professionnelle\/","og_locale":"fr_FR","og_type":"article","og_title":"Moi et mon d\u00e9sordre \u2013 Confessions et secrets d\u2019une organisatrice professionnelle &#8211; Caroline Rochon","og_description":"Si vous ressentez le besoin de faire des changements, d\u2019am\u00e9liorer votre situation, d\u2019all\u00e9ger votre vie, voici un outil de transformation qui bous aidera grandement. Dans ce premier ouvrage, l\u2019organisatrice professionnelle nous expose d\u2019entr\u00e9e de jeu les \u00e9v\u00e9nements qui ont marqu\u00e9 sa vie et ce qu\u2019elle appelle son \u00ab\u00a0cheminement dans le d\u00e9sordre\u2019. Elle admet en toute [&hellip;]","og_url":"https:\/\/carolinerochon.com\/fr\/produit\/moi-et-mon-desordre-confessions-et-secrets-dune-organisatrice-professionnelle\/","og_site_name":"Caroline Rochon","article_publisher":"https:\/\/www.facebook.com\/CarolineRochonTransformationalTrainer\/","article_modified_time":"2024-04-02T12:20:35+00:00","og_image":[{"width":333,"height":500,"url":"https:\/\/carolinerochon.com\/wp-content\/uploads\/2020\/10\/Book-Image.jpg","type":"image\/jpeg"}],"twitter_card":"summary_large_image","twitter_site":"@lal_gratitude","schema":{"@context":"https:\/\/schema.org","@graph":[{"@type":"WebPage","@id":"https:\/\/carolinerochon.com\/fr\/produit\/moi-et-mon-desordre-confessions-et-secrets-dune-organisatrice-professionnelle\/","url":"https:\/\/carolinerochon.com\/fr\/produit\/moi-et-mon-desordre-confessions-et-secrets-dune-organisatrice-professionnelle\/","name":"Moi et mon d\u00e9sordre \u2013 Confessions et secrets d\u2019une organisatrice professionnelle &#8211; Caroline Rochon","isPartOf":{"@id":"https:\/\/carolinerochon.com\/fr\/#website"},"primaryImageOfPage":{"@id":"https:\/\/carolinerochon.com\/fr\/produit\/moi-et-mon-desordre-confessions-et-secrets-dune-organisatrice-professionnelle\/#primaryimage"},"image":{"@id":"https:\/\/carolinerochon.com\/fr\/produit\/moi-et-mon-desordre-confessions-et-secrets-dune-organisatrice-professionnelle\/#primaryimage"},"thumbnailUrl":"https:\/\/carolinerochon.com\/wp-content\/uploads\/2020\/10\/Book-Image.jpg","datePublished":"2021-03-18T18:48:30+00:00","dateModified":"2024-04-02T12:20:35+00:00","breadcrumb":{"@id":"https:\/\/carolinerochon.com\/fr\/produit\/moi-et-mon-desordre-confessions-et-secrets-dune-organisatrice-professionnelle\/#breadcrumb"},"inLanguage":"fr-FR","potentialAction":[{"@type":"ReadAction","target":["https:\/\/carolinerochon.com\/fr\/produit\/moi-et-mon-desordre-confessions-et-secrets-dune-organisatrice-professionnelle\/"]}]},{"@type":"ImageObject","inLanguage":"fr-FR","@id":"https:\/\/carolinerochon.com\/fr\/produit\/moi-et-mon-desordre-confessions-et-secrets-dune-organisatrice-professionnelle\/#primaryimage","url":"https:\/\/carolinerochon.com\/wp-content\/uploads\/2020\/10\/Book-Image.jpg","contentUrl":"https:\/\/carolinerochon.com\/wp-content\/uploads\/2020\/10\/Book-Image.jpg","width":333,"height":500,"caption":"Moi et mon desordre"},{"@type":"BreadcrumbList","@id":"https:\/\/carolinerochon.com\/fr\/produit\/moi-et-mon-desordre-confessions-et-secrets-dune-organisatrice-professionnelle\/#breadcrumb","itemListElement":[{"@type":"ListItem","position":1,"name":"Home","item":"https:\/\/carolinerochon.com\/fr\/"},{"@type":"ListItem","position":2,"name":"Boutique","item":"https:\/\/carolinerochon.com\/shop\/"},{"@type":"ListItem","position":3,"name":"Moi et mon d\u00e9sordre \u2013 Confessions et secrets d\u2019une organisatrice professionnelle"}]},{"@type":"WebSite","@id":"https:\/\/carolinerochon.com\/fr\/#website","url":"https:\/\/carolinerochon.com\/fr\/","name":"Caroline Rochon","description":"Training Coaching Formation","publisher":{"@id":"https:\/\/carolinerochon.com\/fr\/#organization"},"potentialAction":[{"@type":"SearchAction","target":{"@type":"EntryPoint","urlTemplate":"https:\/\/carolinerochon.com\/fr\/?s={search_term_string}"},"query-input":{"@type":"PropertyValueSpecification","valueRequired":true,"valueName":"search_term_string"}}],"inLanguage":"fr-FR"},{"@type":"Organization","@id":"https:\/\/carolinerochon.com\/fr\/#organization","name":"Caroline Rochon","url":"https:\/\/carolinerochon.com\/fr\/","logo":{"@type":"ImageObject","inLanguage":"fr-FR","@id":"https:\/\/carolinerochon.com\/fr\/#\/schema\/logo\/image\/","url":"https:\/\/carolinerochon.com\/wp-content\/uploads\/2024\/03\/caroline-rochon-logo-696-x-696-px.png","contentUrl":"https:\/\/carolinerochon.com\/wp-content\/uploads\/2024\/03\/caroline-rochon-logo-696-x-696-px.png","width":696,"height":696,"caption":"Caroline Rochon"},"image":{"@id":"https:\/\/carolinerochon.com\/fr\/#\/schema\/logo\/image\/"},"sameAs":["https:\/\/www.facebook.com\/CarolineRochonTransformationalTrainer\/","https:\/\/x.com\/lal_gratitude","https:\/\/www.instagram.com\/carolinerochonspeakertrainer\/","https:\/\/ca.linkedin.com\/in\/carolinerochonspeaker","https:\/\/www.youtube.com\/user\/CarolineRochon"]}]}},"_links":{"self":[{"href":"https:\/\/carolinerochon.com\/fr\/wp-json\/wp\/v2\/product\/1042","targetHints":{"allow":["GET"]}}],"collection":[{"href":"https:\/\/carolinerochon.com\/fr\/wp-json\/wp\/v2\/product"}],"about":[{"href":"https:\/\/carolinerochon.com\/fr\/wp-json\/wp\/v2\/types\/product"}],"wp:featuredmedia":[{"embeddable":true,"href":"https:\/\/carolinerochon.com\/fr\/wp-json\/wp\/v2\/media\/315"}],"wp:attachment":[{"href":"https:\/\/carolinerochon.com\/fr\/wp-json\/wp\/v2\/media?parent=1042"}],"wp:term":[{"taxonomy":"product_brand","embeddable":true,"href":"https:\/\/carolinerochon.com\/fr\/wp-json\/wp\/v2\/product_brand?post=1042"},{"taxonomy":"product_cat","embeddable":true,"href":"https:\/\/carolinerochon.com\/fr\/wp-json\/wp\/v2\/product_cat?post=1042"},{"taxonomy":"product_tag","embeddable":true,"href":"https:\/\/carolinerochon.com\/fr\/wp-json\/wp\/v2\/product_tag?post=1042"}],"curies":[{"name":"wp","href":"https:\/\/api.w.org\/{rel}","templated":true}]}}