{"id":1033,"date":"2021-03-08T15:38:37","date_gmt":"2021-03-08T20:38:37","guid":{"rendered":"http:\/\/carolinerochon.com\/product\/new-perspective-on-time-priority-management\/"},"modified":"2021-03-18T14:45:54","modified_gmt":"2021-03-18T18:45:54","slug":"new-perspective-on-time-priority-management","status":"publish","type":"product","link":"https:\/\/carolinerochon.com\/fr\/produit\/new-perspective-on-time-priority-management\/","title":{"rendered":"Gestion de temps et des priorit\u00e9s &#8211; une nouvelle perspective"},"content":{"rendered":"<p>Malgr\u00e9 toutes nos listes et tous nos outils \u00e9lectroniques qui sont cens\u00e9s nous simplifier et faciliter notre vie, pourquoi tant de gens ont-ils de la difficult\u00e9 \u00e0 g\u00e9rer leur temps? Assistez \u00e0 cet atelier dynamique o\u00f9 Caroline vous fait part de sa nouvelle perspective sur la gestion de temps et de priorit\u00e9s. G\u00e9rer soi-m\u00eame plus qu&rsquo;une liste est la cl\u00e9.\u00a0 Elle apporte un point de vue rafra\u00eechissant, des outils pratico-pratiques pour aider chacun atteindre un chemin de fluidit\u00e9 et d\u2019aisance dans l&rsquo;accomplissement de sa liste de choses \u00e0 faire. (Atelier de 3 heures \u2013 Zoom)<\/p>\n<p>Session en anglais : Samedi 10 avril, 2021 \u2013 9 \u00e0 midi<br \/>\nSession en fran\u00e7ais: Dimanche 11 avril 2021 9 \u00e0 midi<\/p>\n","protected":false},"excerpt":{"rendered":"<p>Malgr\u00e9 toutes nos listes et tous nos outils \u00e9lectroniques qui sont cens\u00e9s nous simplifier et faciliter notre vie, pourquoi tant de gens ont-ils de la difficult\u00e9 \u00e0 g\u00e9rer leur temps? Assistez \u00e0 cet atelier dynamique o\u00f9 Caroline vous fait part de sa nouvelle perspective sur la gestion de temps et de priorit\u00e9s. G\u00e9rer soi-m\u00eame plus [&hellip;]<\/p>\n","protected":false},"featured_media":743,"template":"","meta":{"_acf_changed":false},"product_brand":[],"product_cat":[34],"product_tag":[],"class_list":{"0":"post-1033","1":"product","2":"type-product","3":"status-publish","4":"has-post-thumbnail","6":"product_cat-ateliers-et-webinaires","8":"first","9":"instock","10":"virtual","11":"taxable","12":"purchasable","13":"product-type-simple"},"acf":[],"yoast_head":"<!-- This site is optimized with the Yoast SEO plugin v25.4 - https:\/\/yoast.com\/wordpress\/plugins\/seo\/ -->\n<title>Gestion de temps et des priorit\u00e9s - une nouvelle perspective &#8211; Caroline Rochon<\/title>\n<meta name=\"robots\" content=\"index, follow, max-snippet:-1, max-image-preview:large, max-video-preview:-1\" \/>\n<link rel=\"canonical\" href=\"https:\/\/carolinerochon.com\/fr\/produit\/new-perspective-on-time-priority-management\/\" \/>\n<meta property=\"og:locale\" content=\"fr_FR\" \/>\n<meta property=\"og:type\" content=\"article\" \/>\n<meta property=\"og:title\" content=\"Gestion de temps et des priorit\u00e9s - une nouvelle perspective &#8211; Caroline Rochon\" \/>\n<meta property=\"og:description\" content=\"Malgr\u00e9 toutes nos listes et tous nos outils \u00e9lectroniques qui sont cens\u00e9s nous simplifier et faciliter notre vie, pourquoi tant de gens ont-ils de la difficult\u00e9 \u00e0 g\u00e9rer leur temps? Assistez \u00e0 cet atelier dynamique o\u00f9 Caroline vous fait part de sa nouvelle perspective sur la gestion de temps et de priorit\u00e9s. G\u00e9rer soi-m\u00eame plus [&hellip;]\" \/>\n<meta property=\"og:url\" content=\"https:\/\/carolinerochon.com\/fr\/produit\/new-perspective-on-time-priority-management\/\" \/>\n<meta property=\"og:site_name\" content=\"Caroline Rochon\" \/>\n<meta property=\"article:publisher\" content=\"https:\/\/www.facebook.com\/CarolineRochonTransformationalTrainer\/\" \/>\n<meta property=\"article:modified_time\" content=\"2021-03-18T18:45:54+00:00\" \/>\n<meta property=\"og:image\" content=\"https:\/\/carolinerochon.com\/wp-content\/uploads\/2021\/03\/Caroline-ROchon_par_Teixeira-Photographie-236-2.jpg\" \/>\n\t<meta property=\"og:image:width\" content=\"1722\" \/>\n\t<meta property=\"og:image:height\" content=\"1722\" \/>\n\t<meta property=\"og:image:type\" content=\"image\/jpeg\" \/>\n<meta name=\"twitter:card\" content=\"summary_large_image\" \/>\n<meta name=\"twitter:site\" content=\"@lal_gratitude\" \/>\n<meta name=\"twitter:label1\" content=\"Dur\u00e9e de lecture estim\u00e9e\" \/>\n\t<meta name=\"twitter:data1\" content=\"1 minute\" \/>\n<script type=\"application\/ld+json\" class=\"yoast-schema-graph\">{\"@context\":\"https:\/\/schema.org\",\"@graph\":[{\"@type\":\"WebPage\",\"@id\":\"https:\/\/carolinerochon.com\/fr\/produit\/new-perspective-on-time-priority-management\/\",\"url\":\"https:\/\/carolinerochon.com\/fr\/produit\/new-perspective-on-time-priority-management\/\",\"name\":\"Gestion de temps et des priorit\u00e9s - une nouvelle perspective &#8211; Caroline Rochon\",\"isPartOf\":{\"@id\":\"https:\/\/carolinerochon.com\/fr\/#website\"},\"primaryImageOfPage\":{\"@id\":\"https:\/\/carolinerochon.com\/fr\/produit\/new-perspective-on-time-priority-management\/#primaryimage\"},\"image\":{\"@id\":\"https:\/\/carolinerochon.com\/fr\/produit\/new-perspective-on-time-priority-management\/#primaryimage\"},\"thumbnailUrl\":\"https:\/\/carolinerochon.com\/wp-content\/uploads\/2021\/03\/Caroline-ROchon_par_Teixeira-Photographie-236-2.jpg\",\"datePublished\":\"2021-03-08T20:38:37+00:00\",\"dateModified\":\"2021-03-18T18:45:54+00:00\",\"breadcrumb\":{\"@id\":\"https:\/\/carolinerochon.com\/fr\/produit\/new-perspective-on-time-priority-management\/#breadcrumb\"},\"inLanguage\":\"fr-FR\",\"potentialAction\":[{\"@type\":\"ReadAction\",\"target\":[\"https:\/\/carolinerochon.com\/fr\/produit\/new-perspective-on-time-priority-management\/\"]}]},{\"@type\":\"ImageObject\",\"inLanguage\":\"fr-FR\",\"@id\":\"https:\/\/carolinerochon.com\/fr\/produit\/new-perspective-on-time-priority-management\/#primaryimage\",\"url\":\"https:\/\/carolinerochon.com\/wp-content\/uploads\/2021\/03\/Caroline-ROchon_par_Teixeira-Photographie-236-2.jpg\",\"contentUrl\":\"https:\/\/carolinerochon.com\/wp-content\/uploads\/2021\/03\/Caroline-ROchon_par_Teixeira-Photographie-236-2.jpg\",\"width\":1722,\"height\":1722,\"caption\":\"Caroline Rochon taking notes\"},{\"@type\":\"BreadcrumbList\",\"@id\":\"https:\/\/carolinerochon.com\/fr\/produit\/new-perspective-on-time-priority-management\/#breadcrumb\",\"itemListElement\":[{\"@type\":\"ListItem\",\"position\":1,\"name\":\"Home\",\"item\":\"https:\/\/carolinerochon.com\/fr\/\"},{\"@type\":\"ListItem\",\"position\":2,\"name\":\"Boutique\",\"item\":\"https:\/\/carolinerochon.com\/shop\/\"},{\"@type\":\"ListItem\",\"position\":3,\"name\":\"Gestion de temps et des priorit\u00e9s &#8211; une nouvelle perspective\"}]},{\"@type\":\"WebSite\",\"@id\":\"https:\/\/carolinerochon.com\/fr\/#website\",\"url\":\"https:\/\/carolinerochon.com\/fr\/\",\"name\":\"Caroline Rochon\",\"description\":\"Training Coaching Formation\",\"publisher\":{\"@id\":\"https:\/\/carolinerochon.com\/fr\/#organization\"},\"potentialAction\":[{\"@type\":\"SearchAction\",\"target\":{\"@type\":\"EntryPoint\",\"urlTemplate\":\"https:\/\/carolinerochon.com\/fr\/?s={search_term_string}\"},\"query-input\":{\"@type\":\"PropertyValueSpecification\",\"valueRequired\":true,\"valueName\":\"search_term_string\"}}],\"inLanguage\":\"fr-FR\"},{\"@type\":\"Organization\",\"@id\":\"https:\/\/carolinerochon.com\/fr\/#organization\",\"name\":\"Caroline Rochon\",\"url\":\"https:\/\/carolinerochon.com\/fr\/\",\"logo\":{\"@type\":\"ImageObject\",\"inLanguage\":\"fr-FR\",\"@id\":\"https:\/\/carolinerochon.com\/fr\/#\/schema\/logo\/image\/\",\"url\":\"https:\/\/carolinerochon.com\/wp-content\/uploads\/2024\/03\/caroline-rochon-logo-696-x-696-px.png\",\"contentUrl\":\"https:\/\/carolinerochon.com\/wp-content\/uploads\/2024\/03\/caroline-rochon-logo-696-x-696-px.png\",\"width\":696,\"height\":696,\"caption\":\"Caroline Rochon\"},\"image\":{\"@id\":\"https:\/\/carolinerochon.com\/fr\/#\/schema\/logo\/image\/\"},\"sameAs\":[\"https:\/\/www.facebook.com\/CarolineRochonTransformationalTrainer\/\",\"https:\/\/x.com\/lal_gratitude\",\"https:\/\/www.instagram.com\/carolinerochonspeakertrainer\/\",\"https:\/\/ca.linkedin.com\/in\/carolinerochonspeaker\",\"https:\/\/www.youtube.com\/user\/CarolineRochon\"]}]}<\/script>\n<!-- \/ Yoast SEO plugin. -->","yoast_head_json":{"title":"Gestion de temps et des priorit\u00e9s - une nouvelle perspective &#8211; Caroline Rochon","robots":{"index":"index","follow":"follow","max-snippet":"max-snippet:-1","max-image-preview":"max-image-preview:large","max-video-preview":"max-video-preview:-1"},"canonical":"https:\/\/carolinerochon.com\/fr\/produit\/new-perspective-on-time-priority-management\/","og_locale":"fr_FR","og_type":"article","og_title":"Gestion de temps et des priorit\u00e9s - une nouvelle perspective &#8211; Caroline Rochon","og_description":"Malgr\u00e9 toutes nos listes et tous nos outils \u00e9lectroniques qui sont cens\u00e9s nous simplifier et faciliter notre vie, pourquoi tant de gens ont-ils de la difficult\u00e9 \u00e0 g\u00e9rer leur temps? Assistez \u00e0 cet atelier dynamique o\u00f9 Caroline vous fait part de sa nouvelle perspective sur la gestion de temps et de priorit\u00e9s. G\u00e9rer soi-m\u00eame plus [&hellip;]","og_url":"https:\/\/carolinerochon.com\/fr\/produit\/new-perspective-on-time-priority-management\/","og_site_name":"Caroline Rochon","article_publisher":"https:\/\/www.facebook.com\/CarolineRochonTransformationalTrainer\/","article_modified_time":"2021-03-18T18:45:54+00:00","og_image":[{"width":1722,"height":1722,"url":"https:\/\/carolinerochon.com\/wp-content\/uploads\/2021\/03\/Caroline-ROchon_par_Teixeira-Photographie-236-2.jpg","type":"image\/jpeg"}],"twitter_card":"summary_large_image","twitter_site":"@lal_gratitude","twitter_misc":{"Dur\u00e9e de lecture estim\u00e9e":"1 minute"},"schema":{"@context":"https:\/\/schema.org","@graph":[{"@type":"WebPage","@id":"https:\/\/carolinerochon.com\/fr\/produit\/new-perspective-on-time-priority-management\/","url":"https:\/\/carolinerochon.com\/fr\/produit\/new-perspective-on-time-priority-management\/","name":"Gestion de temps et des priorit\u00e9s - une nouvelle perspective &#8211; Caroline Rochon","isPartOf":{"@id":"https:\/\/carolinerochon.com\/fr\/#website"},"primaryImageOfPage":{"@id":"https:\/\/carolinerochon.com\/fr\/produit\/new-perspective-on-time-priority-management\/#primaryimage"},"image":{"@id":"https:\/\/carolinerochon.com\/fr\/produit\/new-perspective-on-time-priority-management\/#primaryimage"},"thumbnailUrl":"https:\/\/carolinerochon.com\/wp-content\/uploads\/2021\/03\/Caroline-ROchon_par_Teixeira-Photographie-236-2.jpg","datePublished":"2021-03-08T20:38:37+00:00","dateModified":"2021-03-18T18:45:54+00:00","breadcrumb":{"@id":"https:\/\/carolinerochon.com\/fr\/produit\/new-perspective-on-time-priority-management\/#breadcrumb"},"inLanguage":"fr-FR","potentialAction":[{"@type":"ReadAction","target":["https:\/\/carolinerochon.com\/fr\/produit\/new-perspective-on-time-priority-management\/"]}]},{"@type":"ImageObject","inLanguage":"fr-FR","@id":"https:\/\/carolinerochon.com\/fr\/produit\/new-perspective-on-time-priority-management\/#primaryimage","url":"https:\/\/carolinerochon.com\/wp-content\/uploads\/2021\/03\/Caroline-ROchon_par_Teixeira-Photographie-236-2.jpg","contentUrl":"https:\/\/carolinerochon.com\/wp-content\/uploads\/2021\/03\/Caroline-ROchon_par_Teixeira-Photographie-236-2.jpg","width":1722,"height":1722,"caption":"Caroline Rochon taking notes"},{"@type":"BreadcrumbList","@id":"https:\/\/carolinerochon.com\/fr\/produit\/new-perspective-on-time-priority-management\/#breadcrumb","itemListElement":[{"@type":"ListItem","position":1,"name":"Home","item":"https:\/\/carolinerochon.com\/fr\/"},{"@type":"ListItem","position":2,"name":"Boutique","item":"https:\/\/carolinerochon.com\/shop\/"},{"@type":"ListItem","position":3,"name":"Gestion de temps et des priorit\u00e9s &#8211; une nouvelle perspective"}]},{"@type":"WebSite","@id":"https:\/\/carolinerochon.com\/fr\/#website","url":"https:\/\/carolinerochon.com\/fr\/","name":"Caroline Rochon","description":"Training Coaching Formation","publisher":{"@id":"https:\/\/carolinerochon.com\/fr\/#organization"},"potentialAction":[{"@type":"SearchAction","target":{"@type":"EntryPoint","urlTemplate":"https:\/\/carolinerochon.com\/fr\/?s={search_term_string}"},"query-input":{"@type":"PropertyValueSpecification","valueRequired":true,"valueName":"search_term_string"}}],"inLanguage":"fr-FR"},{"@type":"Organization","@id":"https:\/\/carolinerochon.com\/fr\/#organization","name":"Caroline Rochon","url":"https:\/\/carolinerochon.com\/fr\/","logo":{"@type":"ImageObject","inLanguage":"fr-FR","@id":"https:\/\/carolinerochon.com\/fr\/#\/schema\/logo\/image\/","url":"https:\/\/carolinerochon.com\/wp-content\/uploads\/2024\/03\/caroline-rochon-logo-696-x-696-px.png","contentUrl":"https:\/\/carolinerochon.com\/wp-content\/uploads\/2024\/03\/caroline-rochon-logo-696-x-696-px.png","width":696,"height":696,"caption":"Caroline Rochon"},"image":{"@id":"https:\/\/carolinerochon.com\/fr\/#\/schema\/logo\/image\/"},"sameAs":["https:\/\/www.facebook.com\/CarolineRochonTransformationalTrainer\/","https:\/\/x.com\/lal_gratitude","https:\/\/www.instagram.com\/carolinerochonspeakertrainer\/","https:\/\/ca.linkedin.com\/in\/carolinerochonspeaker","https:\/\/www.youtube.com\/user\/CarolineRochon"]}]}},"_links":{"self":[{"href":"https:\/\/carolinerochon.com\/fr\/wp-json\/wp\/v2\/product\/1033","targetHints":{"allow":["GET"]}}],"collection":[{"href":"https:\/\/carolinerochon.com\/fr\/wp-json\/wp\/v2\/product"}],"about":[{"href":"https:\/\/carolinerochon.com\/fr\/wp-json\/wp\/v2\/types\/product"}],"wp:featuredmedia":[{"embeddable":true,"href":"https:\/\/carolinerochon.com\/fr\/wp-json\/wp\/v2\/media\/743"}],"wp:attachment":[{"href":"https:\/\/carolinerochon.com\/fr\/wp-json\/wp\/v2\/media?parent=1033"}],"wp:term":[{"taxonomy":"product_brand","embeddable":true,"href":"https:\/\/carolinerochon.com\/fr\/wp-json\/wp\/v2\/product_brand?post=1033"},{"taxonomy":"product_cat","embeddable":true,"href":"https:\/\/carolinerochon.com\/fr\/wp-json\/wp\/v2\/product_cat?post=1033"},{"taxonomy":"product_tag","embeddable":true,"href":"https:\/\/carolinerochon.com\/fr\/wp-json\/wp\/v2\/product_tag?post=1033"}],"curies":[{"name":"wp","href":"https:\/\/api.w.org\/{rel}","templated":true}]}}