{"id":1021,"date":"2021-03-08T15:24:25","date_gmt":"2021-03-08T20:24:25","guid":{"rendered":"http:\/\/carolinerochon.com\/product\/annual-review-process-pdf\/"},"modified":"2024-12-11T23:15:56","modified_gmt":"2024-12-12T04:15:56","slug":"bilan-personnel-annuel-pdf","status":"publish","type":"product","link":"https:\/\/carolinerochon.com\/fr\/produit\/bilan-personnel-annuel-pdf\/","title":{"rendered":"Bilan personnel annuel [PDF]"},"content":{"rendered":"<p>Ce document de 10 pages a \u00e9volu\u00e9 avec les ann\u00e9es et est tr\u00e8s en demande avec les clients de coaching de Caroline. Boucler 2024 et Aligner 2025 vous guidera dans un processus pour boucler la derni\u00e8re ann\u00e9e sur une note positive, \u00e9valuer o\u00f9 vous en \u00eates dans le moment pr\u00e9sent, et d\u2019aligner la nouvelle ann\u00e9e avec intention et des buts et strat\u00e9gies sp\u00e9cifiques.<\/p>\n<p>(Offert en fran\u00e7ais et en anglais)<\/p>\n","protected":false},"excerpt":{"rendered":"<p>Ce document de 10 pages a \u00e9volu\u00e9 avec les ann\u00e9es et est tr\u00e8s en demande avec les clients de coaching de Caroline. Boucler 2024 et Aligner 2025 vous guidera dans un processus pour boucler la derni\u00e8re ann\u00e9e sur une note positive, \u00e9valuer o\u00f9 vous en \u00eates dans le moment pr\u00e9sent, et d\u2019aligner la nouvelle ann\u00e9e [&hellip;]<\/p>\n","protected":false},"featured_media":824,"template":"","meta":{"_acf_changed":false},"product_brand":[],"product_cat":[38],"product_tag":[],"class_list":{"0":"post-1021","1":"product","2":"type-product","3":"status-publish","4":"has-post-thumbnail","6":"product_cat-outils-de-coaching-et-coaching","8":"first","9":"instock","10":"virtual","11":"taxable","12":"purchasable","13":"product-type-simple"},"acf":[],"yoast_head":"<!-- This site is optimized with the Yoast SEO plugin v25.4 - https:\/\/yoast.com\/wordpress\/plugins\/seo\/ -->\n<title>Bilan personnel annuel [PDF] &#8211; Caroline Rochon<\/title>\n<meta name=\"robots\" content=\"index, follow, max-snippet:-1, max-image-preview:large, max-video-preview:-1\" \/>\n<link rel=\"canonical\" href=\"https:\/\/carolinerochon.com\/fr\/produit\/bilan-personnel-annuel-pdf\/\" \/>\n<meta property=\"og:locale\" content=\"fr_FR\" \/>\n<meta property=\"og:type\" content=\"article\" \/>\n<meta property=\"og:title\" content=\"Bilan personnel annuel [PDF] &#8211; Caroline Rochon\" \/>\n<meta property=\"og:description\" content=\"Ce document de 10 pages a \u00e9volu\u00e9 avec les ann\u00e9es et est tr\u00e8s en demande avec les clients de coaching de Caroline. Boucler 2024 et Aligner 2025 vous guidera dans un processus pour boucler la derni\u00e8re ann\u00e9e sur une note positive, \u00e9valuer o\u00f9 vous en \u00eates dans le moment pr\u00e9sent, et d\u2019aligner la nouvelle ann\u00e9e [&hellip;]\" \/>\n<meta property=\"og:url\" content=\"https:\/\/carolinerochon.com\/fr\/produit\/bilan-personnel-annuel-pdf\/\" \/>\n<meta property=\"og:site_name\" content=\"Caroline Rochon\" \/>\n<meta property=\"article:publisher\" content=\"https:\/\/www.facebook.com\/CarolineRochonTransformationalTrainer\/\" \/>\n<meta property=\"article:modified_time\" content=\"2024-12-12T04:15:56+00:00\" \/>\n<meta property=\"og:image\" content=\"https:\/\/carolinerochon.com\/wp-content\/uploads\/2021\/03\/iStock-1184623145-scaled.jpg\" \/>\n\t<meta property=\"og:image:width\" content=\"3008\" \/>\n\t<meta property=\"og:image:height\" content=\"2008\" \/>\n\t<meta property=\"og:image:type\" content=\"image\/jpeg\" \/>\n<meta name=\"twitter:card\" content=\"summary_large_image\" \/>\n<meta name=\"twitter:site\" content=\"@lal_gratitude\" \/>\n<meta name=\"twitter:label1\" content=\"Dur\u00e9e de lecture estim\u00e9e\" \/>\n\t<meta name=\"twitter:data1\" content=\"1 minute\" \/>\n<script type=\"application\/ld+json\" class=\"yoast-schema-graph\">{\"@context\":\"https:\/\/schema.org\",\"@graph\":[{\"@type\":\"WebPage\",\"@id\":\"https:\/\/carolinerochon.com\/fr\/produit\/bilan-personnel-annuel-pdf\/\",\"url\":\"https:\/\/carolinerochon.com\/fr\/produit\/bilan-personnel-annuel-pdf\/\",\"name\":\"Bilan personnel annuel [PDF] &#8211; Caroline Rochon\",\"isPartOf\":{\"@id\":\"https:\/\/carolinerochon.com\/fr\/#website\"},\"primaryImageOfPage\":{\"@id\":\"https:\/\/carolinerochon.com\/fr\/produit\/bilan-personnel-annuel-pdf\/#primaryimage\"},\"image\":{\"@id\":\"https:\/\/carolinerochon.com\/fr\/produit\/bilan-personnel-annuel-pdf\/#primaryimage\"},\"thumbnailUrl\":\"https:\/\/carolinerochon.com\/wp-content\/uploads\/2021\/03\/iStock-1184623145-scaled.jpg\",\"datePublished\":\"2021-03-08T20:24:25+00:00\",\"dateModified\":\"2024-12-12T04:15:56+00:00\",\"breadcrumb\":{\"@id\":\"https:\/\/carolinerochon.com\/fr\/produit\/bilan-personnel-annuel-pdf\/#breadcrumb\"},\"inLanguage\":\"fr-FR\",\"potentialAction\":[{\"@type\":\"ReadAction\",\"target\":[\"https:\/\/carolinerochon.com\/fr\/produit\/bilan-personnel-annuel-pdf\/\"]}]},{\"@type\":\"ImageObject\",\"inLanguage\":\"fr-FR\",\"@id\":\"https:\/\/carolinerochon.com\/fr\/produit\/bilan-personnel-annuel-pdf\/#primaryimage\",\"url\":\"https:\/\/carolinerochon.com\/wp-content\/uploads\/2021\/03\/iStock-1184623145-scaled.jpg\",\"contentUrl\":\"https:\/\/carolinerochon.com\/wp-content\/uploads\/2021\/03\/iStock-1184623145-scaled.jpg\",\"width\":3008,\"height\":2008,\"caption\":\"Antique book ends and books on table on gray background\"},{\"@type\":\"BreadcrumbList\",\"@id\":\"https:\/\/carolinerochon.com\/fr\/produit\/bilan-personnel-annuel-pdf\/#breadcrumb\",\"itemListElement\":[{\"@type\":\"ListItem\",\"position\":1,\"name\":\"Home\",\"item\":\"https:\/\/carolinerochon.com\/fr\/\"},{\"@type\":\"ListItem\",\"position\":2,\"name\":\"Boutique\",\"item\":\"https:\/\/carolinerochon.com\/shop\/\"},{\"@type\":\"ListItem\",\"position\":3,\"name\":\"Bilan personnel annuel [PDF]\"}]},{\"@type\":\"WebSite\",\"@id\":\"https:\/\/carolinerochon.com\/fr\/#website\",\"url\":\"https:\/\/carolinerochon.com\/fr\/\",\"name\":\"Caroline Rochon\",\"description\":\"Training Coaching Formation\",\"publisher\":{\"@id\":\"https:\/\/carolinerochon.com\/fr\/#organization\"},\"potentialAction\":[{\"@type\":\"SearchAction\",\"target\":{\"@type\":\"EntryPoint\",\"urlTemplate\":\"https:\/\/carolinerochon.com\/fr\/?s={search_term_string}\"},\"query-input\":{\"@type\":\"PropertyValueSpecification\",\"valueRequired\":true,\"valueName\":\"search_term_string\"}}],\"inLanguage\":\"fr-FR\"},{\"@type\":\"Organization\",\"@id\":\"https:\/\/carolinerochon.com\/fr\/#organization\",\"name\":\"Caroline Rochon\",\"url\":\"https:\/\/carolinerochon.com\/fr\/\",\"logo\":{\"@type\":\"ImageObject\",\"inLanguage\":\"fr-FR\",\"@id\":\"https:\/\/carolinerochon.com\/fr\/#\/schema\/logo\/image\/\",\"url\":\"https:\/\/carolinerochon.com\/wp-content\/uploads\/2024\/03\/caroline-rochon-logo-696-x-696-px.png\",\"contentUrl\":\"https:\/\/carolinerochon.com\/wp-content\/uploads\/2024\/03\/caroline-rochon-logo-696-x-696-px.png\",\"width\":696,\"height\":696,\"caption\":\"Caroline Rochon\"},\"image\":{\"@id\":\"https:\/\/carolinerochon.com\/fr\/#\/schema\/logo\/image\/\"},\"sameAs\":[\"https:\/\/www.facebook.com\/CarolineRochonTransformationalTrainer\/\",\"https:\/\/x.com\/lal_gratitude\",\"https:\/\/www.instagram.com\/carolinerochonspeakertrainer\/\",\"https:\/\/ca.linkedin.com\/in\/carolinerochonspeaker\",\"https:\/\/www.youtube.com\/user\/CarolineRochon\"]}]}<\/script>\n<!-- \/ Yoast SEO plugin. -->","yoast_head_json":{"title":"Bilan personnel annuel [PDF] &#8211; Caroline Rochon","robots":{"index":"index","follow":"follow","max-snippet":"max-snippet:-1","max-image-preview":"max-image-preview:large","max-video-preview":"max-video-preview:-1"},"canonical":"https:\/\/carolinerochon.com\/fr\/produit\/bilan-personnel-annuel-pdf\/","og_locale":"fr_FR","og_type":"article","og_title":"Bilan personnel annuel [PDF] &#8211; Caroline Rochon","og_description":"Ce document de 10 pages a \u00e9volu\u00e9 avec les ann\u00e9es et est tr\u00e8s en demande avec les clients de coaching de Caroline. Boucler 2024 et Aligner 2025 vous guidera dans un processus pour boucler la derni\u00e8re ann\u00e9e sur une note positive, \u00e9valuer o\u00f9 vous en \u00eates dans le moment pr\u00e9sent, et d\u2019aligner la nouvelle ann\u00e9e [&hellip;]","og_url":"https:\/\/carolinerochon.com\/fr\/produit\/bilan-personnel-annuel-pdf\/","og_site_name":"Caroline Rochon","article_publisher":"https:\/\/www.facebook.com\/CarolineRochonTransformationalTrainer\/","article_modified_time":"2024-12-12T04:15:56+00:00","og_image":[{"width":3008,"height":2008,"url":"https:\/\/carolinerochon.com\/wp-content\/uploads\/2021\/03\/iStock-1184623145-scaled.jpg","type":"image\/jpeg"}],"twitter_card":"summary_large_image","twitter_site":"@lal_gratitude","twitter_misc":{"Dur\u00e9e de lecture estim\u00e9e":"1 minute"},"schema":{"@context":"https:\/\/schema.org","@graph":[{"@type":"WebPage","@id":"https:\/\/carolinerochon.com\/fr\/produit\/bilan-personnel-annuel-pdf\/","url":"https:\/\/carolinerochon.com\/fr\/produit\/bilan-personnel-annuel-pdf\/","name":"Bilan personnel annuel [PDF] &#8211; Caroline Rochon","isPartOf":{"@id":"https:\/\/carolinerochon.com\/fr\/#website"},"primaryImageOfPage":{"@id":"https:\/\/carolinerochon.com\/fr\/produit\/bilan-personnel-annuel-pdf\/#primaryimage"},"image":{"@id":"https:\/\/carolinerochon.com\/fr\/produit\/bilan-personnel-annuel-pdf\/#primaryimage"},"thumbnailUrl":"https:\/\/carolinerochon.com\/wp-content\/uploads\/2021\/03\/iStock-1184623145-scaled.jpg","datePublished":"2021-03-08T20:24:25+00:00","dateModified":"2024-12-12T04:15:56+00:00","breadcrumb":{"@id":"https:\/\/carolinerochon.com\/fr\/produit\/bilan-personnel-annuel-pdf\/#breadcrumb"},"inLanguage":"fr-FR","potentialAction":[{"@type":"ReadAction","target":["https:\/\/carolinerochon.com\/fr\/produit\/bilan-personnel-annuel-pdf\/"]}]},{"@type":"ImageObject","inLanguage":"fr-FR","@id":"https:\/\/carolinerochon.com\/fr\/produit\/bilan-personnel-annuel-pdf\/#primaryimage","url":"https:\/\/carolinerochon.com\/wp-content\/uploads\/2021\/03\/iStock-1184623145-scaled.jpg","contentUrl":"https:\/\/carolinerochon.com\/wp-content\/uploads\/2021\/03\/iStock-1184623145-scaled.jpg","width":3008,"height":2008,"caption":"Antique book ends and books on table on gray background"},{"@type":"BreadcrumbList","@id":"https:\/\/carolinerochon.com\/fr\/produit\/bilan-personnel-annuel-pdf\/#breadcrumb","itemListElement":[{"@type":"ListItem","position":1,"name":"Home","item":"https:\/\/carolinerochon.com\/fr\/"},{"@type":"ListItem","position":2,"name":"Boutique","item":"https:\/\/carolinerochon.com\/shop\/"},{"@type":"ListItem","position":3,"name":"Bilan personnel annuel [PDF]"}]},{"@type":"WebSite","@id":"https:\/\/carolinerochon.com\/fr\/#website","url":"https:\/\/carolinerochon.com\/fr\/","name":"Caroline Rochon","description":"Training Coaching Formation","publisher":{"@id":"https:\/\/carolinerochon.com\/fr\/#organization"},"potentialAction":[{"@type":"SearchAction","target":{"@type":"EntryPoint","urlTemplate":"https:\/\/carolinerochon.com\/fr\/?s={search_term_string}"},"query-input":{"@type":"PropertyValueSpecification","valueRequired":true,"valueName":"search_term_string"}}],"inLanguage":"fr-FR"},{"@type":"Organization","@id":"https:\/\/carolinerochon.com\/fr\/#organization","name":"Caroline Rochon","url":"https:\/\/carolinerochon.com\/fr\/","logo":{"@type":"ImageObject","inLanguage":"fr-FR","@id":"https:\/\/carolinerochon.com\/fr\/#\/schema\/logo\/image\/","url":"https:\/\/carolinerochon.com\/wp-content\/uploads\/2024\/03\/caroline-rochon-logo-696-x-696-px.png","contentUrl":"https:\/\/carolinerochon.com\/wp-content\/uploads\/2024\/03\/caroline-rochon-logo-696-x-696-px.png","width":696,"height":696,"caption":"Caroline Rochon"},"image":{"@id":"https:\/\/carolinerochon.com\/fr\/#\/schema\/logo\/image\/"},"sameAs":["https:\/\/www.facebook.com\/CarolineRochonTransformationalTrainer\/","https:\/\/x.com\/lal_gratitude","https:\/\/www.instagram.com\/carolinerochonspeakertrainer\/","https:\/\/ca.linkedin.com\/in\/carolinerochonspeaker","https:\/\/www.youtube.com\/user\/CarolineRochon"]}]}},"_links":{"self":[{"href":"https:\/\/carolinerochon.com\/fr\/wp-json\/wp\/v2\/product\/1021","targetHints":{"allow":["GET"]}}],"collection":[{"href":"https:\/\/carolinerochon.com\/fr\/wp-json\/wp\/v2\/product"}],"about":[{"href":"https:\/\/carolinerochon.com\/fr\/wp-json\/wp\/v2\/types\/product"}],"wp:featuredmedia":[{"embeddable":true,"href":"https:\/\/carolinerochon.com\/fr\/wp-json\/wp\/v2\/media\/824"}],"wp:attachment":[{"href":"https:\/\/carolinerochon.com\/fr\/wp-json\/wp\/v2\/media?parent=1021"}],"wp:term":[{"taxonomy":"product_brand","embeddable":true,"href":"https:\/\/carolinerochon.com\/fr\/wp-json\/wp\/v2\/product_brand?post=1021"},{"taxonomy":"product_cat","embeddable":true,"href":"https:\/\/carolinerochon.com\/fr\/wp-json\/wp\/v2\/product_cat?post=1021"},{"taxonomy":"product_tag","embeddable":true,"href":"https:\/\/carolinerochon.com\/fr\/wp-json\/wp\/v2\/product_tag?post=1021"}],"curies":[{"name":"wp","href":"https:\/\/api.w.org\/{rel}","templated":true}]}}