{"id":1020,"date":"2021-03-08T15:22:21","date_gmt":"2021-03-08T20:22:21","guid":{"rendered":"http:\/\/carolinerochon.com\/product\/organizational-style-assessment-and-coaching\/"},"modified":"2021-03-18T14:41:36","modified_gmt":"2021-03-18T18:41:36","slug":"style-organisationel-auto-evaluation-et-coaching","status":"publish","type":"product","link":"https:\/\/carolinerochon.com\/fr\/produit\/style-organisationel-auto-evaluation-et-coaching\/","title":{"rendered":"Style organisationel \u2013 Auto-\u00e9valuation et coaching"},"content":{"rendered":"<p>Reservez une s\u00e9ance de 90min avec Caroline pour determiner et apprendre votre style organisationel. Vous avez essay\u00e9 de vous organiser et les r\u00e9sultats ne durent pas? Peut-\u00eatre que les solutions ne sont pas adapt\u00e9es pour votre style. Durant cette s\u00e9ance, vous ferez une auto-\u00e9valutation pour d\u00e9couvrir votre style naturel de vous organiser. Caroline partagera avec vous de l\u2019informations qui a transform\u00e9 sa vie et celle de plusieurs de ces clients. Apprenez la base pour que vous puissiez \u00eatre sur la voie d\u2019\u00eatre organiser etd\u2019accepter votre style et celui des autrs.<\/p>\n<p>(S\u00e9ance en fran\u00e7ais ou en anglais)<\/p>\n","protected":false},"excerpt":{"rendered":"<p>Reservez une s\u00e9ance de 90min avec Caroline pour determiner et apprendre votre style organisationel. Vous avez essay\u00e9 de vous organiser et les r\u00e9sultats ne durent pas? Peut-\u00eatre que les solutions ne sont pas adapt\u00e9es pour votre style. Durant cette s\u00e9ance, vous ferez une auto-\u00e9valutation pour d\u00e9couvrir votre style naturel de vous organiser. Caroline partagera avec [&hellip;]<\/p>\n","protected":false},"featured_media":821,"template":"","meta":{"_acf_changed":false},"product_brand":[],"product_cat":[38],"product_tag":[],"class_list":{"0":"post-1020","1":"product","2":"type-product","3":"status-publish","4":"has-post-thumbnail","6":"product_cat-outils-de-coaching-et-coaching","8":"first","9":"instock","10":"virtual","11":"taxable","12":"purchasable","13":"product-type-simple"},"acf":[],"yoast_head":"<!-- This site is optimized with the Yoast SEO plugin v25.4 - https:\/\/yoast.com\/wordpress\/plugins\/seo\/ -->\n<title>Style organisationel \u2013 Auto-\u00e9valuation et coaching &#8211; Caroline Rochon<\/title>\n<meta name=\"robots\" content=\"index, follow, max-snippet:-1, max-image-preview:large, max-video-preview:-1\" \/>\n<link rel=\"canonical\" href=\"https:\/\/carolinerochon.com\/fr\/produit\/style-organisationel-auto-evaluation-et-coaching\/\" \/>\n<meta property=\"og:locale\" content=\"fr_FR\" \/>\n<meta property=\"og:type\" content=\"article\" \/>\n<meta property=\"og:title\" content=\"Style organisationel \u2013 Auto-\u00e9valuation et coaching &#8211; Caroline Rochon\" \/>\n<meta property=\"og:description\" content=\"Reservez une s\u00e9ance de 90min avec Caroline pour determiner et apprendre votre style organisationel. Vous avez essay\u00e9 de vous organiser et les r\u00e9sultats ne durent pas? Peut-\u00eatre que les solutions ne sont pas adapt\u00e9es pour votre style. Durant cette s\u00e9ance, vous ferez une auto-\u00e9valutation pour d\u00e9couvrir votre style naturel de vous organiser. Caroline partagera avec [&hellip;]\" \/>\n<meta property=\"og:url\" content=\"https:\/\/carolinerochon.com\/fr\/produit\/style-organisationel-auto-evaluation-et-coaching\/\" \/>\n<meta property=\"og:site_name\" content=\"Caroline Rochon\" \/>\n<meta property=\"article:publisher\" content=\"https:\/\/www.facebook.com\/CarolineRochonTransformationalTrainer\/\" \/>\n<meta property=\"article:modified_time\" content=\"2021-03-18T18:41:36+00:00\" \/>\n<meta property=\"og:image\" content=\"https:\/\/carolinerochon.com\/wp-content\/uploads\/2021\/03\/brain-4329864_1920.png\" \/>\n\t<meta property=\"og:image:width\" content=\"1024\" \/>\n\t<meta property=\"og:image:height\" content=\"731\" \/>\n\t<meta property=\"og:image:type\" content=\"image\/png\" \/>\n<meta name=\"twitter:card\" content=\"summary_large_image\" \/>\n<meta name=\"twitter:site\" content=\"@lal_gratitude\" \/>\n<meta name=\"twitter:label1\" content=\"Dur\u00e9e de lecture estim\u00e9e\" \/>\n\t<meta name=\"twitter:data1\" content=\"1 minute\" \/>\n<script type=\"application\/ld+json\" class=\"yoast-schema-graph\">{\"@context\":\"https:\/\/schema.org\",\"@graph\":[{\"@type\":\"WebPage\",\"@id\":\"https:\/\/carolinerochon.com\/fr\/produit\/style-organisationel-auto-evaluation-et-coaching\/\",\"url\":\"https:\/\/carolinerochon.com\/fr\/produit\/style-organisationel-auto-evaluation-et-coaching\/\",\"name\":\"Style organisationel \u2013 Auto-\u00e9valuation et coaching &#8211; Caroline Rochon\",\"isPartOf\":{\"@id\":\"https:\/\/carolinerochon.com\/fr\/#website\"},\"primaryImageOfPage\":{\"@id\":\"https:\/\/carolinerochon.com\/fr\/produit\/style-organisationel-auto-evaluation-et-coaching\/#primaryimage\"},\"image\":{\"@id\":\"https:\/\/carolinerochon.com\/fr\/produit\/style-organisationel-auto-evaluation-et-coaching\/#primaryimage\"},\"thumbnailUrl\":\"https:\/\/carolinerochon.com\/wp-content\/uploads\/2021\/03\/brain-4329864_1920.png\",\"datePublished\":\"2021-03-08T20:22:21+00:00\",\"dateModified\":\"2021-03-18T18:41:36+00:00\",\"breadcrumb\":{\"@id\":\"https:\/\/carolinerochon.com\/fr\/produit\/style-organisationel-auto-evaluation-et-coaching\/#breadcrumb\"},\"inLanguage\":\"fr-FR\",\"potentialAction\":[{\"@type\":\"ReadAction\",\"target\":[\"https:\/\/carolinerochon.com\/fr\/produit\/style-organisationel-auto-evaluation-et-coaching\/\"]}]},{\"@type\":\"ImageObject\",\"inLanguage\":\"fr-FR\",\"@id\":\"https:\/\/carolinerochon.com\/fr\/produit\/style-organisationel-auto-evaluation-et-coaching\/#primaryimage\",\"url\":\"https:\/\/carolinerochon.com\/wp-content\/uploads\/2021\/03\/brain-4329864_1920.png\",\"contentUrl\":\"https:\/\/carolinerochon.com\/wp-content\/uploads\/2021\/03\/brain-4329864_1920.png\",\"width\":1920,\"height\":1371,\"caption\":\"organization style- assessment and coaching\"},{\"@type\":\"BreadcrumbList\",\"@id\":\"https:\/\/carolinerochon.com\/fr\/produit\/style-organisationel-auto-evaluation-et-coaching\/#breadcrumb\",\"itemListElement\":[{\"@type\":\"ListItem\",\"position\":1,\"name\":\"Home\",\"item\":\"https:\/\/carolinerochon.com\/fr\/\"},{\"@type\":\"ListItem\",\"position\":2,\"name\":\"Boutique\",\"item\":\"https:\/\/carolinerochon.com\/shop\/\"},{\"@type\":\"ListItem\",\"position\":3,\"name\":\"Style organisationel \u2013 Auto-\u00e9valuation et coaching\"}]},{\"@type\":\"WebSite\",\"@id\":\"https:\/\/carolinerochon.com\/fr\/#website\",\"url\":\"https:\/\/carolinerochon.com\/fr\/\",\"name\":\"Caroline Rochon\",\"description\":\"Training Coaching Formation\",\"publisher\":{\"@id\":\"https:\/\/carolinerochon.com\/fr\/#organization\"},\"potentialAction\":[{\"@type\":\"SearchAction\",\"target\":{\"@type\":\"EntryPoint\",\"urlTemplate\":\"https:\/\/carolinerochon.com\/fr\/?s={search_term_string}\"},\"query-input\":{\"@type\":\"PropertyValueSpecification\",\"valueRequired\":true,\"valueName\":\"search_term_string\"}}],\"inLanguage\":\"fr-FR\"},{\"@type\":\"Organization\",\"@id\":\"https:\/\/carolinerochon.com\/fr\/#organization\",\"name\":\"Caroline Rochon\",\"url\":\"https:\/\/carolinerochon.com\/fr\/\",\"logo\":{\"@type\":\"ImageObject\",\"inLanguage\":\"fr-FR\",\"@id\":\"https:\/\/carolinerochon.com\/fr\/#\/schema\/logo\/image\/\",\"url\":\"https:\/\/carolinerochon.com\/wp-content\/uploads\/2024\/03\/caroline-rochon-logo-696-x-696-px.png\",\"contentUrl\":\"https:\/\/carolinerochon.com\/wp-content\/uploads\/2024\/03\/caroline-rochon-logo-696-x-696-px.png\",\"width\":696,\"height\":696,\"caption\":\"Caroline Rochon\"},\"image\":{\"@id\":\"https:\/\/carolinerochon.com\/fr\/#\/schema\/logo\/image\/\"},\"sameAs\":[\"https:\/\/www.facebook.com\/CarolineRochonTransformationalTrainer\/\",\"https:\/\/x.com\/lal_gratitude\",\"https:\/\/www.instagram.com\/carolinerochonspeakertrainer\/\",\"https:\/\/ca.linkedin.com\/in\/carolinerochonspeaker\",\"https:\/\/www.youtube.com\/user\/CarolineRochon\"]}]}<\/script>\n<!-- \/ Yoast SEO plugin. -->","yoast_head_json":{"title":"Style organisationel \u2013 Auto-\u00e9valuation et coaching &#8211; Caroline Rochon","robots":{"index":"index","follow":"follow","max-snippet":"max-snippet:-1","max-image-preview":"max-image-preview:large","max-video-preview":"max-video-preview:-1"},"canonical":"https:\/\/carolinerochon.com\/fr\/produit\/style-organisationel-auto-evaluation-et-coaching\/","og_locale":"fr_FR","og_type":"article","og_title":"Style organisationel \u2013 Auto-\u00e9valuation et coaching &#8211; Caroline Rochon","og_description":"Reservez une s\u00e9ance de 90min avec Caroline pour determiner et apprendre votre style organisationel. Vous avez essay\u00e9 de vous organiser et les r\u00e9sultats ne durent pas? Peut-\u00eatre que les solutions ne sont pas adapt\u00e9es pour votre style. Durant cette s\u00e9ance, vous ferez une auto-\u00e9valutation pour d\u00e9couvrir votre style naturel de vous organiser. Caroline partagera avec [&hellip;]","og_url":"https:\/\/carolinerochon.com\/fr\/produit\/style-organisationel-auto-evaluation-et-coaching\/","og_site_name":"Caroline Rochon","article_publisher":"https:\/\/www.facebook.com\/CarolineRochonTransformationalTrainer\/","article_modified_time":"2021-03-18T18:41:36+00:00","og_image":[{"url":"https:\/\/carolinerochon.com\/wp-content\/uploads\/2021\/03\/brain-4329864_1920.png","width":1024,"height":731,"type":"image\/png"}],"twitter_card":"summary_large_image","twitter_site":"@lal_gratitude","twitter_misc":{"Dur\u00e9e de lecture estim\u00e9e":"1 minute"},"schema":{"@context":"https:\/\/schema.org","@graph":[{"@type":"WebPage","@id":"https:\/\/carolinerochon.com\/fr\/produit\/style-organisationel-auto-evaluation-et-coaching\/","url":"https:\/\/carolinerochon.com\/fr\/produit\/style-organisationel-auto-evaluation-et-coaching\/","name":"Style organisationel \u2013 Auto-\u00e9valuation et coaching &#8211; Caroline Rochon","isPartOf":{"@id":"https:\/\/carolinerochon.com\/fr\/#website"},"primaryImageOfPage":{"@id":"https:\/\/carolinerochon.com\/fr\/produit\/style-organisationel-auto-evaluation-et-coaching\/#primaryimage"},"image":{"@id":"https:\/\/carolinerochon.com\/fr\/produit\/style-organisationel-auto-evaluation-et-coaching\/#primaryimage"},"thumbnailUrl":"https:\/\/carolinerochon.com\/wp-content\/uploads\/2021\/03\/brain-4329864_1920.png","datePublished":"2021-03-08T20:22:21+00:00","dateModified":"2021-03-18T18:41:36+00:00","breadcrumb":{"@id":"https:\/\/carolinerochon.com\/fr\/produit\/style-organisationel-auto-evaluation-et-coaching\/#breadcrumb"},"inLanguage":"fr-FR","potentialAction":[{"@type":"ReadAction","target":["https:\/\/carolinerochon.com\/fr\/produit\/style-organisationel-auto-evaluation-et-coaching\/"]}]},{"@type":"ImageObject","inLanguage":"fr-FR","@id":"https:\/\/carolinerochon.com\/fr\/produit\/style-organisationel-auto-evaluation-et-coaching\/#primaryimage","url":"https:\/\/carolinerochon.com\/wp-content\/uploads\/2021\/03\/brain-4329864_1920.png","contentUrl":"https:\/\/carolinerochon.com\/wp-content\/uploads\/2021\/03\/brain-4329864_1920.png","width":1920,"height":1371,"caption":"organization style- assessment and coaching"},{"@type":"BreadcrumbList","@id":"https:\/\/carolinerochon.com\/fr\/produit\/style-organisationel-auto-evaluation-et-coaching\/#breadcrumb","itemListElement":[{"@type":"ListItem","position":1,"name":"Home","item":"https:\/\/carolinerochon.com\/fr\/"},{"@type":"ListItem","position":2,"name":"Boutique","item":"https:\/\/carolinerochon.com\/shop\/"},{"@type":"ListItem","position":3,"name":"Style organisationel \u2013 Auto-\u00e9valuation et coaching"}]},{"@type":"WebSite","@id":"https:\/\/carolinerochon.com\/fr\/#website","url":"https:\/\/carolinerochon.com\/fr\/","name":"Caroline Rochon","description":"Training Coaching Formation","publisher":{"@id":"https:\/\/carolinerochon.com\/fr\/#organization"},"potentialAction":[{"@type":"SearchAction","target":{"@type":"EntryPoint","urlTemplate":"https:\/\/carolinerochon.com\/fr\/?s={search_term_string}"},"query-input":{"@type":"PropertyValueSpecification","valueRequired":true,"valueName":"search_term_string"}}],"inLanguage":"fr-FR"},{"@type":"Organization","@id":"https:\/\/carolinerochon.com\/fr\/#organization","name":"Caroline Rochon","url":"https:\/\/carolinerochon.com\/fr\/","logo":{"@type":"ImageObject","inLanguage":"fr-FR","@id":"https:\/\/carolinerochon.com\/fr\/#\/schema\/logo\/image\/","url":"https:\/\/carolinerochon.com\/wp-content\/uploads\/2024\/03\/caroline-rochon-logo-696-x-696-px.png","contentUrl":"https:\/\/carolinerochon.com\/wp-content\/uploads\/2024\/03\/caroline-rochon-logo-696-x-696-px.png","width":696,"height":696,"caption":"Caroline Rochon"},"image":{"@id":"https:\/\/carolinerochon.com\/fr\/#\/schema\/logo\/image\/"},"sameAs":["https:\/\/www.facebook.com\/CarolineRochonTransformationalTrainer\/","https:\/\/x.com\/lal_gratitude","https:\/\/www.instagram.com\/carolinerochonspeakertrainer\/","https:\/\/ca.linkedin.com\/in\/carolinerochonspeaker","https:\/\/www.youtube.com\/user\/CarolineRochon"]}]}},"_links":{"self":[{"href":"https:\/\/carolinerochon.com\/fr\/wp-json\/wp\/v2\/product\/1020","targetHints":{"allow":["GET"]}}],"collection":[{"href":"https:\/\/carolinerochon.com\/fr\/wp-json\/wp\/v2\/product"}],"about":[{"href":"https:\/\/carolinerochon.com\/fr\/wp-json\/wp\/v2\/types\/product"}],"wp:featuredmedia":[{"embeddable":true,"href":"https:\/\/carolinerochon.com\/fr\/wp-json\/wp\/v2\/media\/821"}],"wp:attachment":[{"href":"https:\/\/carolinerochon.com\/fr\/wp-json\/wp\/v2\/media?parent=1020"}],"wp:term":[{"taxonomy":"product_brand","embeddable":true,"href":"https:\/\/carolinerochon.com\/fr\/wp-json\/wp\/v2\/product_brand?post=1020"},{"taxonomy":"product_cat","embeddable":true,"href":"https:\/\/carolinerochon.com\/fr\/wp-json\/wp\/v2\/product_cat?post=1020"},{"taxonomy":"product_tag","embeddable":true,"href":"https:\/\/carolinerochon.com\/fr\/wp-json\/wp\/v2\/product_tag?post=1020"}],"curies":[{"name":"wp","href":"https:\/\/api.w.org\/{rel}","templated":true}]}}