{"id":1016,"date":"2021-03-08T15:21:29","date_gmt":"2021-03-08T20:21:29","guid":{"rendered":"http:\/\/carolinerochon.com\/product\/laser-coaching-inspired-to-action\/"},"modified":"2021-03-18T14:38:38","modified_gmt":"2021-03-18T18:38:38","slug":"coaching-laser-etre-inspire-a-agir","status":"publish","type":"product","link":"https:\/\/carolinerochon.com\/fr\/produit\/coaching-laser-etre-inspire-a-agir\/","title":{"rendered":"Coaching \u00ab laser \u00bb \u2013 \u00catre inspir\u00e9 \u00e0 agir"},"content":{"rendered":"<p>Vous souhaitez \u00eatre inspir\u00e9 \u00e0 agir? Il suffit de prendre rendez vous avec Caroline. Au cours d\u2019une s\u00e9ance de coaching d\u2019une dur\u00e9e de 90 minutes, nous nous pencherons de pr\u00e8s sur les choses \u00e0 faire pour r\u00e9gler une question \u00e9pineuse, vous mettre sur la\u00a0 bonne voie pour r\u00e9aliser votre projet ou votre r\u00eave ou accro\u00eetre votre bien \u00eatre. Vous y verrez plus clair et vous aurez le vent dans les voiles, c\u2019est garanti!<\/p>\n<p>(S\u00e9ance en fran\u00e7ais ou en anglais)<\/p>\n","protected":false},"excerpt":{"rendered":"<p>Vous souhaitez \u00eatre inspir\u00e9 \u00e0 agir? Il suffit de prendre rendez vous avec Caroline. Au cours d\u2019une s\u00e9ance de coaching d\u2019une dur\u00e9e de 90 minutes, nous nous pencherons de pr\u00e8s sur les choses \u00e0 faire pour r\u00e9gler une question \u00e9pineuse, vous mettre sur la\u00a0 bonne voie pour r\u00e9aliser votre projet ou votre r\u00eave ou accro\u00eetre [&hellip;]<\/p>\n","protected":false},"featured_media":667,"template":"","meta":{"_acf_changed":false},"product_brand":[],"product_cat":[38],"product_tag":[],"class_list":{"0":"post-1016","1":"product","2":"type-product","3":"status-publish","4":"has-post-thumbnail","6":"product_cat-outils-de-coaching-et-coaching","8":"first","9":"instock","10":"virtual","11":"taxable","12":"purchasable","13":"product-type-simple"},"acf":[],"yoast_head":"<!-- This site is optimized with the Yoast SEO plugin v25.4 - https:\/\/yoast.com\/wordpress\/plugins\/seo\/ -->\n<title>Coaching \u00ab laser \u00bb \u2013 \u00catre inspir\u00e9 \u00e0 agir &#8211; Caroline Rochon<\/title>\n<meta name=\"robots\" content=\"index, follow, max-snippet:-1, max-image-preview:large, max-video-preview:-1\" \/>\n<link rel=\"canonical\" href=\"https:\/\/carolinerochon.com\/fr\/produit\/coaching-laser-etre-inspire-a-agir\/\" \/>\n<meta property=\"og:locale\" content=\"fr_FR\" \/>\n<meta property=\"og:type\" content=\"article\" \/>\n<meta property=\"og:title\" content=\"Coaching \u00ab laser \u00bb \u2013 \u00catre inspir\u00e9 \u00e0 agir &#8211; Caroline Rochon\" \/>\n<meta property=\"og:description\" content=\"Vous souhaitez \u00eatre inspir\u00e9 \u00e0 agir? Il suffit de prendre rendez vous avec Caroline. Au cours d\u2019une s\u00e9ance de coaching d\u2019une dur\u00e9e de 90 minutes, nous nous pencherons de pr\u00e8s sur les choses \u00e0 faire pour r\u00e9gler une question \u00e9pineuse, vous mettre sur la\u00a0 bonne voie pour r\u00e9aliser votre projet ou votre r\u00eave ou accro\u00eetre [&hellip;]\" \/>\n<meta property=\"og:url\" content=\"https:\/\/carolinerochon.com\/fr\/produit\/coaching-laser-etre-inspire-a-agir\/\" \/>\n<meta property=\"og:site_name\" content=\"Caroline Rochon\" \/>\n<meta property=\"article:publisher\" content=\"https:\/\/www.facebook.com\/CarolineRochonTransformationalTrainer\/\" \/>\n<meta property=\"article:modified_time\" content=\"2021-03-18T18:38:38+00:00\" \/>\n<meta property=\"og:image\" content=\"https:\/\/carolinerochon.com\/wp-content\/uploads\/2020\/12\/Assise.jpg\" \/>\n\t<meta property=\"og:image:width\" content=\"1849\" \/>\n\t<meta property=\"og:image:height\" content=\"2444\" \/>\n\t<meta property=\"og:image:type\" content=\"image\/jpeg\" \/>\n<meta name=\"twitter:card\" content=\"summary_large_image\" \/>\n<meta name=\"twitter:site\" content=\"@lal_gratitude\" \/>\n<script type=\"application\/ld+json\" class=\"yoast-schema-graph\">{\"@context\":\"https:\/\/schema.org\",\"@graph\":[{\"@type\":\"WebPage\",\"@id\":\"https:\/\/carolinerochon.com\/fr\/produit\/coaching-laser-etre-inspire-a-agir\/\",\"url\":\"https:\/\/carolinerochon.com\/fr\/produit\/coaching-laser-etre-inspire-a-agir\/\",\"name\":\"Coaching \u00ab laser \u00bb \u2013 \u00catre inspir\u00e9 \u00e0 agir &#8211; Caroline Rochon\",\"isPartOf\":{\"@id\":\"https:\/\/carolinerochon.com\/fr\/#website\"},\"primaryImageOfPage\":{\"@id\":\"https:\/\/carolinerochon.com\/fr\/produit\/coaching-laser-etre-inspire-a-agir\/#primaryimage\"},\"image\":{\"@id\":\"https:\/\/carolinerochon.com\/fr\/produit\/coaching-laser-etre-inspire-a-agir\/#primaryimage\"},\"thumbnailUrl\":\"https:\/\/carolinerochon.com\/wp-content\/uploads\/2020\/12\/Assise.jpg\",\"datePublished\":\"2021-03-08T20:21:29+00:00\",\"dateModified\":\"2021-03-18T18:38:38+00:00\",\"breadcrumb\":{\"@id\":\"https:\/\/carolinerochon.com\/fr\/produit\/coaching-laser-etre-inspire-a-agir\/#breadcrumb\"},\"inLanguage\":\"fr-FR\",\"potentialAction\":[{\"@type\":\"ReadAction\",\"target\":[\"https:\/\/carolinerochon.com\/fr\/produit\/coaching-laser-etre-inspire-a-agir\/\"]}]},{\"@type\":\"ImageObject\",\"inLanguage\":\"fr-FR\",\"@id\":\"https:\/\/carolinerochon.com\/fr\/produit\/coaching-laser-etre-inspire-a-agir\/#primaryimage\",\"url\":\"https:\/\/carolinerochon.com\/wp-content\/uploads\/2020\/12\/Assise.jpg\",\"contentUrl\":\"https:\/\/carolinerochon.com\/wp-content\/uploads\/2020\/12\/Assise.jpg\",\"width\":1849,\"height\":2444,\"caption\":\"Caroline Rochon business coaching\"},{\"@type\":\"BreadcrumbList\",\"@id\":\"https:\/\/carolinerochon.com\/fr\/produit\/coaching-laser-etre-inspire-a-agir\/#breadcrumb\",\"itemListElement\":[{\"@type\":\"ListItem\",\"position\":1,\"name\":\"Home\",\"item\":\"https:\/\/carolinerochon.com\/fr\/\"},{\"@type\":\"ListItem\",\"position\":2,\"name\":\"Boutique\",\"item\":\"https:\/\/carolinerochon.com\/shop\/\"},{\"@type\":\"ListItem\",\"position\":3,\"name\":\"Coaching \u00ab laser \u00bb \u2013 \u00catre inspir\u00e9 \u00e0 agir\"}]},{\"@type\":\"WebSite\",\"@id\":\"https:\/\/carolinerochon.com\/fr\/#website\",\"url\":\"https:\/\/carolinerochon.com\/fr\/\",\"name\":\"Caroline Rochon\",\"description\":\"Training Coaching Formation\",\"publisher\":{\"@id\":\"https:\/\/carolinerochon.com\/fr\/#organization\"},\"potentialAction\":[{\"@type\":\"SearchAction\",\"target\":{\"@type\":\"EntryPoint\",\"urlTemplate\":\"https:\/\/carolinerochon.com\/fr\/?s={search_term_string}\"},\"query-input\":{\"@type\":\"PropertyValueSpecification\",\"valueRequired\":true,\"valueName\":\"search_term_string\"}}],\"inLanguage\":\"fr-FR\"},{\"@type\":\"Organization\",\"@id\":\"https:\/\/carolinerochon.com\/fr\/#organization\",\"name\":\"Caroline Rochon\",\"url\":\"https:\/\/carolinerochon.com\/fr\/\",\"logo\":{\"@type\":\"ImageObject\",\"inLanguage\":\"fr-FR\",\"@id\":\"https:\/\/carolinerochon.com\/fr\/#\/schema\/logo\/image\/\",\"url\":\"https:\/\/carolinerochon.com\/wp-content\/uploads\/2024\/03\/caroline-rochon-logo-696-x-696-px.png\",\"contentUrl\":\"https:\/\/carolinerochon.com\/wp-content\/uploads\/2024\/03\/caroline-rochon-logo-696-x-696-px.png\",\"width\":696,\"height\":696,\"caption\":\"Caroline Rochon\"},\"image\":{\"@id\":\"https:\/\/carolinerochon.com\/fr\/#\/schema\/logo\/image\/\"},\"sameAs\":[\"https:\/\/www.facebook.com\/CarolineRochonTransformationalTrainer\/\",\"https:\/\/x.com\/lal_gratitude\",\"https:\/\/www.instagram.com\/carolinerochonspeakertrainer\/\",\"https:\/\/ca.linkedin.com\/in\/carolinerochonspeaker\",\"https:\/\/www.youtube.com\/user\/CarolineRochon\"]}]}<\/script>\n<!-- \/ Yoast SEO plugin. -->","yoast_head_json":{"title":"Coaching \u00ab laser \u00bb \u2013 \u00catre inspir\u00e9 \u00e0 agir &#8211; Caroline Rochon","robots":{"index":"index","follow":"follow","max-snippet":"max-snippet:-1","max-image-preview":"max-image-preview:large","max-video-preview":"max-video-preview:-1"},"canonical":"https:\/\/carolinerochon.com\/fr\/produit\/coaching-laser-etre-inspire-a-agir\/","og_locale":"fr_FR","og_type":"article","og_title":"Coaching \u00ab laser \u00bb \u2013 \u00catre inspir\u00e9 \u00e0 agir &#8211; Caroline Rochon","og_description":"Vous souhaitez \u00eatre inspir\u00e9 \u00e0 agir? Il suffit de prendre rendez vous avec Caroline. Au cours d\u2019une s\u00e9ance de coaching d\u2019une dur\u00e9e de 90 minutes, nous nous pencherons de pr\u00e8s sur les choses \u00e0 faire pour r\u00e9gler une question \u00e9pineuse, vous mettre sur la\u00a0 bonne voie pour r\u00e9aliser votre projet ou votre r\u00eave ou accro\u00eetre [&hellip;]","og_url":"https:\/\/carolinerochon.com\/fr\/produit\/coaching-laser-etre-inspire-a-agir\/","og_site_name":"Caroline Rochon","article_publisher":"https:\/\/www.facebook.com\/CarolineRochonTransformationalTrainer\/","article_modified_time":"2021-03-18T18:38:38+00:00","og_image":[{"width":1849,"height":2444,"url":"https:\/\/carolinerochon.com\/wp-content\/uploads\/2020\/12\/Assise.jpg","type":"image\/jpeg"}],"twitter_card":"summary_large_image","twitter_site":"@lal_gratitude","schema":{"@context":"https:\/\/schema.org","@graph":[{"@type":"WebPage","@id":"https:\/\/carolinerochon.com\/fr\/produit\/coaching-laser-etre-inspire-a-agir\/","url":"https:\/\/carolinerochon.com\/fr\/produit\/coaching-laser-etre-inspire-a-agir\/","name":"Coaching \u00ab laser \u00bb \u2013 \u00catre inspir\u00e9 \u00e0 agir &#8211; Caroline Rochon","isPartOf":{"@id":"https:\/\/carolinerochon.com\/fr\/#website"},"primaryImageOfPage":{"@id":"https:\/\/carolinerochon.com\/fr\/produit\/coaching-laser-etre-inspire-a-agir\/#primaryimage"},"image":{"@id":"https:\/\/carolinerochon.com\/fr\/produit\/coaching-laser-etre-inspire-a-agir\/#primaryimage"},"thumbnailUrl":"https:\/\/carolinerochon.com\/wp-content\/uploads\/2020\/12\/Assise.jpg","datePublished":"2021-03-08T20:21:29+00:00","dateModified":"2021-03-18T18:38:38+00:00","breadcrumb":{"@id":"https:\/\/carolinerochon.com\/fr\/produit\/coaching-laser-etre-inspire-a-agir\/#breadcrumb"},"inLanguage":"fr-FR","potentialAction":[{"@type":"ReadAction","target":["https:\/\/carolinerochon.com\/fr\/produit\/coaching-laser-etre-inspire-a-agir\/"]}]},{"@type":"ImageObject","inLanguage":"fr-FR","@id":"https:\/\/carolinerochon.com\/fr\/produit\/coaching-laser-etre-inspire-a-agir\/#primaryimage","url":"https:\/\/carolinerochon.com\/wp-content\/uploads\/2020\/12\/Assise.jpg","contentUrl":"https:\/\/carolinerochon.com\/wp-content\/uploads\/2020\/12\/Assise.jpg","width":1849,"height":2444,"caption":"Caroline Rochon business coaching"},{"@type":"BreadcrumbList","@id":"https:\/\/carolinerochon.com\/fr\/produit\/coaching-laser-etre-inspire-a-agir\/#breadcrumb","itemListElement":[{"@type":"ListItem","position":1,"name":"Home","item":"https:\/\/carolinerochon.com\/fr\/"},{"@type":"ListItem","position":2,"name":"Boutique","item":"https:\/\/carolinerochon.com\/shop\/"},{"@type":"ListItem","position":3,"name":"Coaching \u00ab laser \u00bb \u2013 \u00catre inspir\u00e9 \u00e0 agir"}]},{"@type":"WebSite","@id":"https:\/\/carolinerochon.com\/fr\/#website","url":"https:\/\/carolinerochon.com\/fr\/","name":"Caroline Rochon","description":"Training Coaching Formation","publisher":{"@id":"https:\/\/carolinerochon.com\/fr\/#organization"},"potentialAction":[{"@type":"SearchAction","target":{"@type":"EntryPoint","urlTemplate":"https:\/\/carolinerochon.com\/fr\/?s={search_term_string}"},"query-input":{"@type":"PropertyValueSpecification","valueRequired":true,"valueName":"search_term_string"}}],"inLanguage":"fr-FR"},{"@type":"Organization","@id":"https:\/\/carolinerochon.com\/fr\/#organization","name":"Caroline Rochon","url":"https:\/\/carolinerochon.com\/fr\/","logo":{"@type":"ImageObject","inLanguage":"fr-FR","@id":"https:\/\/carolinerochon.com\/fr\/#\/schema\/logo\/image\/","url":"https:\/\/carolinerochon.com\/wp-content\/uploads\/2024\/03\/caroline-rochon-logo-696-x-696-px.png","contentUrl":"https:\/\/carolinerochon.com\/wp-content\/uploads\/2024\/03\/caroline-rochon-logo-696-x-696-px.png","width":696,"height":696,"caption":"Caroline Rochon"},"image":{"@id":"https:\/\/carolinerochon.com\/fr\/#\/schema\/logo\/image\/"},"sameAs":["https:\/\/www.facebook.com\/CarolineRochonTransformationalTrainer\/","https:\/\/x.com\/lal_gratitude","https:\/\/www.instagram.com\/carolinerochonspeakertrainer\/","https:\/\/ca.linkedin.com\/in\/carolinerochonspeaker","https:\/\/www.youtube.com\/user\/CarolineRochon"]}]}},"_links":{"self":[{"href":"https:\/\/carolinerochon.com\/fr\/wp-json\/wp\/v2\/product\/1016","targetHints":{"allow":["GET"]}}],"collection":[{"href":"https:\/\/carolinerochon.com\/fr\/wp-json\/wp\/v2\/product"}],"about":[{"href":"https:\/\/carolinerochon.com\/fr\/wp-json\/wp\/v2\/types\/product"}],"wp:featuredmedia":[{"embeddable":true,"href":"https:\/\/carolinerochon.com\/fr\/wp-json\/wp\/v2\/media\/667"}],"wp:attachment":[{"href":"https:\/\/carolinerochon.com\/fr\/wp-json\/wp\/v2\/media?parent=1016"}],"wp:term":[{"taxonomy":"product_brand","embeddable":true,"href":"https:\/\/carolinerochon.com\/fr\/wp-json\/wp\/v2\/product_brand?post=1016"},{"taxonomy":"product_cat","embeddable":true,"href":"https:\/\/carolinerochon.com\/fr\/wp-json\/wp\/v2\/product_cat?post=1016"},{"taxonomy":"product_tag","embeddable":true,"href":"https:\/\/carolinerochon.com\/fr\/wp-json\/wp\/v2\/product_tag?post=1016"}],"curies":[{"name":"wp","href":"https:\/\/api.w.org\/{rel}","templated":true}]}}