{"id":1014,"date":"2021-03-08T15:20:20","date_gmt":"2021-03-08T20:20:20","guid":{"rendered":"http:\/\/carolinerochon.com\/product\/rever-sa-vie-et-vivre-son-reve\/"},"modified":"2024-04-02T08:34:50","modified_gmt":"2024-04-02T12:34:50","slug":"rever-sa-vie-et-vivre-son-reve","status":"publish","type":"product","link":"https:\/\/carolinerochon.com\/fr\/produit\/rever-sa-vie-et-vivre-son-reve\/","title":{"rendered":"R\u00eaver sa vie et vivre son r\u00eave"},"content":{"rendered":"<p>Rachel Leduc \u2013 Collection Inspiration. Dans ce livre, on vous invite \u00e0 d\u00e9couvrir le cheminement personnel d\u2019une vingtaine de femmes de c\u0153ur et d\u2019action qui ont os\u00e9 r\u00eaver, oser croire en elle-m\u00eame et en leur r\u00eave. Caroline Rochon signe le pr\u00e9face de cet inspirant ouvrage.<\/p>\n<p>(Fran\u00e7ais)<\/p>\n","protected":false},"excerpt":{"rendered":"<p>Rachel Leduc \u2013 Collection Inspiration. Dans ce livre, on vous invite \u00e0 d\u00e9couvrir le cheminement personnel d\u2019une vingtaine de femmes de c\u0153ur et d\u2019action qui ont os\u00e9 r\u00eaver, oser croire en elle-m\u00eame et en leur r\u00eave. Caroline Rochon signe le pr\u00e9face de cet inspirant ouvrage. (Fran\u00e7ais)<\/p>\n","protected":false},"featured_media":817,"template":"","meta":{"_acf_changed":false},"product_brand":[],"product_cat":[35],"product_tag":[],"class_list":{"0":"post-1014","1":"product","2":"type-product","3":"status-publish","4":"has-post-thumbnail","6":"product_cat-livres-et-lecture","8":"first","9":"instock","10":"taxable","11":"shipping-taxable","12":"purchasable","13":"product-type-simple"},"acf":[],"yoast_head":"<!-- This site is optimized with the Yoast SEO plugin v25.4 - https:\/\/yoast.com\/wordpress\/plugins\/seo\/ -->\n<title>R\u00eaver sa vie et vivre son r\u00eave &#8211; Caroline Rochon<\/title>\n<meta name=\"robots\" content=\"index, follow, max-snippet:-1, max-image-preview:large, max-video-preview:-1\" \/>\n<link rel=\"canonical\" href=\"https:\/\/carolinerochon.com\/fr\/produit\/rever-sa-vie-et-vivre-son-reve\/\" \/>\n<meta property=\"og:locale\" content=\"fr_FR\" \/>\n<meta property=\"og:type\" content=\"article\" \/>\n<meta property=\"og:title\" content=\"R\u00eaver sa vie et vivre son r\u00eave &#8211; Caroline Rochon\" \/>\n<meta property=\"og:description\" content=\"Rachel Leduc \u2013 Collection Inspiration. Dans ce livre, on vous invite \u00e0 d\u00e9couvrir le cheminement personnel d\u2019une vingtaine de femmes de c\u0153ur et d\u2019action qui ont os\u00e9 r\u00eaver, oser croire en elle-m\u00eame et en leur r\u00eave. Caroline Rochon signe le pr\u00e9face de cet inspirant ouvrage. (Fran\u00e7ais)\" \/>\n<meta property=\"og:url\" content=\"https:\/\/carolinerochon.com\/fr\/produit\/rever-sa-vie-et-vivre-son-reve\/\" \/>\n<meta property=\"og:site_name\" content=\"Caroline Rochon\" \/>\n<meta property=\"article:publisher\" content=\"https:\/\/www.facebook.com\/CarolineRochonTransformationalTrainer\/\" \/>\n<meta property=\"article:modified_time\" content=\"2024-04-02T12:34:50+00:00\" \/>\n<meta property=\"og:image\" content=\"https:\/\/carolinerochon.com\/wp-content\/uploads\/2021\/03\/Rever-sa-vie.jpg\" \/>\n\t<meta property=\"og:image:width\" content=\"200\" \/>\n\t<meta property=\"og:image:height\" content=\"301\" \/>\n\t<meta property=\"og:image:type\" content=\"image\/jpeg\" \/>\n<meta name=\"twitter:card\" content=\"summary_large_image\" \/>\n<meta name=\"twitter:site\" content=\"@lal_gratitude\" \/>\n<script type=\"application\/ld+json\" class=\"yoast-schema-graph\">{\"@context\":\"https:\/\/schema.org\",\"@graph\":[{\"@type\":\"WebPage\",\"@id\":\"https:\/\/carolinerochon.com\/fr\/produit\/rever-sa-vie-et-vivre-son-reve\/\",\"url\":\"https:\/\/carolinerochon.com\/fr\/produit\/rever-sa-vie-et-vivre-son-reve\/\",\"name\":\"R\u00eaver sa vie et vivre son r\u00eave &#8211; Caroline Rochon\",\"isPartOf\":{\"@id\":\"https:\/\/carolinerochon.com\/fr\/#website\"},\"primaryImageOfPage\":{\"@id\":\"https:\/\/carolinerochon.com\/fr\/produit\/rever-sa-vie-et-vivre-son-reve\/#primaryimage\"},\"image\":{\"@id\":\"https:\/\/carolinerochon.com\/fr\/produit\/rever-sa-vie-et-vivre-son-reve\/#primaryimage\"},\"thumbnailUrl\":\"https:\/\/carolinerochon.com\/wp-content\/uploads\/2021\/03\/Rever-sa-vie.jpg\",\"datePublished\":\"2021-03-08T20:20:20+00:00\",\"dateModified\":\"2024-04-02T12:34:50+00:00\",\"breadcrumb\":{\"@id\":\"https:\/\/carolinerochon.com\/fr\/produit\/rever-sa-vie-et-vivre-son-reve\/#breadcrumb\"},\"inLanguage\":\"fr-FR\",\"potentialAction\":[{\"@type\":\"ReadAction\",\"target\":[\"https:\/\/carolinerochon.com\/fr\/produit\/rever-sa-vie-et-vivre-son-reve\/\"]}]},{\"@type\":\"ImageObject\",\"inLanguage\":\"fr-FR\",\"@id\":\"https:\/\/carolinerochon.com\/fr\/produit\/rever-sa-vie-et-vivre-son-reve\/#primaryimage\",\"url\":\"https:\/\/carolinerochon.com\/wp-content\/uploads\/2021\/03\/Rever-sa-vie.jpg\",\"contentUrl\":\"https:\/\/carolinerochon.com\/wp-content\/uploads\/2021\/03\/Rever-sa-vie.jpg\",\"width\":200,\"height\":301,\"caption\":\"collection inspiration\"},{\"@type\":\"BreadcrumbList\",\"@id\":\"https:\/\/carolinerochon.com\/fr\/produit\/rever-sa-vie-et-vivre-son-reve\/#breadcrumb\",\"itemListElement\":[{\"@type\":\"ListItem\",\"position\":1,\"name\":\"Home\",\"item\":\"https:\/\/carolinerochon.com\/fr\/\"},{\"@type\":\"ListItem\",\"position\":2,\"name\":\"Boutique\",\"item\":\"https:\/\/carolinerochon.com\/shop\/\"},{\"@type\":\"ListItem\",\"position\":3,\"name\":\"R\u00eaver sa vie et vivre son r\u00eave\"}]},{\"@type\":\"WebSite\",\"@id\":\"https:\/\/carolinerochon.com\/fr\/#website\",\"url\":\"https:\/\/carolinerochon.com\/fr\/\",\"name\":\"Caroline Rochon\",\"description\":\"Training Coaching Formation\",\"publisher\":{\"@id\":\"https:\/\/carolinerochon.com\/fr\/#organization\"},\"potentialAction\":[{\"@type\":\"SearchAction\",\"target\":{\"@type\":\"EntryPoint\",\"urlTemplate\":\"https:\/\/carolinerochon.com\/fr\/?s={search_term_string}\"},\"query-input\":{\"@type\":\"PropertyValueSpecification\",\"valueRequired\":true,\"valueName\":\"search_term_string\"}}],\"inLanguage\":\"fr-FR\"},{\"@type\":\"Organization\",\"@id\":\"https:\/\/carolinerochon.com\/fr\/#organization\",\"name\":\"Caroline Rochon\",\"url\":\"https:\/\/carolinerochon.com\/fr\/\",\"logo\":{\"@type\":\"ImageObject\",\"inLanguage\":\"fr-FR\",\"@id\":\"https:\/\/carolinerochon.com\/fr\/#\/schema\/logo\/image\/\",\"url\":\"https:\/\/carolinerochon.com\/wp-content\/uploads\/2024\/03\/caroline-rochon-logo-696-x-696-px.png\",\"contentUrl\":\"https:\/\/carolinerochon.com\/wp-content\/uploads\/2024\/03\/caroline-rochon-logo-696-x-696-px.png\",\"width\":696,\"height\":696,\"caption\":\"Caroline Rochon\"},\"image\":{\"@id\":\"https:\/\/carolinerochon.com\/fr\/#\/schema\/logo\/image\/\"},\"sameAs\":[\"https:\/\/www.facebook.com\/CarolineRochonTransformationalTrainer\/\",\"https:\/\/x.com\/lal_gratitude\",\"https:\/\/www.instagram.com\/carolinerochonspeakertrainer\/\",\"https:\/\/ca.linkedin.com\/in\/carolinerochonspeaker\",\"https:\/\/www.youtube.com\/user\/CarolineRochon\"]}]}<\/script>\n<!-- \/ Yoast SEO plugin. -->","yoast_head_json":{"title":"R\u00eaver sa vie et vivre son r\u00eave &#8211; Caroline Rochon","robots":{"index":"index","follow":"follow","max-snippet":"max-snippet:-1","max-image-preview":"max-image-preview:large","max-video-preview":"max-video-preview:-1"},"canonical":"https:\/\/carolinerochon.com\/fr\/produit\/rever-sa-vie-et-vivre-son-reve\/","og_locale":"fr_FR","og_type":"article","og_title":"R\u00eaver sa vie et vivre son r\u00eave &#8211; Caroline Rochon","og_description":"Rachel Leduc \u2013 Collection Inspiration. Dans ce livre, on vous invite \u00e0 d\u00e9couvrir le cheminement personnel d\u2019une vingtaine de femmes de c\u0153ur et d\u2019action qui ont os\u00e9 r\u00eaver, oser croire en elle-m\u00eame et en leur r\u00eave. Caroline Rochon signe le pr\u00e9face de cet inspirant ouvrage. (Fran\u00e7ais)","og_url":"https:\/\/carolinerochon.com\/fr\/produit\/rever-sa-vie-et-vivre-son-reve\/","og_site_name":"Caroline Rochon","article_publisher":"https:\/\/www.facebook.com\/CarolineRochonTransformationalTrainer\/","article_modified_time":"2024-04-02T12:34:50+00:00","og_image":[{"width":200,"height":301,"url":"https:\/\/carolinerochon.com\/wp-content\/uploads\/2021\/03\/Rever-sa-vie.jpg","type":"image\/jpeg"}],"twitter_card":"summary_large_image","twitter_site":"@lal_gratitude","schema":{"@context":"https:\/\/schema.org","@graph":[{"@type":"WebPage","@id":"https:\/\/carolinerochon.com\/fr\/produit\/rever-sa-vie-et-vivre-son-reve\/","url":"https:\/\/carolinerochon.com\/fr\/produit\/rever-sa-vie-et-vivre-son-reve\/","name":"R\u00eaver sa vie et vivre son r\u00eave &#8211; Caroline Rochon","isPartOf":{"@id":"https:\/\/carolinerochon.com\/fr\/#website"},"primaryImageOfPage":{"@id":"https:\/\/carolinerochon.com\/fr\/produit\/rever-sa-vie-et-vivre-son-reve\/#primaryimage"},"image":{"@id":"https:\/\/carolinerochon.com\/fr\/produit\/rever-sa-vie-et-vivre-son-reve\/#primaryimage"},"thumbnailUrl":"https:\/\/carolinerochon.com\/wp-content\/uploads\/2021\/03\/Rever-sa-vie.jpg","datePublished":"2021-03-08T20:20:20+00:00","dateModified":"2024-04-02T12:34:50+00:00","breadcrumb":{"@id":"https:\/\/carolinerochon.com\/fr\/produit\/rever-sa-vie-et-vivre-son-reve\/#breadcrumb"},"inLanguage":"fr-FR","potentialAction":[{"@type":"ReadAction","target":["https:\/\/carolinerochon.com\/fr\/produit\/rever-sa-vie-et-vivre-son-reve\/"]}]},{"@type":"ImageObject","inLanguage":"fr-FR","@id":"https:\/\/carolinerochon.com\/fr\/produit\/rever-sa-vie-et-vivre-son-reve\/#primaryimage","url":"https:\/\/carolinerochon.com\/wp-content\/uploads\/2021\/03\/Rever-sa-vie.jpg","contentUrl":"https:\/\/carolinerochon.com\/wp-content\/uploads\/2021\/03\/Rever-sa-vie.jpg","width":200,"height":301,"caption":"collection inspiration"},{"@type":"BreadcrumbList","@id":"https:\/\/carolinerochon.com\/fr\/produit\/rever-sa-vie-et-vivre-son-reve\/#breadcrumb","itemListElement":[{"@type":"ListItem","position":1,"name":"Home","item":"https:\/\/carolinerochon.com\/fr\/"},{"@type":"ListItem","position":2,"name":"Boutique","item":"https:\/\/carolinerochon.com\/shop\/"},{"@type":"ListItem","position":3,"name":"R\u00eaver sa vie et vivre son r\u00eave"}]},{"@type":"WebSite","@id":"https:\/\/carolinerochon.com\/fr\/#website","url":"https:\/\/carolinerochon.com\/fr\/","name":"Caroline Rochon","description":"Training Coaching Formation","publisher":{"@id":"https:\/\/carolinerochon.com\/fr\/#organization"},"potentialAction":[{"@type":"SearchAction","target":{"@type":"EntryPoint","urlTemplate":"https:\/\/carolinerochon.com\/fr\/?s={search_term_string}"},"query-input":{"@type":"PropertyValueSpecification","valueRequired":true,"valueName":"search_term_string"}}],"inLanguage":"fr-FR"},{"@type":"Organization","@id":"https:\/\/carolinerochon.com\/fr\/#organization","name":"Caroline Rochon","url":"https:\/\/carolinerochon.com\/fr\/","logo":{"@type":"ImageObject","inLanguage":"fr-FR","@id":"https:\/\/carolinerochon.com\/fr\/#\/schema\/logo\/image\/","url":"https:\/\/carolinerochon.com\/wp-content\/uploads\/2024\/03\/caroline-rochon-logo-696-x-696-px.png","contentUrl":"https:\/\/carolinerochon.com\/wp-content\/uploads\/2024\/03\/caroline-rochon-logo-696-x-696-px.png","width":696,"height":696,"caption":"Caroline Rochon"},"image":{"@id":"https:\/\/carolinerochon.com\/fr\/#\/schema\/logo\/image\/"},"sameAs":["https:\/\/www.facebook.com\/CarolineRochonTransformationalTrainer\/","https:\/\/x.com\/lal_gratitude","https:\/\/www.instagram.com\/carolinerochonspeakertrainer\/","https:\/\/ca.linkedin.com\/in\/carolinerochonspeaker","https:\/\/www.youtube.com\/user\/CarolineRochon"]}]}},"_links":{"self":[{"href":"https:\/\/carolinerochon.com\/fr\/wp-json\/wp\/v2\/product\/1014","targetHints":{"allow":["GET"]}}],"collection":[{"href":"https:\/\/carolinerochon.com\/fr\/wp-json\/wp\/v2\/product"}],"about":[{"href":"https:\/\/carolinerochon.com\/fr\/wp-json\/wp\/v2\/types\/product"}],"wp:featuredmedia":[{"embeddable":true,"href":"https:\/\/carolinerochon.com\/fr\/wp-json\/wp\/v2\/media\/817"}],"wp:attachment":[{"href":"https:\/\/carolinerochon.com\/fr\/wp-json\/wp\/v2\/media?parent=1014"}],"wp:term":[{"taxonomy":"product_brand","embeddable":true,"href":"https:\/\/carolinerochon.com\/fr\/wp-json\/wp\/v2\/product_brand?post=1014"},{"taxonomy":"product_cat","embeddable":true,"href":"https:\/\/carolinerochon.com\/fr\/wp-json\/wp\/v2\/product_cat?post=1014"},{"taxonomy":"product_tag","embeddable":true,"href":"https:\/\/carolinerochon.com\/fr\/wp-json\/wp\/v2\/product_tag?post=1014"}],"curies":[{"name":"wp","href":"https:\/\/api.w.org\/{rel}","templated":true}]}}