{"id":944,"date":"2021-03-18T11:37:49","date_gmt":"2021-03-18T15:37:49","guid":{"rendered":"http:\/\/carolinerochon.com\/?page_id=944"},"modified":"2024-03-20T11:36:25","modified_gmt":"2024-03-20T15:36:25","slug":"temoignages","status":"publish","type":"page","link":"https:\/\/carolinerochon.com\/fr\/temoignages\/","title":{"rendered":"T\u00e9moignages"},"content":{"rendered":"<div class=\"wpb-content-wrapper\"><p>[vc_row type=\u00a0\u00bbin_grid\u00a0\u00bb el_class=\u00a0\u00bbpage-int-top-row padding-100&Prime;][vc_column width=\u00a0\u00bb1\/6&Prime;][\/vc_column][vc_column width=\u00a0\u00bb2\/3&Prime;][vc_column_text]<\/p>\n<h1 class=\"h1_theme\">T\u00e9moignages<\/h1>\n<p>[\/vc_column_text][vc_column_text el_class=\u00a0\u00bbsmall-title\u00a0\u00bb]ATELIER EN LIEN AVEC LES 5 LANGAGES D\u2019APPR\u00c9CIATION DANS LE MILIEU DE TRAVAIL[\/vc_column_text][vc_column_text]J&rsquo;aimerais que vous sachiez que j&rsquo;ai \u00e9t\u00e9 tr\u00e8s impressionn\u00e9 par la fa\u00e7on dont vous avez pr\u00e9sent\u00e9 le mat\u00e9riel et que vous avez rendu la s\u00e9ance assez int\u00e9ressante. Ce n&rsquo;est pas souvent que j&rsquo;apprends autant d&rsquo;une pr\u00e9sentation. Je sens que je me comprends maintenant un peu mieux, ce qui m&rsquo;a ouvert les yeux. De plus, mieux comprendre mes coll\u00e8gues sera \u00e9galement un atout ici \u00e0 la clinique. Cette pr\u00e9sentation profiterait \u00e0 tout le monde, et si tout le monde appliquait ce concept, quel meilleur endroit ce monde serait! Le monde a besoin de plus de gens comme vous, de gens qui suivent leur passion et changent des vies.<\/p>\n<p><strong>\u2014 Ms Swanlund, Ottawa, Ontario<\/strong>[\/vc_column_text][vc_empty_space][vc_column_text]\u201cL&rsquo;enthousiasme \u00e9tait contagieux. Bien que je sois naturellement sceptique, vous avez pu m&rsquo;entra\u00eener dans la conversation d\u00e8s le d\u00e9but.\u201d[\/vc_column_text][vc_empty_space][vc_column_text]\u201cVous \u00eates inspirante et accessible. Vous trouvez un moyen de faire comprendre aux gens des concepts tr\u00e8s virtuels. Pas un moment ennuyeux dans la journ\u00e9e.\u201d[\/vc_column_text][vc_empty_space][vc_column_text]\u201cJ&rsquo;ai vraiment appr\u00e9ci\u00e9 cette formation &#8211; c&rsquo;\u00e9tait pratique avec des r\u00e9sultats possibles tr\u00e8s atteignables et tangibles &#8211; et cela ne demanderait pas d&rsquo;efforts importants pour mettre en \u0153uvre certaines des id\u00e9es qui pourraient apporter un r\u00e9el changement \u00e0 l&rsquo;organisation.\u201d[\/vc_column_text][vc_empty_space][vc_column_text]\u201cJ&rsquo;ai ador\u00e9! Je le recommande \u00e0 tous les lieux de travail\u201d[\/vc_column_text][vc_empty_space][vc_column_text]\u201cCe travail va changer ma fa\u00e7on d&rsquo;encadrer mon \u00e9quipe. Merci d&rsquo;avoir ouvert un tout nouveau chapitre de ma carri\u00e8re!\u201d[\/vc_column_text][vc_empty_space][vc_column_text]\u201cCaroline est une animatrice \/ formatrice dynamique, passionn\u00e9e et comp\u00e9tente qui a su donner vie au contenu d&rsquo;une mani\u00e8re significative et amusante. C&rsquo;est un atelier que tout gestionnaire souhaitant avoir un impact positif devrait mettre en place pour son \u00e9quipe.\u201d<\/p>\n<p><strong>\u2014 Ben Gray, Gestionnaire, Programmes de mieux \u00eatre et valeurs et \u00e9thiques &#8211; Ressources naturelles Canada<\/strong>[\/vc_column_text][vc_empty_space][vc_column_text el_class=\u00a0\u00bbsmall-title\u00a0\u00bb]COMME COACH EN ENTREPRISE ET FACILITATRICE[\/vc_column_text][vc_column_text]Caroline travaille avec nous depuis quelques ann\u00e9es d\u00e9j\u00e0 et la magie s\u2019est install\u00e9e! \u00c9tant gestionnaire de plusieurs entreprises toujours grandissantes, Caroline a su nous guider dans notre vision et mission d\u2019entreprise. \u00a0Elle sait s\u2019adapter \u00e0 chacune des personnalit\u00e9s de notre entreprise et d\u2019y faire \u00e9merger le meilleur de chacun de nous. C\u2019est une facilitatrice hors pair et elle fait partie int\u00e9grante de nos entreprises. Elle m\u00e8ne nos r\u00e9unions strat\u00e9giques avec brio et sait nous ramener \u00e0 nos objectifs. Ces r\u00e9unions nous font avancer \u00e0 la vitesse grand V et nous permettent de focaliser sur nos priorit\u00e9s!<\/p>\n<p><strong>\u2014 Carole Rochon, Terracube (no relationship)<\/strong>[\/vc_column_text][vc_empty_space][vc_column_text]Je suis honor\u00e9e d&rsquo;\u00eatre coach\u00e9e par Caroline. Elle \u00e9coute, entend, ressent et comprend la vraie essence de qui je suis. En raison de ces dons puissants de l&rsquo;intuition, de perspicacit\u00e9 et encore plus, elle m&rsquo;a aid\u00e9 \u00e0 me d\u00e9couvrir ainsi que le chemin pour atteindre mes objectifs.<\/p>\n<p><strong>\u2014 Lorraine G. (Alberta, Canada)<br \/>\n<\/strong>[\/vc_column_text][vc_empty_space][vc_column_text]Vos conseils et votre enthousiasme ont \u00e9t\u00e9 super appr\u00e9ci\u00e9s. En vous c\u00f4toyant, j&rsquo;ai pu admirer un individu qui fonce. J&rsquo;ai finalement conclu une d\u00e9cision sur ma vie professionnelle qui a \u00e9t\u00e9 bas\u00e9e sur vos commentaires concernant l\u2019h\u00e9sitation des d\u00e9cisions et la sortie de sa zone de confort. Votre \u00e9nergie positive est admirable et un exemple \u00e0 atteindre.<\/p>\n<p><strong>\u2014 \u00c9ric D., HRPO (Alberta, Canada)<br \/>\n<\/strong>[\/vc_column_text][vc_empty_space][vc_column_text el_class=\u00a0\u00bbsmall-title\u00a0\u00bb]ATELIER EN LIEN AVEC LES PRINCIPES DE SUCC\u00c8S ET AUTRES CONF\u00c9RENCES[\/vc_column_text][vc_column_text]Au fil des ans, Caroline a su capter l&rsquo;attention et le respect de mes \u00e9quipes de diverses entreprises. Elle a la capacit\u00e9 de cr\u00e9er instantan\u00e9ment des liens avec son public, leur laissant des outils de travail tangibles en une seule session. Sa passion contagieuse pour la vie illumine la session et ouvre la voie aux participants pour qu&rsquo;ils s&rsquo;engagent profond\u00e9ment avec des r\u00e9sultats durables. Quand j&rsquo;ai besoin de r\u00e9sultats concrets pour le temps et l&rsquo;argent investis dans ces sessions, j&rsquo;appelle Caroline Rochon!<\/p>\n<p><strong>\u2014 Dan Pesko, VP des ventes et de marketing &#8211;\u00a0 Exploria Resorts<br \/>\n<\/strong>[\/vc_column_text][vc_empty_space][vc_column_text]Merci Caroline pour avoir \u00e9merveill\u00e9 nos clients\u2026ton enthousiasme, ta joie de vivre et ton professionnalisme ont fait de ton atelier une r\u00e9ussite totale ! Les participants \u00e9taient attentifs, int\u00e9ress\u00e9s et surtout participatifs tout au long de la conf\u00e9rence\u2026continue de faire de ce que tu fais de si bien et bon succ\u00e8s!<\/p>\n<p><strong>\u2014 St\u00e9phane Beaulieu, Vice-pr\u00e9sident aux ventes Qu\u00e9bec, Genworth Canada<br \/>\n<\/strong>[\/vc_column_text][vc_empty_space][vc_column_text]Au cours de son atelier avec mon \u00e9quipe de vente de 30 personnes, Caroline a r\u00e9ussi \u00e0 capter l\u2019attention d\u2019un groupe difficile, diversifi\u00e9, intelligent et exp\u00e9riment\u00e9.\u00a0 La pi\u00e8ce s\u2019est tout de suite transform\u00e9e en un endroit o\u00f9 l\u2019\u00e9nergie positive s\u2019est traduite en collaboration et en ouverture\u2026 et en beaucoup de rires.<\/p>\n<p>L\u2019atelier comprenait un m\u00e9lange \u00e9quilibr\u00e9 de Principes du succ\u00e8s et d\u2019excellents exercices individuels et de groupe qui \u00e9taient \u00e9nergisants et \u00e9clairants, dans un contexte non mena\u00e7ant pour les participants.<\/p>\n<p>Le r\u00e9sultat a \u00e9t\u00e9 exceptionnel. Les commentaires que j\u2019ai re\u00e7us de l\u2019\u00e9quipe disaient que Caroline les avait amen\u00e9s \u00e0 des endroits \u2013 dans leur coeur, leur t\u00eate, \u00e0 la maison et au travail \u2013 qui pouvaient cr\u00e9er un malaise, et \u00eatre lib\u00e9rateurs et enrichissants, tout \u00e0 la fois.<\/p>\n<p>Caroline parle elle-m\u00eame \u00e0 coeur ouvert \u00e0 son auditoire. Elle apporte d\u2019excellents exemples puis\u00e9s \u00e0 m\u00eame son exp\u00e9rience personnelle. Son style positif, humble et terre \u00e0 terre est tr\u00e8s efficace et rend le mat\u00e9riel utilis\u00e9 tellement plus pertinent pour les participants quand ils r\u00e9fl\u00e9chissent \u00e0 leurs propres besoins ainsi que sur la fa\u00e7on de s\u2019ing\u00e9nier \u00e0 atteindre le bonheur et la r\u00e9ussite personnelle et professionnelle.<\/p>\n<p>Caroline reviendra rencontrer mon \u00e9quipe. Je suis convaincu qu\u2019il y aura un effet \u00e0 long terme de notre qu\u00eate commune pour amener le changement, cr\u00e9er un environnement productif et positif, et ultimement, pour obtenir des r\u00e9sultats d\u2019affaires en transformant nos clients et fournisseurs en \u00ab fans \u00bb inconditionnels.<\/p>\n<p><strong>\u2014 Guy Ragault, Directeur g\u00e9n\u00e9ral, district de la Floride, Arrow Electronics, Inc.<\/strong>[\/vc_column_text][vc_empty_space][vc_column_text]Je tiens \u00e0 te dire combien j\u2019ai appr\u00e9ci\u00e9 ta conf\u00e9rence de jeudi dernier. Ton approche est exceptionnelle, cette fa\u00e7on de nous faire comprendre, r\u00e9aliser le pouvoir de notre attitude et comportement, et l\u2019impact que nous avons sur notre vie. Tu nous fais\u00a0 vivre une exp\u00e9rience physique qui capte notre int\u00e9r\u00eat, c\u2019est une approche gagnante. Merci mille fois.<\/p>\n<p><strong>\u2014 Lorraine Tittley, La Cit\u00e9 des affaires (Ottawa, Ontario)<\/strong>[\/vc_column_text][vc_empty_space][vc_column_text]Qu\u2019il s\u2019agisse d\u2019une pr\u00e9sentation \u00e9ducative ou d\u2019une conf\u00e9rence d\u2019inspiration, j\u2019ai vu Caroline authentique, professionnelle, li\u00e9e \u00e0 son public et surtout g\u00e9n\u00e9reuse pour partager son savoir, ses le\u00e7ons de vie et ses \u00e9motions. Son message est percutant et nous inspire \u00e0 prendre la barre de notre vie! De tout c\u0153ur, merci Caroline.<\/p>\n<p><strong>\u2014 Francine Provost, Propri\u00e9taire, EKIP Training and Consulting (Quebec, Canada)<br \/>\n<\/strong>[\/vc_column_text][vc_empty_space][vc_column_text]MERCI pour cette pr\u00e9sentation! Tu es sans aucun doute la conf\u00e9renci\u00e8re qui a donn\u00e9 une raison, un pourquoi je me suis pr\u00e9sent\u00e9e \u00e0 cette journ\u00e9e de l&rsquo;entrepreneuriat! Si j&rsquo;avais \u00e0 choisir une conf\u00e9renci\u00e8re, une coach ou un mentor \u00e0 suivre, \u00e7a serait certainement une femme comme toi! Tu es inspirante. J&rsquo;en aurais pris pour quelques heures encore!!!<\/p>\n<p><strong>\u2014 Val\u00e9rie (Gatineau, Qu\u00e9bec)<br \/>\n<\/strong>[\/vc_column_text][\/vc_column][vc_column width=\u00a0\u00bb1\/6&Prime;][\/vc_column][\/vc_row][vc_row type=\u00a0\u00bbfull_width\u00a0\u00bb][vc_column]<div class=\"templatera_shortcode\"><div class=\"vc_row wpb_row vc_row-fluid believe-yourself-row padding-100 row-in-grid\"><div class=\"container\"><div class=\"row-in-grid-inner\"><div class=\"wpb_column vc_column_container vc_col-sm-4\"><div class=\"vc_column-inner\"><div class=\"wpb_wrapper\">\n\t<div  class=\"wpb_single_image wpb_content_element vc_align_center\">\n\t\t\n\t\t<figure class=\"wpb_wrapper vc_figure\">\n\t\t\t<div class=\"vc_single_image-wrapper   vc_box_border_grey\"><img loading=\"lazy\" decoding=\"async\" width=\"448\" height=\"389\" src=\"https:\/\/carolinerochon.com\/wp-content\/uploads\/2021\/03\/BRAND-FR.png\" class=\"vc_single_image-img attachment-full\" alt=\"Soyez Inspir\u00e9 \u00e0 Passer \u00e0 l&#039;action\" title=\"BRAND-FR\" \/><\/div>\n\t\t<\/figure>\n\t<\/div>\n<\/div><\/div><\/div><div class=\"wpb_column vc_column_container vc_col-sm-8\"><div class=\"vc_column-inner\"><div class=\"wpb_wrapper\">\n\t<div class=\"wpb_text_column wpb_content_element\" >\n\t\t<div class=\"wpb_wrapper\">\n\t\t\t<h5>Les t\u00e9moignages d\u00e9crivent ce qui a \u00e9t\u00e9 et sont une promesse de ce qui est \u00e0 venir.<br \/>\n\u2013 Ron Kaufman<\/h5>\n\n\t\t<\/div>\n\t<\/div>\n<a href=\"\/fr\/contact\" target=\"_self\" class=\"dist-btn\">Travaillons ensemble<\/a><\/div><\/div><\/div><\/div><\/div><\/div>\r\n<\/div>[\/vc_column][\/vc_row]<\/p>\n<\/div>","protected":false},"excerpt":{"rendered":"T\u00e9moignages ATELIER EN LIEN AVEC LES 5 LANGAGES D\u2019APPR\u00c9CIATION DANS LE MILIEU DE TRAVAIL J'aimerais que vous sachiez que j'ai \u00e9t\u00e9 tr\u00e8s impressionn\u00e9 par la fa\u00e7on dont vous avez pr\u00e9sent\u00e9 le mat\u00e9riel et que vous avez rendu la s\u00e9ance assez int\u00e9ressante. Ce n'est pas souvent que j'apprends autant d'une pr\u00e9sentation. Je sens que je me [...]","protected":false},"author":2,"featured_media":0,"parent":0,"menu_order":0,"comment_status":"closed","ping_status":"closed","template":"","meta":{"_acf_changed":false,"footnotes":""},"class_list":["post-944","page","type-page","status-publish","hentry"],"acf":[],"yoast_head":"<!-- This site is optimized with the Yoast SEO plugin v25.4 - https:\/\/yoast.com\/wordpress\/plugins\/seo\/ -->\n<title>T\u00e9moignages &#8211; Caroline Rochon<\/title>\n<meta name=\"description\" content=\"T\u00e9moignages des services de coaching de Caroline Rochon \u2014 consultante certifi\u00e9e DISC, facilitatrice de renom et coach d&#039;affaires transformatrice.\" \/>\n<meta name=\"robots\" content=\"index, follow, max-snippet:-1, max-image-preview:large, max-video-preview:-1\" \/>\n<link rel=\"canonical\" href=\"https:\/\/carolinerochon.com\/fr\/temoignages\/\" \/>\n<meta property=\"og:locale\" content=\"fr_FR\" \/>\n<meta property=\"og:type\" content=\"article\" \/>\n<meta property=\"og:title\" content=\"T\u00e9moignages &#8211; Caroline Rochon\" \/>\n<meta property=\"og:description\" content=\"T\u00e9moignages des services de coaching de Caroline Rochon \u2014 consultante certifi\u00e9e DISC, facilitatrice de renom et coach d&#039;affaires transformatrice.\" \/>\n<meta property=\"og:url\" content=\"https:\/\/carolinerochon.com\/fr\/temoignages\/\" \/>\n<meta property=\"og:site_name\" content=\"Caroline Rochon\" \/>\n<meta property=\"article:publisher\" content=\"https:\/\/www.facebook.com\/CarolineRochonTransformationalTrainer\/\" \/>\n<meta property=\"article:modified_time\" content=\"2024-03-20T15:36:25+00:00\" \/>\n<meta property=\"og:image\" content=\"https:\/\/carolinerochon.com\/wp-content\/uploads\/2021\/03\/social.png\" \/>\n\t<meta property=\"og:image:width\" content=\"900\" \/>\n\t<meta property=\"og:image:height\" content=\"473\" \/>\n\t<meta property=\"og:image:type\" content=\"image\/png\" \/>\n<meta name=\"twitter:card\" content=\"summary_large_image\" \/>\n<meta name=\"twitter:site\" content=\"@lal_gratitude\" \/>\n<meta name=\"twitter:label1\" content=\"Dur\u00e9e de lecture estim\u00e9e\" \/>\n\t<meta name=\"twitter:data1\" content=\"7 minutes\" \/>\n<script type=\"application\/ld+json\" class=\"yoast-schema-graph\">{\"@context\":\"https:\/\/schema.org\",\"@graph\":[{\"@type\":\"WebPage\",\"@id\":\"https:\/\/carolinerochon.com\/fr\/temoignages\/\",\"url\":\"https:\/\/carolinerochon.com\/fr\/temoignages\/\",\"name\":\"T\u00e9moignages &#8211; Caroline Rochon\",\"isPartOf\":{\"@id\":\"https:\/\/carolinerochon.com\/fr\/#website\"},\"datePublished\":\"2021-03-18T15:37:49+00:00\",\"dateModified\":\"2024-03-20T15:36:25+00:00\",\"description\":\"T\u00e9moignages des services de coaching de Caroline Rochon \u2014 consultante certifi\u00e9e DISC, facilitatrice de renom et coach d'affaires transformatrice.\",\"breadcrumb\":{\"@id\":\"https:\/\/carolinerochon.com\/fr\/temoignages\/#breadcrumb\"},\"inLanguage\":\"fr-FR\",\"potentialAction\":[{\"@type\":\"ReadAction\",\"target\":[\"https:\/\/carolinerochon.com\/fr\/temoignages\/\"]}]},{\"@type\":\"BreadcrumbList\",\"@id\":\"https:\/\/carolinerochon.com\/fr\/temoignages\/#breadcrumb\",\"itemListElement\":[{\"@type\":\"ListItem\",\"position\":1,\"name\":\"Home\",\"item\":\"https:\/\/carolinerochon.com\/fr\/\"},{\"@type\":\"ListItem\",\"position\":2,\"name\":\"T\u00e9moignages\"}]},{\"@type\":\"WebSite\",\"@id\":\"https:\/\/carolinerochon.com\/fr\/#website\",\"url\":\"https:\/\/carolinerochon.com\/fr\/\",\"name\":\"Caroline Rochon\",\"description\":\"Training Coaching Formation\",\"publisher\":{\"@id\":\"https:\/\/carolinerochon.com\/fr\/#organization\"},\"potentialAction\":[{\"@type\":\"SearchAction\",\"target\":{\"@type\":\"EntryPoint\",\"urlTemplate\":\"https:\/\/carolinerochon.com\/fr\/?s={search_term_string}\"},\"query-input\":{\"@type\":\"PropertyValueSpecification\",\"valueRequired\":true,\"valueName\":\"search_term_string\"}}],\"inLanguage\":\"fr-FR\"},{\"@type\":\"Organization\",\"@id\":\"https:\/\/carolinerochon.com\/fr\/#organization\",\"name\":\"Caroline Rochon\",\"url\":\"https:\/\/carolinerochon.com\/fr\/\",\"logo\":{\"@type\":\"ImageObject\",\"inLanguage\":\"fr-FR\",\"@id\":\"https:\/\/carolinerochon.com\/fr\/#\/schema\/logo\/image\/\",\"url\":\"https:\/\/carolinerochon.com\/wp-content\/uploads\/2024\/03\/caroline-rochon-logo-696-x-696-px.png\",\"contentUrl\":\"https:\/\/carolinerochon.com\/wp-content\/uploads\/2024\/03\/caroline-rochon-logo-696-x-696-px.png\",\"width\":696,\"height\":696,\"caption\":\"Caroline Rochon\"},\"image\":{\"@id\":\"https:\/\/carolinerochon.com\/fr\/#\/schema\/logo\/image\/\"},\"sameAs\":[\"https:\/\/www.facebook.com\/CarolineRochonTransformationalTrainer\/\",\"https:\/\/x.com\/lal_gratitude\",\"https:\/\/www.instagram.com\/carolinerochonspeakertrainer\/\",\"https:\/\/ca.linkedin.com\/in\/carolinerochonspeaker\",\"https:\/\/www.youtube.com\/user\/CarolineRochon\"]}]}<\/script>\n<!-- \/ Yoast SEO plugin. -->","yoast_head_json":{"title":"T\u00e9moignages &#8211; Caroline Rochon","description":"T\u00e9moignages des services de coaching de Caroline Rochon \u2014 consultante certifi\u00e9e DISC, facilitatrice de renom et coach d'affaires transformatrice.","robots":{"index":"index","follow":"follow","max-snippet":"max-snippet:-1","max-image-preview":"max-image-preview:large","max-video-preview":"max-video-preview:-1"},"canonical":"https:\/\/carolinerochon.com\/fr\/temoignages\/","og_locale":"fr_FR","og_type":"article","og_title":"T\u00e9moignages &#8211; Caroline Rochon","og_description":"T\u00e9moignages des services de coaching de Caroline Rochon \u2014 consultante certifi\u00e9e DISC, facilitatrice de renom et coach d'affaires transformatrice.","og_url":"https:\/\/carolinerochon.com\/fr\/temoignages\/","og_site_name":"Caroline Rochon","article_publisher":"https:\/\/www.facebook.com\/CarolineRochonTransformationalTrainer\/","article_modified_time":"2024-03-20T15:36:25+00:00","og_image":[{"width":900,"height":473,"url":"https:\/\/carolinerochon.com\/wp-content\/uploads\/2021\/03\/social.png","type":"image\/png"}],"twitter_card":"summary_large_image","twitter_site":"@lal_gratitude","twitter_misc":{"Dur\u00e9e de lecture estim\u00e9e":"7 minutes"},"schema":{"@context":"https:\/\/schema.org","@graph":[{"@type":"WebPage","@id":"https:\/\/carolinerochon.com\/fr\/temoignages\/","url":"https:\/\/carolinerochon.com\/fr\/temoignages\/","name":"T\u00e9moignages &#8211; Caroline Rochon","isPartOf":{"@id":"https:\/\/carolinerochon.com\/fr\/#website"},"datePublished":"2021-03-18T15:37:49+00:00","dateModified":"2024-03-20T15:36:25+00:00","description":"T\u00e9moignages des services de coaching de Caroline Rochon \u2014 consultante certifi\u00e9e DISC, facilitatrice de renom et coach d'affaires transformatrice.","breadcrumb":{"@id":"https:\/\/carolinerochon.com\/fr\/temoignages\/#breadcrumb"},"inLanguage":"fr-FR","potentialAction":[{"@type":"ReadAction","target":["https:\/\/carolinerochon.com\/fr\/temoignages\/"]}]},{"@type":"BreadcrumbList","@id":"https:\/\/carolinerochon.com\/fr\/temoignages\/#breadcrumb","itemListElement":[{"@type":"ListItem","position":1,"name":"Home","item":"https:\/\/carolinerochon.com\/fr\/"},{"@type":"ListItem","position":2,"name":"T\u00e9moignages"}]},{"@type":"WebSite","@id":"https:\/\/carolinerochon.com\/fr\/#website","url":"https:\/\/carolinerochon.com\/fr\/","name":"Caroline Rochon","description":"Training Coaching Formation","publisher":{"@id":"https:\/\/carolinerochon.com\/fr\/#organization"},"potentialAction":[{"@type":"SearchAction","target":{"@type":"EntryPoint","urlTemplate":"https:\/\/carolinerochon.com\/fr\/?s={search_term_string}"},"query-input":{"@type":"PropertyValueSpecification","valueRequired":true,"valueName":"search_term_string"}}],"inLanguage":"fr-FR"},{"@type":"Organization","@id":"https:\/\/carolinerochon.com\/fr\/#organization","name":"Caroline Rochon","url":"https:\/\/carolinerochon.com\/fr\/","logo":{"@type":"ImageObject","inLanguage":"fr-FR","@id":"https:\/\/carolinerochon.com\/fr\/#\/schema\/logo\/image\/","url":"https:\/\/carolinerochon.com\/wp-content\/uploads\/2024\/03\/caroline-rochon-logo-696-x-696-px.png","contentUrl":"https:\/\/carolinerochon.com\/wp-content\/uploads\/2024\/03\/caroline-rochon-logo-696-x-696-px.png","width":696,"height":696,"caption":"Caroline Rochon"},"image":{"@id":"https:\/\/carolinerochon.com\/fr\/#\/schema\/logo\/image\/"},"sameAs":["https:\/\/www.facebook.com\/CarolineRochonTransformationalTrainer\/","https:\/\/x.com\/lal_gratitude","https:\/\/www.instagram.com\/carolinerochonspeakertrainer\/","https:\/\/ca.linkedin.com\/in\/carolinerochonspeaker","https:\/\/www.youtube.com\/user\/CarolineRochon"]}]}},"_links":{"self":[{"href":"https:\/\/carolinerochon.com\/fr\/wp-json\/wp\/v2\/pages\/944","targetHints":{"allow":["GET"]}}],"collection":[{"href":"https:\/\/carolinerochon.com\/fr\/wp-json\/wp\/v2\/pages"}],"about":[{"href":"https:\/\/carolinerochon.com\/fr\/wp-json\/wp\/v2\/types\/page"}],"author":[{"embeddable":true,"href":"https:\/\/carolinerochon.com\/fr\/wp-json\/wp\/v2\/users\/2"}],"replies":[{"embeddable":true,"href":"https:\/\/carolinerochon.com\/fr\/wp-json\/wp\/v2\/comments?post=944"}],"version-history":[{"count":2,"href":"https:\/\/carolinerochon.com\/fr\/wp-json\/wp\/v2\/pages\/944\/revisions"}],"predecessor-version":[{"id":1280,"href":"https:\/\/carolinerochon.com\/fr\/wp-json\/wp\/v2\/pages\/944\/revisions\/1280"}],"wp:attachment":[{"href":"https:\/\/carolinerochon.com\/fr\/wp-json\/wp\/v2\/media?parent=944"}],"curies":[{"name":"wp","href":"https:\/\/api.w.org\/{rel}","templated":true}]}}