{"id":369,"date":"2020-10-02T13:55:49","date_gmt":"2020-10-02T17:55:49","guid":{"rendered":"http:\/\/carolinerochon.com\/transformation\/"},"modified":"2021-03-18T12:12:45","modified_gmt":"2021-03-18T16:12:45","slug":"transformation","status":"publish","type":"page","link":"https:\/\/carolinerochon.com\/fr\/transformation\/","title":{"rendered":"Transformation"},"content":{"rendered":"<div class=\"wpb-content-wrapper\"><p>[vc_row type=\u00a0\u00bbin_grid\u00a0\u00bb el_class=\u00a0\u00bbpage-int-top-row padding-100&Prime;][vc_column width=\u00a0\u00bb1\/2&Prime; el_class=\u00a0\u00bbpage-int-top-text-col\u00a0\u00bb][vc_column_text el_class=\u00a0\u00bbpage-title\u00a0\u00bb]<\/p>\n<h2>Transformation<\/h2>\n<p>[\/vc_column_text][vc_column_text el_class=\u00a0\u00bbsmall-title\u00a0\u00bb]Engendrez des changements durables[\/vc_column_text][vc_column_text]<strong>\u00ab 70 % des initiatives prises en vue d\u2019op\u00e9rer un changement ne r\u00e9ussissent pas. \u00bb McKinsey &amp; Compagnie<\/strong><\/p>\n<p>Le changement et les d\u00e9fis font partie int\u00e9grante de nos vies et de notre milieu de travail. Pourquoi autant d\u2019organisations et de gens trouvent-ils difficiles d\u2019y faire face? C\u2019est parce que la plupart n\u2019ont pas eu l\u2019occasion d\u2019acqu\u00e9rir les habilet\u00e9s fondamentales leur permettant d\u2019accueillir le changement et de relever les d\u00e9fis.<\/p>\n<p>Qu\u2019il s\u2019agisse d\u2019avoir \u00e0 faire face \u00e0 des moments difficiles ou de vouloir atteindre des objectifs, nous avons tous le pouvoir de r\u00e9ussir sur les plans tant personnel que professionnel. En dotant vos employ\u00e9s du pouvoir d\u2019agir gr\u00e2ce \u00e0 la formation sur la transformation, vous leur donnez l\u2019occasion et les moyens de r\u00e9ussir. Les moments personnels d\u2019illumination cr\u00e9ent chez eux une nouvelle perspective et une prise de conscience qui les am\u00e8neront \u00e0 devenir plus engag\u00e9s, plus positifs et plus efficaces. Imaginez l\u2019incidence sur votre organisation, votre \u00e9quipe, votre famille et vous-m\u00eame si vous arriviez \u00e0 mener votre vie de tous les jours en fonction d\u2019un ensemble d\u2019outils et de techniques ayant fait leurs preuves.<\/p>\n<p>La formation et les conf\u00e9rences sur la transformation que pr\u00e9sente Caroline sont fond\u00e9s sur les principes de succ\u00e8s et \u00ab\u00a0The Canfield Methodology\u00a0\u00bb de Jack Canfield. Formateur sur la pens\u00e9e transformationnelle et auteur \u00e0 succ\u00e8s, M.\u00a0Canfield est mieux connu pour sa contribution \u00e0 la s\u00e9rie <em>Bouillon de poulet pour l\u2019\u00e2me<\/em>\u00a9, qui s\u2019est vendue \u00e0 plus de 500\u00a0millions d\u2019exemplaires dans le monde.<\/p>\n<p>En fondant ses conf\u00e9rences et ses ateliers sur l\u2019apprentissage exp\u00e9rientiel, Caroline ne laisse personne indiff\u00e9rent face au pouvoir de chacun d\u2019influer sur l\u2019orientation de sa vie. Cette forme d\u2019apprentissage s\u2019est av\u00e9r\u00e9e efficace et transformationnelle pour tous les participants.[\/vc_column_text][\/vc_column][vc_column width=\u00a0\u00bb1\/2&Prime; el_class=\u00a0\u00bbpage-int-top-img-col\u00a0\u00bb][vc_row_inner type=\u00a0\u00bbfull_width\u00a0\u00bb el_class=\u00a0\u00bbpage-int-text-on-img-row\u00a0\u00bb][vc_column_inner][vc_single_image image=\u00a0\u00bb320&Prime; img_size=\u00a0\u00bbfull\u00a0\u00bb alignment=\u00a0\u00bbcenter\u00a0\u00bb][vc_column_text el_class=\u00a0\u00bbtext-image\u00a0\u00bb]<\/p>\n<h1>\u201d<\/h1>\n<p>La folie, c\u2019est de faire toujours la m\u00eame chose et de s\u2019attendre \u00e0 un r\u00e9sultat diff\u00e9rent.<br \/>\n\u2014 Albert Einstein[\/vc_column_text][\/vc_column_inner][\/vc_row_inner][\/vc_column][\/vc_row][vc_row type=\u00a0\u00bbin_grid\u00a0\u00bb el_class=\u00a0\u00bbfive-language-appreciation-row padding-100&Prime;][vc_column][vc_column_text]<\/p>\n<h2>Bienfaits<\/h2>\n<p>[\/vc_column_text][vc_row_inner type=\u00a0\u00bbfull_width\u00a0\u00bb el_class=\u00a0\u00bbfive-language-appreciation-inner-row\u00a0\u00bb][vc_column_inner width=\u00a0\u00bb1\/2&Prime;][vc_column_text el_class=\u00a0\u00bbsmall-title\u00a0\u00bb]R\u00e9sultats d\u2019apprentissage et avantages[\/vc_column_text][vc_column_text]<\/p>\n<ul>\n<li>Accroissement du sens de l\u2019engagement de la part des employ\u00e9s<\/li>\n<li>Synergie et coh\u00e9sion accrues au sein de l\u2019\u00e9quipe<\/li>\n<li>Capacit\u00e9 de faire face au changement<\/li>\n<li>Augmentation de la productivit\u00e9 et de l\u2019efficacit\u00e9<\/li>\n<li>Am\u00e9lioration de la qualit\u00e9 des relations<\/li>\n<li>Meilleure capacit\u00e9 \u00e0 prendre des d\u00e9cisions<\/li>\n<li>Paroles et pens\u00e9es plus positives<\/li>\n<li>D\u00e9termination \u00e0 atteindre des objectifs sur les plans tant personnel que professionnel<\/li>\n<li>Accroissement du niveau d\u2019\u00e9nergie et de la cr\u00e9ativit\u00e9<\/li>\n<li>Gain chez les employ\u00e9s de la confiance en soi et de l\u2019estime de soi<\/li>\n<\/ul>\n<p>[\/vc_column_text][\/vc_column_inner][vc_column_inner width=\u00a0\u00bb1\/2&Prime;][vc_column_text el_class=\u00a0\u00bbsmall-title\u00a0\u00bb]Sujets abord\u00e9s[\/vc_column_text][vc_column_text]Au cours des s\u00e9ances, des principes du succ\u00e8s adapt\u00e9s \u00e0 vos besoins, \u00e0 vos objectifs et aux d\u00e9fis que vous avez \u00e0 relever vous sont pr\u00e9sent\u00e9s. Ces s\u00e9ances consistent en exercices individuels et de groupe, en discussions de groupe et en jeux de r\u00f4les. Les sujets suivants, entre autres, sont abord\u00e9s\u00a0:<\/p>\n<ul>\n<li>Comment assumer la pleine responsabilit\u00e9 de votre vie personnelle et professionnelle<\/li>\n<li>Comment vous lib\u00e9rer des croyances qui vous limitent<\/li>\n<li>Comment utiliser la r\u00e9troaction \u00e0 votre avantage<\/li>\n<li>Comment accueillir le changement<\/li>\n<li>Comment tirer parti du principe d\u2019imputabilit\u00e9 et respecter sa parole<\/li>\n<li>Comment fixer des objectifs et comprendre le pouvoir qui en d\u00e9coule<\/li>\n<li>Comment passer \u00e0 l\u2019action et aller \u00e0 la rencontre du succ\u00e8s<\/li>\n<li>Comment apprendre \u00e0 \u00ab demander\u00bb, la principale cl\u00e9 du succ\u00e8s<\/li>\n<li>Comment r\u00e9parer les pots cass\u00e9s et terminer les projets nos compl\u00e9t\u00e9s<\/li>\n<li>Comment vous entourer de gens positifs et traiter avec les personnes plus n\u00e9gatives<\/li>\n<li>Comment accro\u00eetre votre estime de soi et celle de votre \u00e9quipe<\/li>\n<\/ul>\n<p>[\/vc_column_text][\/vc_column_inner][\/vc_row_inner][\/vc_column][\/vc_row][vc_row type=\u00a0\u00bbin_grid\u00a0\u00bb el_class=\u00a0\u00bbpage-quote-row padding-100&Prime;][vc_column][vc_column_text el_class=\u00a0\u00bbquote\u00a0\u00bb]\u00ab La plus grande d\u00e9couverte de tous les temps est qu\u2019une personne peut changer son avenir en changeant simplement d\u2019attitude. \u00bb[\/vc_column_text][vc_column_text el_class=\u00a0\u00bbquote-name\u00a0\u00bb]Oprah[\/vc_column_text][\/vc_column][\/vc_row][vc_row type=\u00a0\u00bbfull_width\u00a0\u00bb el_class=\u00a0\u00bbtraining-conference-objective-row padding-100&Prime;][vc_column width=\u00a0\u00bb1\/2&Prime;][vc_single_image image=\u00a0\u00bb555&Prime; img_size=\u00a0\u00bbfull\u00a0\u00bb alignment=\u00a0\u00bbcenter\u00a0\u00bb][\/vc_column][vc_column width=\u00a0\u00bb1\/2&Prime;][vc_column_text]<\/p>\n<h2>Outils d&rsquo;\u00e9valuation<\/h2>\n<p>[\/vc_column_text][vc_column_text]En discutant avec Caroline de vos objectifs, des d\u00e9fis auxquels vous faites face et du th\u00e8me de votre \u00e9v\u00e9nement, vous pourrez d\u00e9terminer quels sont les meilleurs principes du succ\u00e8s \u00e0 inclure dans la formation ou la conf\u00e9rence. Caroline offre aussi un suivi \u00e0 court et \u00e0 long terme afin d\u2019assurer le perfectionnement des acquis.<\/p>\n<p>Caroline est, depuis 2011, une formatrice certifi\u00e9e sur les principes du succ\u00e8s et a aussi eu l\u2019honneur et le privil\u00e8ge de faire partie de l\u2019\u00e9quipe de soutien de Jack Canfield pendant plusieurs ann\u00e9es.[\/vc_column_text][vc_single_image image=\u00a0\u00bb558&Prime; img_size=\u00a0\u00bbfull\u00a0\u00bb alignment=\u00a0\u00bbcenter\u00a0\u00bb][\/vc_column][\/vc_row][vc_row type=\u00a0\u00bbfull_width\u00a0\u00bb][vc_column]<div class=\"templatera_shortcode\"><div class=\"vc_row wpb_row vc_row-fluid believe-yourself-row padding-100 row-in-grid\"><div class=\"container\"><div class=\"row-in-grid-inner\"><div class=\"wpb_column vc_column_container vc_col-sm-4\"><div class=\"vc_column-inner\"><div class=\"wpb_wrapper\">\n\t<div  class=\"wpb_single_image wpb_content_element vc_align_center\">\n\t\t\n\t\t<figure class=\"wpb_wrapper vc_figure\">\n\t\t\t<div class=\"vc_single_image-wrapper   vc_box_border_grey\"><img loading=\"lazy\" decoding=\"async\" width=\"448\" height=\"389\" src=\"https:\/\/carolinerochon.com\/wp-content\/uploads\/2021\/03\/BRAND-FR.png\" class=\"vc_single_image-img attachment-full\" alt=\"Soyez Inspir\u00e9 \u00e0 Passer \u00e0 l&#039;action\" title=\"BRAND-FR\" \/><\/div>\n\t\t<\/figure>\n\t<\/div>\n<\/div><\/div><\/div><div class=\"wpb_column vc_column_container vc_col-sm-8\"><div class=\"vc_column-inner\"><div class=\"wpb_wrapper\">\n\t<div class=\"wpb_text_column wpb_content_element\" >\n\t\t<div class=\"wpb_wrapper\">\n\t\t\t<h5>Sans action, vous avez de l\u2019information, mais pas de transformation.<\/h5>\n\n\t\t<\/div>\n\t<\/div>\n<a href=\"\/fr\/contact\" target=\"_self\" class=\"dist-btn\">Travaillons ensemble<\/a><\/div><\/div><\/div><\/div><\/div><\/div><\/div>[\/vc_column][\/vc_row][vc_row type=\u00a0\u00bbfull_width\u00a0\u00bb el_class=\u00a0\u00bbpage-int-themes\u00a0\u00bb][vc_column]<div class=\"dist-shortcode-container wpb_content_element\"><div class=\"how-i-do-it-inner-row\">\n\t\n\t<div class=\"how-i-do-it hidi-disc\">\n\t\t<div class=\"how-i-do-it-inner\">\n\t\t\t<div class=\"how-i-do-it-content\">\n\t\t\t\t<div class=\"how-i-do-it-text\"><span style=\"font-weight:600;\">DISC<\/span> <br>\u00c9TUDES COMPORTEMENTALES B\u00c2TISSENT DES RELATIONS SOLIDES<\/div>\n\t\t\t<\/div>\n\t\t\t<a class=\"how-i-do-it-lien\" href=\"\/fr\/disc\/\"><\/a>\n\t\t<\/div>\n\t<\/div>\n\t<div class=\"how-i-do-it hidi-appreciation\">\n\t\t<div class=\"how-i-do-it-inner\">\n\t\t\t<div class=\"how-i-do-it-content\">\n\t\t\t\t<div class=\"how-i-do-it-text\"><span style=\"font-weight:600;\">Appr\u00e9ciation<\/span> <br>Cr\u00e9ez de meilleures relations<\/div>\n\t\t\t<\/div>\n\t\t\t<a class=\"how-i-do-it-lien\" href=\"\/fr\/appreciation\/\"><\/a>\n\t\t<\/div>\n\t<\/div>\n\t<div class=\"how-i-do-it hidi-transformation\">\n\t\t<div class=\"how-i-do-it-inner\">\n\t\t\t<div class=\"how-i-do-it-content\">\n\t\t\t\t<div class=\"how-i-do-it-text\"><span style=\"font-weight:600;\">Transformation<\/span> <br>Engendrez un changement r\u00e9ussi<\/div>\n\t\t\t<\/div>\n\t\t\t<a class=\"how-i-do-it-lien\" href=\"\/fr\/transformation\/\"><\/a>\n\t\t<\/div>\n\t<\/div>\n\t<div class=\"how-i-do-it hidi-inspiration\">\n\t\t<div class=\"how-i-do-it-inner\">\n\t\t\t<div class=\"how-i-do-it-content\">\n\t\t\t\t<div class=\"how-i-do-it-text\"><span style=\"font-weight:600;\">Inspiration<\/span> <br>\u00c9veillez le meilleur de chacun<\/div>\n\t\t\t<\/div>\n\t\t\t<a class=\"how-i-do-it-lien\" href=\"\/fr\/inspiration\/\"><\/a>\n\t\t<\/div>\n\t<\/div>\n\t<div class=\"how-i-do-it hidi-organisation\">\n\t\t<div class=\"how-i-do-it-inner\">\n\t\t\t<div class=\"how-i-do-it-content\">\n\t\t\t\t<div class=\"how-i-do-it-text\"><span style=\"font-weight:600;\">Organisation<\/span> <br>Procurez une libert\u00e9<\/div>\n\t\t\t<\/div>\n\t\t\t<a class=\"how-i-do-it-lien\" href=\"\/fr\/organisation\/\"><\/a>\n\t\t<\/div>\n\t<\/div>\n<\/div>\n\n    <\/div>[\/vc_column][\/vc_row]<\/p>\n<\/div>","protected":false},"excerpt":{"rendered":"Transformation Engendrez des changements durables \u00ab 70 % des initiatives prises en vue d\u2019op\u00e9rer un changement ne r\u00e9ussissent pas. \u00bb McKinsey &amp; Compagnie Le changement et les d\u00e9fis font partie int\u00e9grante de nos vies et de notre milieu de travail. Pourquoi autant d\u2019organisations et de gens trouvent-ils difficiles d\u2019y faire face? C\u2019est parce que la [...]","protected":false},"author":2,"featured_media":0,"parent":0,"menu_order":0,"comment_status":"closed","ping_status":"closed","template":"","meta":{"_acf_changed":false,"footnotes":""},"class_list":["post-369","page","type-page","status-publish","hentry"],"acf":[],"yoast_head":"<!-- This site is optimized with the Yoast SEO plugin v25.4 - https:\/\/yoast.com\/wordpress\/plugins\/seo\/ -->\n<title>Transformation &#8211; Caroline Rochon<\/title>\n<meta name=\"description\" content=\"Op\u00e9rez un changement durable avec la formation Transformation de Caroline. Adoptez le changement et relevez les d\u00e9fis efficacement\" \/>\n<meta name=\"robots\" content=\"index, follow, max-snippet:-1, max-image-preview:large, max-video-preview:-1\" \/>\n<link rel=\"canonical\" href=\"https:\/\/carolinerochon.com\/fr\/transformation\/\" \/>\n<meta property=\"og:locale\" content=\"fr_FR\" \/>\n<meta property=\"og:type\" content=\"article\" \/>\n<meta property=\"og:title\" content=\"Transformation &#8211; Caroline Rochon\" \/>\n<meta property=\"og:description\" content=\"Op\u00e9rez un changement durable avec la formation Transformation de Caroline. Adoptez le changement et relevez les d\u00e9fis efficacement\" \/>\n<meta property=\"og:url\" content=\"https:\/\/carolinerochon.com\/fr\/transformation\/\" \/>\n<meta property=\"og:site_name\" content=\"Caroline Rochon\" \/>\n<meta property=\"article:publisher\" content=\"https:\/\/www.facebook.com\/CarolineRochonTransformationalTrainer\/\" \/>\n<meta property=\"article:modified_time\" content=\"2021-03-18T16:12:45+00:00\" \/>\n<meta property=\"og:image\" content=\"https:\/\/carolinerochon.com\/wp-content\/uploads\/2021\/03\/social.png\" \/>\n\t<meta property=\"og:image:width\" content=\"900\" \/>\n\t<meta property=\"og:image:height\" content=\"473\" \/>\n\t<meta property=\"og:image:type\" content=\"image\/png\" \/>\n<meta name=\"twitter:card\" content=\"summary_large_image\" \/>\n<meta name=\"twitter:site\" content=\"@lal_gratitude\" \/>\n<meta name=\"twitter:label1\" content=\"Dur\u00e9e de lecture estim\u00e9e\" \/>\n\t<meta name=\"twitter:data1\" content=\"5 minutes\" \/>\n<script type=\"application\/ld+json\" class=\"yoast-schema-graph\">{\"@context\":\"https:\/\/schema.org\",\"@graph\":[{\"@type\":\"WebPage\",\"@id\":\"https:\/\/carolinerochon.com\/fr\/transformation\/\",\"url\":\"https:\/\/carolinerochon.com\/fr\/transformation\/\",\"name\":\"Transformation &#8211; Caroline Rochon\",\"isPartOf\":{\"@id\":\"https:\/\/carolinerochon.com\/fr\/#website\"},\"datePublished\":\"2020-10-02T17:55:49+00:00\",\"dateModified\":\"2021-03-18T16:12:45+00:00\",\"description\":\"Op\u00e9rez un changement durable avec la formation Transformation de Caroline. Adoptez le changement et relevez les d\u00e9fis efficacement\",\"breadcrumb\":{\"@id\":\"https:\/\/carolinerochon.com\/fr\/transformation\/#breadcrumb\"},\"inLanguage\":\"fr-FR\",\"potentialAction\":[{\"@type\":\"ReadAction\",\"target\":[\"https:\/\/carolinerochon.com\/fr\/transformation\/\"]}]},{\"@type\":\"BreadcrumbList\",\"@id\":\"https:\/\/carolinerochon.com\/fr\/transformation\/#breadcrumb\",\"itemListElement\":[{\"@type\":\"ListItem\",\"position\":1,\"name\":\"Home\",\"item\":\"https:\/\/carolinerochon.com\/fr\/\"},{\"@type\":\"ListItem\",\"position\":2,\"name\":\"Transformation\"}]},{\"@type\":\"WebSite\",\"@id\":\"https:\/\/carolinerochon.com\/fr\/#website\",\"url\":\"https:\/\/carolinerochon.com\/fr\/\",\"name\":\"Caroline Rochon\",\"description\":\"Training Coaching Formation\",\"publisher\":{\"@id\":\"https:\/\/carolinerochon.com\/fr\/#organization\"},\"potentialAction\":[{\"@type\":\"SearchAction\",\"target\":{\"@type\":\"EntryPoint\",\"urlTemplate\":\"https:\/\/carolinerochon.com\/fr\/?s={search_term_string}\"},\"query-input\":{\"@type\":\"PropertyValueSpecification\",\"valueRequired\":true,\"valueName\":\"search_term_string\"}}],\"inLanguage\":\"fr-FR\"},{\"@type\":\"Organization\",\"@id\":\"https:\/\/carolinerochon.com\/fr\/#organization\",\"name\":\"Caroline Rochon\",\"url\":\"https:\/\/carolinerochon.com\/fr\/\",\"logo\":{\"@type\":\"ImageObject\",\"inLanguage\":\"fr-FR\",\"@id\":\"https:\/\/carolinerochon.com\/fr\/#\/schema\/logo\/image\/\",\"url\":\"https:\/\/carolinerochon.com\/wp-content\/uploads\/2024\/03\/caroline-rochon-logo-696-x-696-px.png\",\"contentUrl\":\"https:\/\/carolinerochon.com\/wp-content\/uploads\/2024\/03\/caroline-rochon-logo-696-x-696-px.png\",\"width\":696,\"height\":696,\"caption\":\"Caroline Rochon\"},\"image\":{\"@id\":\"https:\/\/carolinerochon.com\/fr\/#\/schema\/logo\/image\/\"},\"sameAs\":[\"https:\/\/www.facebook.com\/CarolineRochonTransformationalTrainer\/\",\"https:\/\/x.com\/lal_gratitude\",\"https:\/\/www.instagram.com\/carolinerochonspeakertrainer\/\",\"https:\/\/ca.linkedin.com\/in\/carolinerochonspeaker\",\"https:\/\/www.youtube.com\/user\/CarolineRochon\"]}]}<\/script>\n<!-- \/ Yoast SEO plugin. -->","yoast_head_json":{"title":"Transformation &#8211; Caroline Rochon","description":"Op\u00e9rez un changement durable avec la formation Transformation de Caroline. Adoptez le changement et relevez les d\u00e9fis efficacement","robots":{"index":"index","follow":"follow","max-snippet":"max-snippet:-1","max-image-preview":"max-image-preview:large","max-video-preview":"max-video-preview:-1"},"canonical":"https:\/\/carolinerochon.com\/fr\/transformation\/","og_locale":"fr_FR","og_type":"article","og_title":"Transformation &#8211; Caroline Rochon","og_description":"Op\u00e9rez un changement durable avec la formation Transformation de Caroline. Adoptez le changement et relevez les d\u00e9fis efficacement","og_url":"https:\/\/carolinerochon.com\/fr\/transformation\/","og_site_name":"Caroline Rochon","article_publisher":"https:\/\/www.facebook.com\/CarolineRochonTransformationalTrainer\/","article_modified_time":"2021-03-18T16:12:45+00:00","og_image":[{"width":900,"height":473,"url":"https:\/\/carolinerochon.com\/wp-content\/uploads\/2021\/03\/social.png","type":"image\/png"}],"twitter_card":"summary_large_image","twitter_site":"@lal_gratitude","twitter_misc":{"Dur\u00e9e de lecture estim\u00e9e":"5 minutes"},"schema":{"@context":"https:\/\/schema.org","@graph":[{"@type":"WebPage","@id":"https:\/\/carolinerochon.com\/fr\/transformation\/","url":"https:\/\/carolinerochon.com\/fr\/transformation\/","name":"Transformation &#8211; Caroline Rochon","isPartOf":{"@id":"https:\/\/carolinerochon.com\/fr\/#website"},"datePublished":"2020-10-02T17:55:49+00:00","dateModified":"2021-03-18T16:12:45+00:00","description":"Op\u00e9rez un changement durable avec la formation Transformation de Caroline. Adoptez le changement et relevez les d\u00e9fis efficacement","breadcrumb":{"@id":"https:\/\/carolinerochon.com\/fr\/transformation\/#breadcrumb"},"inLanguage":"fr-FR","potentialAction":[{"@type":"ReadAction","target":["https:\/\/carolinerochon.com\/fr\/transformation\/"]}]},{"@type":"BreadcrumbList","@id":"https:\/\/carolinerochon.com\/fr\/transformation\/#breadcrumb","itemListElement":[{"@type":"ListItem","position":1,"name":"Home","item":"https:\/\/carolinerochon.com\/fr\/"},{"@type":"ListItem","position":2,"name":"Transformation"}]},{"@type":"WebSite","@id":"https:\/\/carolinerochon.com\/fr\/#website","url":"https:\/\/carolinerochon.com\/fr\/","name":"Caroline Rochon","description":"Training Coaching Formation","publisher":{"@id":"https:\/\/carolinerochon.com\/fr\/#organization"},"potentialAction":[{"@type":"SearchAction","target":{"@type":"EntryPoint","urlTemplate":"https:\/\/carolinerochon.com\/fr\/?s={search_term_string}"},"query-input":{"@type":"PropertyValueSpecification","valueRequired":true,"valueName":"search_term_string"}}],"inLanguage":"fr-FR"},{"@type":"Organization","@id":"https:\/\/carolinerochon.com\/fr\/#organization","name":"Caroline Rochon","url":"https:\/\/carolinerochon.com\/fr\/","logo":{"@type":"ImageObject","inLanguage":"fr-FR","@id":"https:\/\/carolinerochon.com\/fr\/#\/schema\/logo\/image\/","url":"https:\/\/carolinerochon.com\/wp-content\/uploads\/2024\/03\/caroline-rochon-logo-696-x-696-px.png","contentUrl":"https:\/\/carolinerochon.com\/wp-content\/uploads\/2024\/03\/caroline-rochon-logo-696-x-696-px.png","width":696,"height":696,"caption":"Caroline Rochon"},"image":{"@id":"https:\/\/carolinerochon.com\/fr\/#\/schema\/logo\/image\/"},"sameAs":["https:\/\/www.facebook.com\/CarolineRochonTransformationalTrainer\/","https:\/\/x.com\/lal_gratitude","https:\/\/www.instagram.com\/carolinerochonspeakertrainer\/","https:\/\/ca.linkedin.com\/in\/carolinerochonspeaker","https:\/\/www.youtube.com\/user\/CarolineRochon"]}]}},"_links":{"self":[{"href":"https:\/\/carolinerochon.com\/fr\/wp-json\/wp\/v2\/pages\/369","targetHints":{"allow":["GET"]}}],"collection":[{"href":"https:\/\/carolinerochon.com\/fr\/wp-json\/wp\/v2\/pages"}],"about":[{"href":"https:\/\/carolinerochon.com\/fr\/wp-json\/wp\/v2\/types\/page"}],"author":[{"embeddable":true,"href":"https:\/\/carolinerochon.com\/fr\/wp-json\/wp\/v2\/users\/2"}],"replies":[{"embeddable":true,"href":"https:\/\/carolinerochon.com\/fr\/wp-json\/wp\/v2\/comments?post=369"}],"version-history":[{"count":5,"href":"https:\/\/carolinerochon.com\/fr\/wp-json\/wp\/v2\/pages\/369\/revisions"}],"predecessor-version":[{"id":972,"href":"https:\/\/carolinerochon.com\/fr\/wp-json\/wp\/v2\/pages\/369\/revisions\/972"}],"wp:attachment":[{"href":"https:\/\/carolinerochon.com\/fr\/wp-json\/wp\/v2\/media?parent=369"}],"curies":[{"name":"wp","href":"https:\/\/api.w.org\/{rel}","templated":true}]}}