{"id":365,"date":"2020-10-02T14:37:58","date_gmt":"2020-10-02T18:37:58","guid":{"rendered":"http:\/\/carolinerochon.com\/ressources\/"},"modified":"2024-03-20T11:32:33","modified_gmt":"2024-03-20T15:32:33","slug":"ressources","status":"publish","type":"page","link":"https:\/\/carolinerochon.com\/fr\/ressources\/","title":{"rendered":"Ressources"},"content":{"rendered":"<div class=\"wpb-content-wrapper\"><p>[vc_row type=\u00a0\u00bbin_grid\u00a0\u00bb el_class=\u00a0\u00bbpage-int-top-row padding-100&Prime;][vc_column width=\u00a0\u00bb1\/2&Prime; el_class=\u00a0\u00bbpage-int-top-text-col\u00a0\u00bb][vc_column_text]<\/p>\n<h1 class=\"h1_theme\">Ressources gratuites<\/h1>\n<p>[\/vc_column_text][vc_column_text]Je vous invite \u00e0 d\u00e9couvrir dans cette section des brins d\u2019inspiration, des outils, des listes, des vid\u00e9os, des audio, etc., pleins de ressources gratuites de moi \u00e0 toi. Aucun besoin de me donner en \u00e9change votre courriel, vous avez seulement \u00e0 cliquer sur l\u2019item et il est \u00e0 vous\u2026 facile et gratuit.<\/p>\n<p>Si vous voulez rester inform\u00e9 sur les ajouts \u00e0 cette page, autres nouvelles me concernant ou mon blogue, je vous invite \u00e0 vous abonner \u00e0 ma liste. Vous le faites parce que vous le souhaitez, et non parce que vous \u00eates oblig\u00e9. Vous pouvez le faire au bas de cette page. Merci et au plaisir de rester en contact.[\/vc_column_text][\/vc_column][vc_column width=\u00a0\u00bb1\/2&Prime; el_class=\u00a0\u00bbpage-int-top-img-col\u00a0\u00bb][vc_single_image image=\u00a0\u00bb882&Prime; img_size=\u00a0\u00bbfull\u00a0\u00bb alignment=\u00a0\u00bbcenter\u00a0\u00bb][\/vc_column][\/vc_row][vc_row type=\u00a0\u00bbin_grid\u00a0\u00bb el_class=\u00a0\u00bbsome-of-my-client-row padding-100&Prime;][vc_column][vc_column_text]<\/p>\n<h2>Promesse d\u2019engagement pour une culture bas\u00e9e sur la dignit\u00e9, l&rsquo;appr\u00e9ciation et la positivit\u00e9<\/h2>\n<p>[\/vc_column_text][vc_column_text]Lorsque chaque individu se sent en s\u00e9curit\u00e9, respect\u00e9 et appr\u00e9ci\u00e9, collectivement, cela cr\u00e9e un monde et un milieu de travail aliment\u00e9s par la cr\u00e9ativit\u00e9, l&rsquo;engagement, l&rsquo;efficacit\u00e9, la positivit\u00e9, l&rsquo;innovation, et des r\u00e9sultats qui servent au plus grand bien de tous. Je me sens tr\u00e8s inspir\u00e9e par la promesse que j\u2019ai \u00e9crite, et j\u2019aimerais que vous, votre famille, et votre milieu de travail se joignent \u00e0 moi. Cliquez, lisez et si vous vous sentez \u00e9galement inspir\u00e9, imprimez et signez la promesse. D\u00e9butons un mouvement o\u00f9 nous disons oui \u00e0 un monde de dignit\u00e9, d\u2019appr\u00e9ciation et de positivit\u00e9![\/vc_column_text]<a href=\"\/wp-content\/uploads\/2021\/03\/Promesse-dengagement.pdf\" target=\"_blank\" class=\"dist-btn\">Oui \u00e0 la Dignit\u00e9, l\u2019appr\u00e9ciation et la positivit\u00e9!<\/a>[\/vc_column][\/vc_row][vc_row type=\u00a0\u00bbin_grid\u00a0\u00bb el_class=\u00a0\u00bbressources-practices-favorites-row five-language-appreciation-row padding-100&Prime;][vc_column width=\u00a0\u00bb1\/2&Prime;][vc_column_text]<\/p>\n<h2>Meilleures pratiques et listes<\/h2>\n<p>[\/vc_column_text][vc_column_text]Dans cette section, vous trouverez diff\u00e9rents documents, ressources, listes et meilleures pratiques pour enrichir votre vie.[\/vc_column_text][vc_column_text]<\/p>\n<ul>\n<li><a style=\"color: #bd00ff;\" href=\"\/wp-content\/uploads\/2021\/03\/Astuces-de-te\u0301le\u0301travail.pdf\" target=\"_blank\" rel=\"noopener noreferrer\">Meilleures pratiques pour le t\u00e9l\u00e9travail<\/a> \u2013 Avec les conditions actuelles, nous avons tous besoin de nous adapter. Voici quelques astuces pratiques pour am\u00e9liorer votre exp\u00e9rience de t\u00e9l\u00e9travail.<\/li>\n<li><a style=\"color: #bd00ff;\" href=\"\/wp-content\/uploads\/2021\/03\/Ressources-et-Meilleures-pratiques-organisation.pdf\" target=\"_blank\" rel=\"noopener noreferrer\">Ressources d\u2019organisation<\/a> \u2013 Vous souhaitez vous organiser, voici quelques astuces et suggestions de livres pour vous aider.<\/li>\n<\/ul>\n<p>[\/vc_column_text][\/vc_column][vc_column width=\u00a0\u00bb1\/2&Prime;][vc_column_text]<\/p>\n<h2>Pr\u00e9f\u00e9rences et partages personnels<\/h2>\n<p>[\/vc_column_text][vc_column_text]Dans cette section, je partagerai avec vous des choses que j\u2019affectionne.[\/vc_column_text][vc_column_text]<\/p>\n<ul>\n<li><a style=\"color: #bd00ff;\" href=\"\/wp-content\/uploads\/2021\/03\/Mes-livres-pre\u0301fe\u0301re\u0301s.pdf\" target=\"_blank\" rel=\"noopener noreferrer\">Mes livres pr\u00e9f\u00e9r\u00e9s<\/a> \u2013 Une liste de livres dont je recommande et qui figurent parmi mes pr\u00e9f\u00e9r\u00e9s &#8211; inclure le lien PDF dans le titre.<\/li>\n<li><a style=\"color: #bd00ff;\" href=\"\/wp-content\/uploads\/2021\/03\/Mon-mantra-quotidien.pdf\" target=\"_blank\" rel=\"noopener noreferrer\">Mon mantra quotidien (\u00e9crit)<\/a> \u2013 J\u2019ai \u00e9crit une liste d\u2019intentions en 2013, et depuis, elle est vite devenue mon mantra quotidien. Profitez-en ou inspirez-vous de celle-ci pour \u00e9crire le v\u00f4tre. -inclure le lien PDF dans le titre.<\/li>\n<li><a style=\"color: #bd00ff;\" href=\"\/wp-content\/uploads\/2021\/03\/Mon-mantra-quotidien_Caroline-Rochon.m4a\" target=\"_blank\" rel=\"noopener noreferrer\">Mon mantra quotidien (audio 3m58s)<\/a> \u2013 Profitez-en comme m\u00e9ditation, pour vous donner une voix qui vous enracine et qui vous donne du pouvoir, pour vous apaiser ou vous donner de l\u2019\u00e9nergie.<\/li>\n<\/ul>\n<p>[\/vc_column_text][\/vc_column][\/vc_row][vc_row type=\u00a0\u00bbin_grid\u00a0\u00bb el_class=\u00a0\u00bbvideos-row padding-100&Prime;][vc_column][vc_column_text]<\/p>\n<h2>Vid\u00e9os (Entrevue, Conf\u00e9rence, Autres)<\/h2>\n<p>[\/vc_column_text][vc_column_text]Je partagerai diverses vid\u00e9os de pr\u00e9sentations, d&rsquo;interviews ou de vid\u00e9os personnelles. Pour des vid\u00e9os suppl\u00e9mentaires, veuillez vous abonner \u00e0 ma <a href=\"https:\/\/www.youtube.com\/channel\/UC4ZWi9rYznGO0x9zDDEuFyg\" target=\"_blank\" rel=\"noopener noreferrer\"><span style=\"color: #bd00ff;\">cha\u00eene YouTube<\/span><\/a>.[\/vc_column_text][vc_row_inner type=\u00a0\u00bbfull_width\u00a0\u00bb el_class=\u00a0\u00bbvideos-inner-row\u00a0\u00bb][vc_column_inner width=\u00a0\u00bb1\/2&Prime;][vc_video link=\u00a0\u00bbhttps:\/\/youtu.be\/o9qku4-Y_Z8&Prime; align=\u00a0\u00bbcenter\u00a0\u00bb][vc_column_text]Entrevue \u00e0 l\u2019\u00e9mission L\u2019Informel avec Jean-Fran\u00e7ois Joanisse (TVC Basse-Li\u00e8vre)[\/vc_column_text][\/vc_column_inner][vc_column_inner width=\u00a0\u00bb1\/2&Prime;][vc_video link=\u00a0\u00bbhttps:\/\/youtu.be\/DlVncwYPiCU\u00a0\u00bb align=\u00a0\u00bbcenter\u00a0\u00bb][vc_column_text]Le pouvoir de choisir &#8211; Conf\u00e9rence La Cit\u00e9, Ottawa (ON)<br \/>\n* Avertissement &#8211; Sujet pouvant \u00eatre d\u00e9licat pour certaines personnes.[\/vc_column_text][\/vc_column_inner][\/vc_row_inner][\/vc_column][\/vc_row][vc_row type=\u00a0\u00bbin_grid\u00a0\u00bb el_class=\u00a0\u00bbvideos-row padding-100&Prime;][vc_column][vc_column_text]<\/p>\n<h2>Vid\u00e9os de Nat en Parle Rogers TV<\/h2>\n<p>[\/vc_column_text][vc_column_text]Caroline est une chroniqueuse depuis plusieurs ann\u00e9es \u00e0 l\u2019\u00e9mission de Nat en Parle Rogers TV, voici quelques vid\u00e9os, <a href=\"https:\/\/youtube.com\/playlist?list=PLTdQ2cFM8dFaxweY21pNd8F_RuY75VEcV\" target=\"_blank\" rel=\"noopener noreferrer\"><span style=\"color: #bd00ff;\">voir sa cha\u00eene YouTube<\/span><\/a> pour visionner plus d\u2019une trentaine de chroniques.[\/vc_column_text][vc_row_inner type=\u00a0\u00bbfull_width\u00a0\u00bb el_class=\u00a0\u00bbvideos-inner-row\u00a0\u00bb][vc_column_inner width=\u00a0\u00bb1\/3&Prime;][vc_video link=\u00a0\u00bbhttps:\/\/youtu.be\/qzMZe8k76LE\u00a0\u00bb align=\u00a0\u00bbcenter\u00a0\u00bb][vc_column_text]Caroline discute de la journ\u00e9e mondiale de gentillesse et de son exp\u00e9rience de dignit\u00e9 humaine.[\/vc_column_text][\/vc_column_inner][vc_column_inner width=\u00a0\u00bb1\/3&Prime;][vc_video link=\u00a0\u00bbhttps:\/\/youtu.be\/iNjHCWpmW0U\u00a0\u00bb align=\u00a0\u00bbcenter\u00a0\u00bb][vc_column_text]Caroline discute des diff\u00e9rents types d&rsquo;affirmations et le pouvoir de s&rsquo;affirmer.[\/vc_column_text][\/vc_column_inner][vc_column_inner width=\u00a0\u00bb1\/3&Prime;][vc_video link=\u00a0\u00bbhttps:\/\/youtu.be\/ExfpAQmHUjI\u00a0\u00bb align=\u00a0\u00bbcenter\u00a0\u00bb][vc_column_text]Caroline discute de Bren\u00e9 Brown et \u00e9tablir des limites.[\/vc_column_text][\/vc_column_inner][\/vc_row_inner][\/vc_column][\/vc_row][vc_row type=\u00a0\u00bbfull_width\u00a0\u00bb el_class=\u00a0\u00bbphotos-row padding-100&Prime;][vc_column width=\u00a0\u00bb1\/4&Prime;][vc_single_image image=\u00a0\u00bb304&Prime; img_size=\u00a0\u00bbfull\u00a0\u00bb][\/vc_column][vc_column width=\u00a0\u00bb1\/4&Prime;][vc_single_image image=\u00a0\u00bb303&Prime; img_size=\u00a0\u00bbfull\u00a0\u00bb][\/vc_column][vc_column width=\u00a0\u00bb1\/4&Prime;][vc_single_image image=\u00a0\u00bb302&Prime; img_size=\u00a0\u00bbfull\u00a0\u00bb][\/vc_column][vc_column width=\u00a0\u00bb1\/4&Prime;][vc_single_image image=\u00a0\u00bb301&Prime; img_size=\u00a0\u00bbfull\u00a0\u00bb][\/vc_column][\/vc_row][vc_row type=\u00a0\u00bbfull_width\u00a0\u00bb][vc_column]<div class=\"templatera_shortcode\"><div class=\"vc_row wpb_row vc_row-fluid believe-yourself-row padding-100 row-in-grid\"><div class=\"container\"><div class=\"row-in-grid-inner\"><div class=\"wpb_column vc_column_container vc_col-sm-4\"><div class=\"vc_column-inner\"><div class=\"wpb_wrapper\">\n\t<div  class=\"wpb_single_image wpb_content_element vc_align_center\">\n\t\t\n\t\t<figure class=\"wpb_wrapper vc_figure\">\n\t\t\t<div class=\"vc_single_image-wrapper   vc_box_border_grey\"><img loading=\"lazy\" decoding=\"async\" width=\"448\" height=\"389\" src=\"https:\/\/carolinerochon.com\/wp-content\/uploads\/2021\/03\/BRAND-FR.png\" class=\"vc_single_image-img attachment-full\" alt=\"Soyez Inspir\u00e9 \u00e0 Passer \u00e0 l&#039;action\" title=\"BRAND-FR\" \/><\/div>\n\t\t<\/figure>\n\t<\/div>\n<\/div><\/div><\/div><div class=\"wpb_column vc_column_container vc_col-sm-8\"><div class=\"vc_column-inner\"><div class=\"wpb_wrapper\">\n\t<div class=\"wpb_text_column wpb_content_element\" >\n\t\t<div class=\"wpb_wrapper\">\n\t\t\t<h5>Investir en soi-m\u00eame est une richesse pour soi et pour tous ceux qui nous entourent.<\/h5>\n\n\t\t<\/div>\n\t<\/div>\n<a href=\"\/fr\/contact\" target=\"_self\" class=\"dist-btn\">Travaillons ensemble<\/a><\/div><\/div><\/div><\/div><\/div><\/div><\/div>[\/vc_column][\/vc_row]<\/p>\n<\/div>","protected":false},"excerpt":{"rendered":"Ressources gratuites Je vous invite \u00e0 d\u00e9couvrir dans cette section des brins d\u2019inspiration, des outils, des listes, des vid\u00e9os, des audio, etc., pleins de ressources gratuites de moi \u00e0 toi. Aucun besoin de me donner en \u00e9change votre courriel, vous avez seulement \u00e0 cliquer sur l\u2019item et il est \u00e0 vous\u2026 facile et gratuit. Si [...]","protected":false},"author":2,"featured_media":0,"parent":0,"menu_order":0,"comment_status":"closed","ping_status":"closed","template":"","meta":{"_acf_changed":false,"footnotes":""},"class_list":["post-365","page","type-page","status-publish","hentry"],"acf":[],"yoast_head":"<!-- This site is optimized with the Yoast SEO plugin v25.4 - https:\/\/yoast.com\/wordpress\/plugins\/seo\/ -->\n<title>Ressources &#8211; Caroline Rochon<\/title>\n<meta name=\"description\" content=\"Parcourez les ressources gratuites de Caroline Rochon : organisation, d\u00e9veloppement personnel et \u00e9volution comportementale positive.\" \/>\n<meta name=\"robots\" content=\"index, follow, max-snippet:-1, max-image-preview:large, max-video-preview:-1\" \/>\n<link rel=\"canonical\" href=\"https:\/\/carolinerochon.com\/fr\/ressources\/\" \/>\n<meta property=\"og:locale\" content=\"fr_FR\" \/>\n<meta property=\"og:type\" content=\"article\" \/>\n<meta property=\"og:title\" content=\"Ressources &#8211; Caroline Rochon\" \/>\n<meta property=\"og:description\" content=\"Parcourez les ressources gratuites de Caroline Rochon : organisation, d\u00e9veloppement personnel et \u00e9volution comportementale positive.\" \/>\n<meta property=\"og:url\" content=\"https:\/\/carolinerochon.com\/fr\/ressources\/\" \/>\n<meta property=\"og:site_name\" content=\"Caroline Rochon\" \/>\n<meta property=\"article:publisher\" content=\"https:\/\/www.facebook.com\/CarolineRochonTransformationalTrainer\/\" \/>\n<meta property=\"article:modified_time\" content=\"2024-03-20T15:32:33+00:00\" \/>\n<meta property=\"og:image\" content=\"https:\/\/carolinerochon.com\/wp-content\/uploads\/2021\/03\/social.png\" \/>\n\t<meta property=\"og:image:width\" content=\"900\" \/>\n\t<meta property=\"og:image:height\" content=\"473\" \/>\n\t<meta property=\"og:image:type\" content=\"image\/png\" \/>\n<meta name=\"twitter:card\" content=\"summary_large_image\" \/>\n<meta name=\"twitter:site\" content=\"@lal_gratitude\" \/>\n<meta name=\"twitter:label1\" content=\"Dur\u00e9e de lecture estim\u00e9e\" \/>\n\t<meta name=\"twitter:data1\" content=\"3 minutes\" \/>\n<script type=\"application\/ld+json\" class=\"yoast-schema-graph\">{\"@context\":\"https:\/\/schema.org\",\"@graph\":[{\"@type\":\"WebPage\",\"@id\":\"https:\/\/carolinerochon.com\/fr\/ressources\/\",\"url\":\"https:\/\/carolinerochon.com\/fr\/ressources\/\",\"name\":\"Ressources &#8211; Caroline Rochon\",\"isPartOf\":{\"@id\":\"https:\/\/carolinerochon.com\/fr\/#website\"},\"datePublished\":\"2020-10-02T18:37:58+00:00\",\"dateModified\":\"2024-03-20T15:32:33+00:00\",\"description\":\"Parcourez les ressources gratuites de Caroline Rochon : organisation, d\u00e9veloppement personnel et \u00e9volution comportementale positive.\",\"breadcrumb\":{\"@id\":\"https:\/\/carolinerochon.com\/fr\/ressources\/#breadcrumb\"},\"inLanguage\":\"fr-FR\",\"potentialAction\":[{\"@type\":\"ReadAction\",\"target\":[\"https:\/\/carolinerochon.com\/fr\/ressources\/\"]}]},{\"@type\":\"BreadcrumbList\",\"@id\":\"https:\/\/carolinerochon.com\/fr\/ressources\/#breadcrumb\",\"itemListElement\":[{\"@type\":\"ListItem\",\"position\":1,\"name\":\"Home\",\"item\":\"https:\/\/carolinerochon.com\/fr\/\"},{\"@type\":\"ListItem\",\"position\":2,\"name\":\"Ressources\"}]},{\"@type\":\"WebSite\",\"@id\":\"https:\/\/carolinerochon.com\/fr\/#website\",\"url\":\"https:\/\/carolinerochon.com\/fr\/\",\"name\":\"Caroline Rochon\",\"description\":\"Training Coaching Formation\",\"publisher\":{\"@id\":\"https:\/\/carolinerochon.com\/fr\/#organization\"},\"potentialAction\":[{\"@type\":\"SearchAction\",\"target\":{\"@type\":\"EntryPoint\",\"urlTemplate\":\"https:\/\/carolinerochon.com\/fr\/?s={search_term_string}\"},\"query-input\":{\"@type\":\"PropertyValueSpecification\",\"valueRequired\":true,\"valueName\":\"search_term_string\"}}],\"inLanguage\":\"fr-FR\"},{\"@type\":\"Organization\",\"@id\":\"https:\/\/carolinerochon.com\/fr\/#organization\",\"name\":\"Caroline Rochon\",\"url\":\"https:\/\/carolinerochon.com\/fr\/\",\"logo\":{\"@type\":\"ImageObject\",\"inLanguage\":\"fr-FR\",\"@id\":\"https:\/\/carolinerochon.com\/fr\/#\/schema\/logo\/image\/\",\"url\":\"https:\/\/carolinerochon.com\/wp-content\/uploads\/2024\/03\/caroline-rochon-logo-696-x-696-px.png\",\"contentUrl\":\"https:\/\/carolinerochon.com\/wp-content\/uploads\/2024\/03\/caroline-rochon-logo-696-x-696-px.png\",\"width\":696,\"height\":696,\"caption\":\"Caroline Rochon\"},\"image\":{\"@id\":\"https:\/\/carolinerochon.com\/fr\/#\/schema\/logo\/image\/\"},\"sameAs\":[\"https:\/\/www.facebook.com\/CarolineRochonTransformationalTrainer\/\",\"https:\/\/x.com\/lal_gratitude\",\"https:\/\/www.instagram.com\/carolinerochonspeakertrainer\/\",\"https:\/\/ca.linkedin.com\/in\/carolinerochonspeaker\",\"https:\/\/www.youtube.com\/user\/CarolineRochon\"]}]}<\/script>\n<!-- \/ Yoast SEO plugin. -->","yoast_head_json":{"title":"Ressources &#8211; Caroline Rochon","description":"Parcourez les ressources gratuites de Caroline Rochon : organisation, d\u00e9veloppement personnel et \u00e9volution comportementale positive.","robots":{"index":"index","follow":"follow","max-snippet":"max-snippet:-1","max-image-preview":"max-image-preview:large","max-video-preview":"max-video-preview:-1"},"canonical":"https:\/\/carolinerochon.com\/fr\/ressources\/","og_locale":"fr_FR","og_type":"article","og_title":"Ressources &#8211; Caroline Rochon","og_description":"Parcourez les ressources gratuites de Caroline Rochon : organisation, d\u00e9veloppement personnel et \u00e9volution comportementale positive.","og_url":"https:\/\/carolinerochon.com\/fr\/ressources\/","og_site_name":"Caroline Rochon","article_publisher":"https:\/\/www.facebook.com\/CarolineRochonTransformationalTrainer\/","article_modified_time":"2024-03-20T15:32:33+00:00","og_image":[{"width":900,"height":473,"url":"https:\/\/carolinerochon.com\/wp-content\/uploads\/2021\/03\/social.png","type":"image\/png"}],"twitter_card":"summary_large_image","twitter_site":"@lal_gratitude","twitter_misc":{"Dur\u00e9e de lecture estim\u00e9e":"3 minutes"},"schema":{"@context":"https:\/\/schema.org","@graph":[{"@type":"WebPage","@id":"https:\/\/carolinerochon.com\/fr\/ressources\/","url":"https:\/\/carolinerochon.com\/fr\/ressources\/","name":"Ressources &#8211; Caroline Rochon","isPartOf":{"@id":"https:\/\/carolinerochon.com\/fr\/#website"},"datePublished":"2020-10-02T18:37:58+00:00","dateModified":"2024-03-20T15:32:33+00:00","description":"Parcourez les ressources gratuites de Caroline Rochon : organisation, d\u00e9veloppement personnel et \u00e9volution comportementale positive.","breadcrumb":{"@id":"https:\/\/carolinerochon.com\/fr\/ressources\/#breadcrumb"},"inLanguage":"fr-FR","potentialAction":[{"@type":"ReadAction","target":["https:\/\/carolinerochon.com\/fr\/ressources\/"]}]},{"@type":"BreadcrumbList","@id":"https:\/\/carolinerochon.com\/fr\/ressources\/#breadcrumb","itemListElement":[{"@type":"ListItem","position":1,"name":"Home","item":"https:\/\/carolinerochon.com\/fr\/"},{"@type":"ListItem","position":2,"name":"Ressources"}]},{"@type":"WebSite","@id":"https:\/\/carolinerochon.com\/fr\/#website","url":"https:\/\/carolinerochon.com\/fr\/","name":"Caroline Rochon","description":"Training Coaching Formation","publisher":{"@id":"https:\/\/carolinerochon.com\/fr\/#organization"},"potentialAction":[{"@type":"SearchAction","target":{"@type":"EntryPoint","urlTemplate":"https:\/\/carolinerochon.com\/fr\/?s={search_term_string}"},"query-input":{"@type":"PropertyValueSpecification","valueRequired":true,"valueName":"search_term_string"}}],"inLanguage":"fr-FR"},{"@type":"Organization","@id":"https:\/\/carolinerochon.com\/fr\/#organization","name":"Caroline Rochon","url":"https:\/\/carolinerochon.com\/fr\/","logo":{"@type":"ImageObject","inLanguage":"fr-FR","@id":"https:\/\/carolinerochon.com\/fr\/#\/schema\/logo\/image\/","url":"https:\/\/carolinerochon.com\/wp-content\/uploads\/2024\/03\/caroline-rochon-logo-696-x-696-px.png","contentUrl":"https:\/\/carolinerochon.com\/wp-content\/uploads\/2024\/03\/caroline-rochon-logo-696-x-696-px.png","width":696,"height":696,"caption":"Caroline Rochon"},"image":{"@id":"https:\/\/carolinerochon.com\/fr\/#\/schema\/logo\/image\/"},"sameAs":["https:\/\/www.facebook.com\/CarolineRochonTransformationalTrainer\/","https:\/\/x.com\/lal_gratitude","https:\/\/www.instagram.com\/carolinerochonspeakertrainer\/","https:\/\/ca.linkedin.com\/in\/carolinerochonspeaker","https:\/\/www.youtube.com\/user\/CarolineRochon"]}]}},"_links":{"self":[{"href":"https:\/\/carolinerochon.com\/fr\/wp-json\/wp\/v2\/pages\/365","targetHints":{"allow":["GET"]}}],"collection":[{"href":"https:\/\/carolinerochon.com\/fr\/wp-json\/wp\/v2\/pages"}],"about":[{"href":"https:\/\/carolinerochon.com\/fr\/wp-json\/wp\/v2\/types\/page"}],"author":[{"embeddable":true,"href":"https:\/\/carolinerochon.com\/fr\/wp-json\/wp\/v2\/users\/2"}],"replies":[{"embeddable":true,"href":"https:\/\/carolinerochon.com\/fr\/wp-json\/wp\/v2\/comments?post=365"}],"version-history":[{"count":17,"href":"https:\/\/carolinerochon.com\/fr\/wp-json\/wp\/v2\/pages\/365\/revisions"}],"predecessor-version":[{"id":1279,"href":"https:\/\/carolinerochon.com\/fr\/wp-json\/wp\/v2\/pages\/365\/revisions\/1279"}],"wp:attachment":[{"href":"https:\/\/carolinerochon.com\/fr\/wp-json\/wp\/v2\/media?parent=365"}],"curies":[{"name":"wp","href":"https:\/\/api.w.org\/{rel}","templated":true}]}}