{"id":363,"date":"2020-10-02T13:56:27","date_gmt":"2020-10-02T17:56:27","guid":{"rendered":"http:\/\/carolinerochon.com\/organisation\/"},"modified":"2021-03-18T12:09:56","modified_gmt":"2021-03-18T16:09:56","slug":"organisation","status":"publish","type":"page","link":"https:\/\/carolinerochon.com\/fr\/organisation\/","title":{"rendered":"Organisation"},"content":{"rendered":"<div class=\"wpb-content-wrapper\"><p>[vc_row type=\u00a0\u00bbin_grid\u00a0\u00bb el_class=\u00a0\u00bbpage-int-top-row padding-100&Prime;][vc_column width=\u00a0\u00bb1\/2&Prime; el_class=\u00a0\u00bbpage-int-top-text-col\u00a0\u00bb][vc_column_text el_class=\u00a0\u00bbpage-title\u00a0\u00bb]<\/p>\n<h2>Organisation<\/h2>\n<p>[\/vc_column_text][vc_column_text el_class=\u00a0\u00bbsmall-title\u00a0\u00bb]Procurez une libert\u00e9[\/vc_column_text][vc_column_text]Le <em>Wall Street Journal<\/em> rapporte que les employ\u00e9s de bureau gaspillent en moyenne 40 % de leurs heures de travail. Non pas parce qu\u2019ils ne sont pas intelligents, mais parce qu\u2019on ne leur a jamais enseign\u00e9 comment s\u2019organiser pour faire face \u00e0 la charge de travail et aux exigences croissantes.<\/p>\n<p>Le manque d\u2019organisation est co\u00fbteux en temps et, comme le dit l\u2019adage \u00ab\u00a0le temps, c\u2019est de l\u2019argent\u00a0\u00bb. Mais l\u2019encombrement et le manque d\u2019organisation influent aussi (chose dont on ne tient souvent pas compte) sur notre sant\u00e9 mentale, \u00e9motionnelle, physique et spirituelle, ce qui ne peut qu\u2019avoir une incidence dans notre milieu de travail. Caroline a lutt\u00e9 avec de tels probl\u00e8mes. Disons que l\u2019organisation n\u2019\u00e9tait pas inn\u00e9e chez elle. Ce n\u2019est qu\u2019une fois qu\u2019elle a mieux compris son style d\u2019organisation et qu\u2019elle a acquise les comp\u00e9tences n\u00e9cessaires qu\u2019elle a pu reprendre sa vie en main.<\/p>\n<p>Les 15 ann\u00e9es qu\u2019elle a pass\u00e9es \u00e0 titre d\u2019organisatrice professionnelle lui ont permis d\u2019affiner ses comp\u00e9tences et ses techniques et de les communiquer \u00e0 ses clients et aux participants \u00e0 ses ateliers et conf\u00e9rences. En 2011, Caroline a publi\u00e9 son premier ouvrage intitul\u00e9 <em>Moi et mon d\u00e9sordre \u2013 Confessions et secrets d\u2019une organisatrice professionnelle<\/em>.<\/p>\n<p>Comment passer du d\u00e9sencombrement \u00e0 l\u2019organisation de son espace et de son bureau. Comment apprendre \u00e0 se concentrer sur ses priorit\u00e9s plut\u00f4t que de se demander ce qu\u2019il faut faire ensuite. Comment arriver \u00e0 un sentiment d\u2019accomplissement apr\u00e8s avoir toujours eu l\u2019impression de manquer de temps dans sa journ\u00e9e. Caroline pr\u00e9sente ces questions d\u2019une mani\u00e8re tellement int\u00e9ressante, enrichissante et concr\u00e8te que ceux qui participent \u00e0 ses conf\u00e9rences ou \u00e0 ses formations en ressortent avec un grand d\u00e9sir de s\u2019organiser![\/vc_column_text][\/vc_column][vc_column width=\u00a0\u00bb1\/2&Prime; el_class=\u00a0\u00bbpage-int-top-img-col\u00a0\u00bb][vc_row_inner type=\u00a0\u00bbfull_width\u00a0\u00bb el_class=\u00a0\u00bbpage-int-text-on-img-row\u00a0\u00bb][vc_column_inner][vc_single_image image=\u00a0\u00bb596&Prime; img_size=\u00a0\u00bbfull\u00a0\u00bb alignment=\u00a0\u00bbcenter\u00a0\u00bb][vc_column_text el_class=\u00a0\u00bbtext-image\u00a0\u00bb]<\/p>\n<h1>\u201d<\/h1>\n<p>Pour chaque minute pass\u00e9e en organisation, on gagne une heure.<br \/>\n\u2014 Benjamin Franklin[\/vc_column_text][\/vc_column_inner][\/vc_row_inner][\/vc_column][\/vc_row][vc_row type=\u00a0\u00bbin_grid\u00a0\u00bb el_class=\u00a0\u00bbfive-language-appreciation-row padding-100&Prime;][vc_column][vc_column_text]<\/p>\n<h2>Bienfaits<\/h2>\n<p>[\/vc_column_text][vc_row_inner type=\u00a0\u00bbfull_width\u00a0\u00bb el_class=\u00a0\u00bbfive-language-appreciation-inner-row\u00a0\u00bb][vc_column_inner width=\u00a0\u00bb1\/2&Prime;][vc_column_text el_class=\u00a0\u00bbsmall-title\u00a0\u00bb]R\u00e9sultats d\u2019apprentissage et avantages[\/vc_column_text][vc_column_text]<\/p>\n<ul>\n<li>Am\u00e9lioration de la productivit\u00e9 et de l\u2019efficacit\u00e9<\/li>\n<li>Prise de conscience de l\u2019incidence du manque d\u2019organisation et de l\u2019encombrement<\/li>\n<li>Baisse du niveau de stress et du sentiment d\u2019\u00eatre submerg\u00e9<\/li>\n<li>Esprit plus clair et plus grande cr\u00e9ativit\u00e9<\/li>\n<li>Meilleure compr\u00e9hension du style d\u2019organisation des autres<\/li>\n<li>Accroissement de la confiance en soi, de l\u2019estime de soi et du niveau d\u2019\u00e9nergie<\/li>\n<li>Meilleure capacit\u00e9 \u00e0 prendre des d\u00e9cisions<\/li>\n<li>Capacit\u00e9 \u00e0 d\u00e9l\u00e9guer<\/li>\n<li>Atteinte d\u2019objectifs personnels et professionnels<\/li>\n<li>Meilleure utilisation du temps et de l\u2019espace<\/li>\n<\/ul>\n<p>[\/vc_column_text][\/vc_column_inner][vc_column_inner width=\u00a0\u00bb1\/2&Prime;][vc_column_text el_class=\u00a0\u00bbsmall-title\u00a0\u00bb]Sujets abord\u00e9s[\/vc_column_text][vc_column_text]<\/p>\n<ul>\n<li>Comment d\u00e9terminer votre style d\u2019organisation et comprendre celui des autres<\/li>\n<li>Comment g\u00e9rer votre temps et vos priorit\u00e9s<\/li>\n<li>Comment g\u00e9rer efficacement l\u2019information sous diverses formes<\/li>\n<li>Comment organiser votre bureau de mani\u00e8re \u00e0 l\u2019adapter \u00e0 vos besoins<\/li>\n<li>Comment d\u00e9sencombrer en vue de s\u2019organiser<\/li>\n<li>Comment fixer des objectifs<\/li>\n<\/ul>\n<p>[\/vc_column_text][\/vc_column_inner][\/vc_row_inner][\/vc_column][\/vc_row][vc_row type=\u00a0\u00bbin_grid\u00a0\u00bb el_class=\u00a0\u00bbpage-quote-row padding-100&Prime;][vc_column][vc_column_text el_class=\u00a0\u00bbquote\u00a0\u00bb]\u00catre organis\u00e9, ce n\u2019est pas seulement \u00e9tablir une liste de choses \u00e0 faire et classer ses papiers, c\u2019est une fa\u00e7on d\u2019\u00eatre, d\u2019agir et de recevoir. Il ne s\u2019agit pas de modifier votre personnalit\u00e9, mais bien d\u2019adopter des habitudes qui lui conviennent.[\/vc_column_text][vc_column_text el_class=\u00a0\u00bbquote-name\u00a0\u00bb]Caroline Rochon[\/vc_column_text][\/vc_column][\/vc_row][vc_row type=\u00a0\u00bbfull_width\u00a0\u00bb el_class=\u00a0\u00bbtraining-conference-objective-row padding-100&Prime;][vc_column width=\u00a0\u00bb1\/2&Prime;][vc_single_image image=\u00a0\u00bb876&Prime; img_size=\u00a0\u00bbfull\u00a0\u00bb alignment=\u00a0\u00bbcenter\u00a0\u00bb][\/vc_column][vc_column width=\u00a0\u00bb1\/2&Prime;][vc_column_text]<\/p>\n<h2>Outils d&rsquo;\u00e9valuation<\/h2>\n<p>[\/vc_column_text][vc_column_text]Caroline est une organisatrice professionnelle form\u00e9e et membre d\u2019Organisateurs professionnels au Canada (OPC) depuis 2005. Elle a atteint le statut de membre \u00ab Feuille d\u2019or \u00bb, un membre ayant au moins 10 ann\u00e9es d\u2019exp\u00e9rience cons\u00e9cutives au sein des OPC et ayant accumul\u00e9 100 points de service pour sa contribution au succ\u00e8s de l\u2019organisation et du secteur dans son ensemble. Elle est \u00e9galement porte-parole des OPC depuis 2015.<\/p>\n<p>Caroline a \u00e9labor\u00e9 un outil d\u2019auto-\u00e9valuation qui aide les gens \u00e0 mieux comprendre leur style d\u2019organisation et celui des autres. Les r\u00e9sultats de cette \u00e9valuation sont tr\u00e8s r\u00e9v\u00e9lateurs pour la plupart et suscitent un dialogue qui les am\u00e8ne \u00e0 avoir un plus grand respect et une plus grande appr\u00e9ciation pour les autres.[\/vc_column_text][vc_row_inner type=\u00a0\u00bbfull_width\u00a0\u00bb][vc_column_inner width=\u00a0\u00bb1\/2&Prime;][vc_single_image image=\u00a0\u00bb587&Prime; img_size=\u00a0\u00bbfull\u00a0\u00bb alignment=\u00a0\u00bbcenter\u00a0\u00bb][\/vc_column_inner][vc_column_inner width=\u00a0\u00bb1\/2&Prime;][vc_single_image image=\u00a0\u00bb592&Prime; img_size=\u00a0\u00bbfull\u00a0\u00bb alignment=\u00a0\u00bbcenter\u00a0\u00bb][\/vc_column_inner][\/vc_row_inner][\/vc_column][\/vc_row][vc_row type=\u00a0\u00bbfull_width\u00a0\u00bb][vc_column]<div class=\"templatera_shortcode\"><div class=\"vc_row wpb_row vc_row-fluid believe-yourself-row padding-100 row-in-grid\"><div class=\"container\"><div class=\"row-in-grid-inner\"><div class=\"wpb_column vc_column_container vc_col-sm-4\"><div class=\"vc_column-inner\"><div class=\"wpb_wrapper\">\n\t<div  class=\"wpb_single_image wpb_content_element vc_align_center\">\n\t\t\n\t\t<figure class=\"wpb_wrapper vc_figure\">\n\t\t\t<div class=\"vc_single_image-wrapper   vc_box_border_grey\"><img loading=\"lazy\" decoding=\"async\" width=\"448\" height=\"389\" src=\"https:\/\/carolinerochon.com\/wp-content\/uploads\/2021\/03\/BRAND-FR.png\" class=\"vc_single_image-img attachment-full\" alt=\"Soyez Inspir\u00e9 \u00e0 Passer \u00e0 l&#039;action\" title=\"BRAND-FR\" \/><\/div>\n\t\t<\/figure>\n\t<\/div>\n<\/div><\/div><\/div><div class=\"wpb_column vc_column_container vc_col-sm-8\"><div class=\"vc_column-inner\"><div class=\"wpb_wrapper\">\n\t<div class=\"wpb_text_column wpb_content_element\" >\n\t\t<div class=\"wpb_wrapper\">\n\t\t\t<h5>Passez du gaspillage \u00e0 une utilisation fructueuse avec votre espace, de votre temps et de votre \u00e9nergie!<\/h5>\n\n\t\t<\/div>\n\t<\/div>\n<a href=\"\/fr\/contact\" target=\"_self\" class=\"dist-btn\">Travaillons ensemble<\/a><\/div><\/div><\/div><\/div><\/div><\/div><\/div>[\/vc_column][\/vc_row][vc_row type=\u00a0\u00bbfull_width\u00a0\u00bb el_class=\u00a0\u00bbpage-int-themes\u00a0\u00bb][vc_column]<div class=\"dist-shortcode-container wpb_content_element\"><div class=\"how-i-do-it-inner-row\">\n\t\n\t<div class=\"how-i-do-it hidi-disc\">\n\t\t<div class=\"how-i-do-it-inner\">\n\t\t\t<div class=\"how-i-do-it-content\">\n\t\t\t\t<div class=\"how-i-do-it-text\"><span style=\"font-weight:600;\">DISC<\/span> <br>\u00c9TUDES COMPORTEMENTALES B\u00c2TISSENT DES RELATIONS SOLIDES<\/div>\n\t\t\t<\/div>\n\t\t\t<a class=\"how-i-do-it-lien\" href=\"\/fr\/disc\/\"><\/a>\n\t\t<\/div>\n\t<\/div>\n\t<div class=\"how-i-do-it hidi-appreciation\">\n\t\t<div class=\"how-i-do-it-inner\">\n\t\t\t<div class=\"how-i-do-it-content\">\n\t\t\t\t<div class=\"how-i-do-it-text\"><span style=\"font-weight:600;\">Appr\u00e9ciation<\/span> <br>Cr\u00e9ez de meilleures relations<\/div>\n\t\t\t<\/div>\n\t\t\t<a class=\"how-i-do-it-lien\" href=\"\/fr\/appreciation\/\"><\/a>\n\t\t<\/div>\n\t<\/div>\n\t<div class=\"how-i-do-it hidi-transformation\">\n\t\t<div class=\"how-i-do-it-inner\">\n\t\t\t<div class=\"how-i-do-it-content\">\n\t\t\t\t<div class=\"how-i-do-it-text\"><span style=\"font-weight:600;\">Transformation<\/span> <br>Engendrez un changement r\u00e9ussi<\/div>\n\t\t\t<\/div>\n\t\t\t<a class=\"how-i-do-it-lien\" href=\"\/fr\/transformation\/\"><\/a>\n\t\t<\/div>\n\t<\/div>\n\t<div class=\"how-i-do-it hidi-inspiration\">\n\t\t<div class=\"how-i-do-it-inner\">\n\t\t\t<div class=\"how-i-do-it-content\">\n\t\t\t\t<div class=\"how-i-do-it-text\"><span style=\"font-weight:600;\">Inspiration<\/span> <br>\u00c9veillez le meilleur de chacun<\/div>\n\t\t\t<\/div>\n\t\t\t<a class=\"how-i-do-it-lien\" href=\"\/fr\/inspiration\/\"><\/a>\n\t\t<\/div>\n\t<\/div>\n\t<div class=\"how-i-do-it hidi-organisation\">\n\t\t<div class=\"how-i-do-it-inner\">\n\t\t\t<div class=\"how-i-do-it-content\">\n\t\t\t\t<div class=\"how-i-do-it-text\"><span style=\"font-weight:600;\">Organisation<\/span> <br>Procurez une libert\u00e9<\/div>\n\t\t\t<\/div>\n\t\t\t<a class=\"how-i-do-it-lien\" href=\"\/fr\/organisation\/\"><\/a>\n\t\t<\/div>\n\t<\/div>\n<\/div>\n\n    <\/div>[\/vc_column][\/vc_row]<\/p>\n<\/div>","protected":false},"excerpt":{"rendered":"Organisation Procurez une libert\u00e9 Le Wall Street Journal rapporte que les employ\u00e9s de bureau gaspillent en moyenne 40 % de leurs heures de travail. Non pas parce qu\u2019ils ne sont pas intelligents, mais parce qu\u2019on ne leur a jamais enseign\u00e9 comment s\u2019organiser pour faire face \u00e0 la charge de travail et aux exigences croissantes. Le [...]","protected":false},"author":2,"featured_media":0,"parent":0,"menu_order":0,"comment_status":"closed","ping_status":"closed","template":"","meta":{"_acf_changed":false,"footnotes":""},"class_list":["post-363","page","type-page","status-publish","hentry"],"acf":[],"yoast_head":"<!-- This site is optimized with the Yoast SEO plugin v25.4 - https:\/\/yoast.com\/wordpress\/plugins\/seo\/ -->\n<title>Organisation &#8211; Caroline Rochon<\/title>\n<meta name=\"description\" content=\"Optimisez votre efficacit\u00e9 et lib\u00e9rez-vous avec les ateliers et pr\u00e9sentations d&#039;organisation de Caroline Rochon, con\u00e7us pour productivit\u00e9 et clart\u00e9.\" \/>\n<meta name=\"robots\" content=\"index, follow, max-snippet:-1, max-image-preview:large, max-video-preview:-1\" \/>\n<link rel=\"canonical\" href=\"https:\/\/carolinerochon.com\/fr\/organisation\/\" \/>\n<meta property=\"og:locale\" content=\"fr_FR\" \/>\n<meta property=\"og:type\" content=\"article\" \/>\n<meta property=\"og:title\" content=\"Organisation &#8211; Caroline Rochon\" \/>\n<meta property=\"og:description\" content=\"Optimisez votre efficacit\u00e9 et lib\u00e9rez-vous avec les ateliers et pr\u00e9sentations d&#039;organisation de Caroline Rochon, con\u00e7us pour productivit\u00e9 et clart\u00e9.\" \/>\n<meta property=\"og:url\" content=\"https:\/\/carolinerochon.com\/fr\/organisation\/\" \/>\n<meta property=\"og:site_name\" content=\"Caroline Rochon\" \/>\n<meta property=\"article:publisher\" content=\"https:\/\/www.facebook.com\/CarolineRochonTransformationalTrainer\/\" \/>\n<meta property=\"article:modified_time\" content=\"2021-03-18T16:09:56+00:00\" \/>\n<meta property=\"og:image\" content=\"https:\/\/carolinerochon.com\/wp-content\/uploads\/2021\/03\/social.png\" \/>\n\t<meta property=\"og:image:width\" content=\"900\" \/>\n\t<meta property=\"og:image:height\" content=\"473\" \/>\n\t<meta property=\"og:image:type\" content=\"image\/png\" \/>\n<meta name=\"twitter:card\" content=\"summary_large_image\" \/>\n<meta name=\"twitter:site\" content=\"@lal_gratitude\" \/>\n<meta name=\"twitter:label1\" content=\"Dur\u00e9e de lecture estim\u00e9e\" \/>\n\t<meta name=\"twitter:data1\" content=\"5 minutes\" \/>\n<script type=\"application\/ld+json\" class=\"yoast-schema-graph\">{\"@context\":\"https:\/\/schema.org\",\"@graph\":[{\"@type\":\"WebPage\",\"@id\":\"https:\/\/carolinerochon.com\/fr\/organisation\/\",\"url\":\"https:\/\/carolinerochon.com\/fr\/organisation\/\",\"name\":\"Organisation &#8211; Caroline Rochon\",\"isPartOf\":{\"@id\":\"https:\/\/carolinerochon.com\/fr\/#website\"},\"datePublished\":\"2020-10-02T17:56:27+00:00\",\"dateModified\":\"2021-03-18T16:09:56+00:00\",\"description\":\"Optimisez votre efficacit\u00e9 et lib\u00e9rez-vous avec les ateliers et pr\u00e9sentations d'organisation de Caroline Rochon, con\u00e7us pour productivit\u00e9 et clart\u00e9.\",\"breadcrumb\":{\"@id\":\"https:\/\/carolinerochon.com\/fr\/organisation\/#breadcrumb\"},\"inLanguage\":\"fr-FR\",\"potentialAction\":[{\"@type\":\"ReadAction\",\"target\":[\"https:\/\/carolinerochon.com\/fr\/organisation\/\"]}]},{\"@type\":\"BreadcrumbList\",\"@id\":\"https:\/\/carolinerochon.com\/fr\/organisation\/#breadcrumb\",\"itemListElement\":[{\"@type\":\"ListItem\",\"position\":1,\"name\":\"Home\",\"item\":\"https:\/\/carolinerochon.com\/fr\/\"},{\"@type\":\"ListItem\",\"position\":2,\"name\":\"Organisation\"}]},{\"@type\":\"WebSite\",\"@id\":\"https:\/\/carolinerochon.com\/fr\/#website\",\"url\":\"https:\/\/carolinerochon.com\/fr\/\",\"name\":\"Caroline Rochon\",\"description\":\"Training Coaching Formation\",\"publisher\":{\"@id\":\"https:\/\/carolinerochon.com\/fr\/#organization\"},\"potentialAction\":[{\"@type\":\"SearchAction\",\"target\":{\"@type\":\"EntryPoint\",\"urlTemplate\":\"https:\/\/carolinerochon.com\/fr\/?s={search_term_string}\"},\"query-input\":{\"@type\":\"PropertyValueSpecification\",\"valueRequired\":true,\"valueName\":\"search_term_string\"}}],\"inLanguage\":\"fr-FR\"},{\"@type\":\"Organization\",\"@id\":\"https:\/\/carolinerochon.com\/fr\/#organization\",\"name\":\"Caroline Rochon\",\"url\":\"https:\/\/carolinerochon.com\/fr\/\",\"logo\":{\"@type\":\"ImageObject\",\"inLanguage\":\"fr-FR\",\"@id\":\"https:\/\/carolinerochon.com\/fr\/#\/schema\/logo\/image\/\",\"url\":\"https:\/\/carolinerochon.com\/wp-content\/uploads\/2024\/03\/caroline-rochon-logo-696-x-696-px.png\",\"contentUrl\":\"https:\/\/carolinerochon.com\/wp-content\/uploads\/2024\/03\/caroline-rochon-logo-696-x-696-px.png\",\"width\":696,\"height\":696,\"caption\":\"Caroline Rochon\"},\"image\":{\"@id\":\"https:\/\/carolinerochon.com\/fr\/#\/schema\/logo\/image\/\"},\"sameAs\":[\"https:\/\/www.facebook.com\/CarolineRochonTransformationalTrainer\/\",\"https:\/\/x.com\/lal_gratitude\",\"https:\/\/www.instagram.com\/carolinerochonspeakertrainer\/\",\"https:\/\/ca.linkedin.com\/in\/carolinerochonspeaker\",\"https:\/\/www.youtube.com\/user\/CarolineRochon\"]}]}<\/script>\n<!-- \/ Yoast SEO plugin. -->","yoast_head_json":{"title":"Organisation &#8211; Caroline Rochon","description":"Optimisez votre efficacit\u00e9 et lib\u00e9rez-vous avec les ateliers et pr\u00e9sentations d'organisation de Caroline Rochon, con\u00e7us pour productivit\u00e9 et clart\u00e9.","robots":{"index":"index","follow":"follow","max-snippet":"max-snippet:-1","max-image-preview":"max-image-preview:large","max-video-preview":"max-video-preview:-1"},"canonical":"https:\/\/carolinerochon.com\/fr\/organisation\/","og_locale":"fr_FR","og_type":"article","og_title":"Organisation &#8211; Caroline Rochon","og_description":"Optimisez votre efficacit\u00e9 et lib\u00e9rez-vous avec les ateliers et pr\u00e9sentations d'organisation de Caroline Rochon, con\u00e7us pour productivit\u00e9 et clart\u00e9.","og_url":"https:\/\/carolinerochon.com\/fr\/organisation\/","og_site_name":"Caroline Rochon","article_publisher":"https:\/\/www.facebook.com\/CarolineRochonTransformationalTrainer\/","article_modified_time":"2021-03-18T16:09:56+00:00","og_image":[{"width":900,"height":473,"url":"https:\/\/carolinerochon.com\/wp-content\/uploads\/2021\/03\/social.png","type":"image\/png"}],"twitter_card":"summary_large_image","twitter_site":"@lal_gratitude","twitter_misc":{"Dur\u00e9e de lecture estim\u00e9e":"5 minutes"},"schema":{"@context":"https:\/\/schema.org","@graph":[{"@type":"WebPage","@id":"https:\/\/carolinerochon.com\/fr\/organisation\/","url":"https:\/\/carolinerochon.com\/fr\/organisation\/","name":"Organisation &#8211; Caroline Rochon","isPartOf":{"@id":"https:\/\/carolinerochon.com\/fr\/#website"},"datePublished":"2020-10-02T17:56:27+00:00","dateModified":"2021-03-18T16:09:56+00:00","description":"Optimisez votre efficacit\u00e9 et lib\u00e9rez-vous avec les ateliers et pr\u00e9sentations d'organisation de Caroline Rochon, con\u00e7us pour productivit\u00e9 et clart\u00e9.","breadcrumb":{"@id":"https:\/\/carolinerochon.com\/fr\/organisation\/#breadcrumb"},"inLanguage":"fr-FR","potentialAction":[{"@type":"ReadAction","target":["https:\/\/carolinerochon.com\/fr\/organisation\/"]}]},{"@type":"BreadcrumbList","@id":"https:\/\/carolinerochon.com\/fr\/organisation\/#breadcrumb","itemListElement":[{"@type":"ListItem","position":1,"name":"Home","item":"https:\/\/carolinerochon.com\/fr\/"},{"@type":"ListItem","position":2,"name":"Organisation"}]},{"@type":"WebSite","@id":"https:\/\/carolinerochon.com\/fr\/#website","url":"https:\/\/carolinerochon.com\/fr\/","name":"Caroline Rochon","description":"Training Coaching Formation","publisher":{"@id":"https:\/\/carolinerochon.com\/fr\/#organization"},"potentialAction":[{"@type":"SearchAction","target":{"@type":"EntryPoint","urlTemplate":"https:\/\/carolinerochon.com\/fr\/?s={search_term_string}"},"query-input":{"@type":"PropertyValueSpecification","valueRequired":true,"valueName":"search_term_string"}}],"inLanguage":"fr-FR"},{"@type":"Organization","@id":"https:\/\/carolinerochon.com\/fr\/#organization","name":"Caroline Rochon","url":"https:\/\/carolinerochon.com\/fr\/","logo":{"@type":"ImageObject","inLanguage":"fr-FR","@id":"https:\/\/carolinerochon.com\/fr\/#\/schema\/logo\/image\/","url":"https:\/\/carolinerochon.com\/wp-content\/uploads\/2024\/03\/caroline-rochon-logo-696-x-696-px.png","contentUrl":"https:\/\/carolinerochon.com\/wp-content\/uploads\/2024\/03\/caroline-rochon-logo-696-x-696-px.png","width":696,"height":696,"caption":"Caroline Rochon"},"image":{"@id":"https:\/\/carolinerochon.com\/fr\/#\/schema\/logo\/image\/"},"sameAs":["https:\/\/www.facebook.com\/CarolineRochonTransformationalTrainer\/","https:\/\/x.com\/lal_gratitude","https:\/\/www.instagram.com\/carolinerochonspeakertrainer\/","https:\/\/ca.linkedin.com\/in\/carolinerochonspeaker","https:\/\/www.youtube.com\/user\/CarolineRochon"]}]}},"_links":{"self":[{"href":"https:\/\/carolinerochon.com\/fr\/wp-json\/wp\/v2\/pages\/363","targetHints":{"allow":["GET"]}}],"collection":[{"href":"https:\/\/carolinerochon.com\/fr\/wp-json\/wp\/v2\/pages"}],"about":[{"href":"https:\/\/carolinerochon.com\/fr\/wp-json\/wp\/v2\/types\/page"}],"author":[{"embeddable":true,"href":"https:\/\/carolinerochon.com\/fr\/wp-json\/wp\/v2\/users\/2"}],"replies":[{"embeddable":true,"href":"https:\/\/carolinerochon.com\/fr\/wp-json\/wp\/v2\/comments?post=363"}],"version-history":[{"count":6,"href":"https:\/\/carolinerochon.com\/fr\/wp-json\/wp\/v2\/pages\/363\/revisions"}],"predecessor-version":[{"id":968,"href":"https:\/\/carolinerochon.com\/fr\/wp-json\/wp\/v2\/pages\/363\/revisions\/968"}],"wp:attachment":[{"href":"https:\/\/carolinerochon.com\/fr\/wp-json\/wp\/v2\/media?parent=363"}],"curies":[{"name":"wp","href":"https:\/\/api.w.org\/{rel}","templated":true}]}}