{"id":361,"date":"2020-10-02T13:56:08","date_gmt":"2020-10-02T17:56:08","guid":{"rendered":"http:\/\/carolinerochon.com\/inspiration\/"},"modified":"2021-03-18T12:18:22","modified_gmt":"2021-03-18T16:18:22","slug":"inspiration","status":"publish","type":"page","link":"https:\/\/carolinerochon.com\/fr\/inspiration\/","title":{"rendered":"Inspiration"},"content":{"rendered":"<div class=\"wpb-content-wrapper\"><p>[vc_row type=\u00a0\u00bbin_grid\u00a0\u00bb el_class=\u00a0\u00bbpage-int-top-row padding-100&Prime;][vc_column width=\u00a0\u00bb1\/2&Prime; el_class=\u00a0\u00bbpage-int-top-text-col\u00a0\u00bb][vc_column_text el_class=\u00a0\u00bbpage-title\u00a0\u00bb]<\/p>\n<h2>Inspiration<\/h2>\n<p>[\/vc_column_text][vc_column_text el_class=\u00a0\u00bbsmall-title\u00a0\u00bb]\u00c9veillez le meilleur de chacun[\/vc_column_text][vc_column_text]\u00catre inspir\u00e9, \u00e9veille en nous de nouvelles possibilit\u00e9s et cr\u00e9e un pont d\u2019espoir entre o\u00f9 nous en sommes et o\u00f9 nous souhaiterions \u00eatre. \u00a0Nous aimons tous nous entourer de gens inspirants parce qu\u2019ils \u00e9veillent en nous quelque chose de sp\u00e9cial. Avez-vous d\u00e9j\u00e0 song\u00e9 \u00e0 devenir une source d\u2019inspiration? La devise de Caroline : \u00ab\u00a0\u00eatre inspir\u00e9\u00a0\u00bb et \u00ab\u00a0\u00eatre une source d\u2019inspiration\u00a0\u00bb.<\/p>\n<p>\u00ab \u00catre inspir\u00e9 \u00bb, c\u2019est \u00eatre curieux et chercher \u00e0 en savoir davantage sur l\u2019autre. C\u2019est s\u2019int\u00e9resser \u00e0 l\u2019autre plut\u00f4t qu\u2019essayer de se rendre int\u00e9ressant. \u00ab \u00catre inspir\u00e9 \u00bb, c\u2019est \u00e9couter l\u2019autre avec l\u2019esprit et le c\u0153ur ouverts. C\u2019est comprendre que chacun a son histoire et qu\u2019il en est le h\u00e9ros. \u00ab \u00catre inspir\u00e9 \u00bb, c\u2019est voir le potentiel, voir la vision et voir le plus grand bien.\u00a0 \u00ab \u00catre une source d\u2019inspiration\u00a0\u00bb, c\u2019est faire en sorte que vos paroles, vos actes et vos intentions concordent. Les autres admirent le don que vous avez d\u2019affronter les hauts et les bas de la vie avec gr\u00e2ce et dignit\u00e9. Ils vous regardent et se demandent comment ils pourraient int\u00e9grer cette fa\u00e7on d\u2019\u00eatre dans tous les aspects de leur vie. \u00ab \u00catre une source d\u2019inspiration \u00bb, c\u2019est exercer une influence positive sur votre entourage.<\/p>\n<p>Comme l\u2019a si bien dit Maya Angelou, \u00a0\u00ab J\u2019ai appris que les gens oublieront ce que tu as dit, ils oublieront ce que tu as fait, mais ils n\u2019oublieront jamais ce que tu leur as fait ressentir \u00bb.<\/p>\n<p>La formation et les conf\u00e9rences sur l\u2019inspiration que pr\u00e9sente Caroline sont fond\u00e9s sur ses exp\u00e9riences de vie ainsi que sur les connaissances et la sagesse qu\u2019elle a acquises au fil des ann\u00e9es. Sa propre histoire et les principes pratiques et utiles qu\u2019elle partage inspirent les gens \u00e0 prendre leur vie en main et \u00e0 exercer une influence positive sur leur entourage. Caroline inspire les autres \u00e0 donner le meilleur d\u2019eux-m\u00eames.[\/vc_column_text][\/vc_column][vc_column width=\u00a0\u00bb1\/2&Prime; el_class=\u00a0\u00bbpage-int-top-img-col\u00a0\u00bb][vc_row_inner type=\u00a0\u00bbfull_width\u00a0\u00bb el_class=\u00a0\u00bbpage-int-text-on-img-row\u00a0\u00bb][vc_column_inner][vc_single_image image=\u00a0\u00bb575&Prime; img_size=\u00a0\u00bbfull\u00a0\u00bb alignment=\u00a0\u00bbcenter\u00a0\u00bb][vc_column_text el_class=\u00a0\u00bbtext-image\u00a0\u00bb]<\/p>\n<h1>\u201d<\/h1>\n<p>\u00c0 certains moments de notre vie, notre propre lumi\u00e8re s\u2019\u00e9teint et est raviv\u00e9e par l\u2019\u00e9tincelle d\u2019une autre personne.<br \/>\n\u2014 Albert Schweitzer[\/vc_column_text][\/vc_column_inner][\/vc_row_inner][\/vc_column][\/vc_row][vc_row type=\u00a0\u00bbin_grid\u00a0\u00bb el_class=\u00a0\u00bbfive-language-appreciation-row padding-100&Prime;][vc_column][vc_column_text]<\/p>\n<h2>Bienfaits<\/h2>\n<p>[\/vc_column_text][vc_row_inner type=\u00a0\u00bbfull_width\u00a0\u00bb el_class=\u00a0\u00bbfive-language-appreciation-inner-row\u00a0\u00bb][vc_column_inner width=\u00a0\u00bb1\/2&Prime;][vc_column_text el_class=\u00a0\u00bbsmall-title\u00a0\u00bb]R\u00e9sultats d&rsquo;apprentissage et avantages[\/vc_column_text][vc_column_text]<\/p>\n<ul>\n<li>Les gens inspir\u00e9s sont plus cr\u00e9atifs<\/li>\n<li>Les gens inspir\u00e9s sont plus engag\u00e9s<\/li>\n<li>Les gens inspir\u00e9s sont plus productifs<\/li>\n<li>Les gens inspir\u00e9s font ressortir le meilleur chez les autres<\/li>\n<li>Les gens inspir\u00e9s sont ouverts \u00e0 toutes les possibilit\u00e9s<\/li>\n<li>Les gens inspir\u00e9s agissent<\/li>\n<li>Les gens inspir\u00e9s cherchent \u00e0 faire une diff\u00e9rence<\/li>\n<li>Les gens inspir\u00e9s sont g\u00e9n\u00e9reux<\/li>\n<li>Les gens inspir\u00e9s favorisent le mieux-\u00eatre<\/li>\n<li>Les gens inspir\u00e9s prennent des risques et ont une plus grande estime de soi<\/li>\n<\/ul>\n<p>[\/vc_column_text][\/vc_column_inner][vc_column_inner width=\u00a0\u00bb1\/2&Prime;][vc_column_text el_class=\u00a0\u00bbsmall-title\u00a0\u00bb]Sujets abord\u00e9s[\/vc_column_text][vc_column_text]<\/p>\n<ul>\n<li>Comment \u00e9laborer un plan de mieux-\u00eatre personnel au travail<\/li>\n<li>Comment r\u00e9tablir une culture de bienveillance en milieu de travail<\/li>\n<li>Comment faire des choix \u2013 Nous avons le pouvoir de choisir<\/li>\n<li>Comment vaincre la peur de se d\u00e9passer<\/li>\n<li>Comment transformer ses paroles et son vocabulaire<\/li>\n<li>Comment faire le m\u00e9nage dans ses croyances, son espace personnel et ses relations<\/li>\n<\/ul>\n<p>[\/vc_column_text][\/vc_column_inner][\/vc_row_inner][\/vc_column][\/vc_row][vc_row type=\u00a0\u00bbin_grid\u00a0\u00bb el_class=\u00a0\u00bbpage-quote-row padding-100&Prime;][vc_column][vc_column_text el_class=\u00a0\u00bbquote\u00a0\u00bb]\u00ab Choisissez d\u2019appr\u00e9cier ou de critiquer. Choisissez d\u2019encourager ou de d\u00e9courager. Choisissez de se concentrer sur les points forts ou de s\u2019arr\u00eater aux faiblesses. \u00bb[\/vc_column_text][vc_column_text el_class=\u00a0\u00bbquote-name\u00a0\u00bb]Kevin Hall[\/vc_column_text][\/vc_column][\/vc_row][vc_row type=\u00a0\u00bbfull_width\u00a0\u00bb el_class=\u00a0\u00bbtraining-conference-objective-row padding-100&Prime;][vc_column width=\u00a0\u00bb1\/2&Prime;][vc_single_image image=\u00a0\u00bb566&Prime; img_size=\u00a0\u00bbfull\u00a0\u00bb alignment=\u00a0\u00bbcenter\u00a0\u00bb][\/vc_column][vc_column width=\u00a0\u00bb1\/2&Prime;][vc_column_text]<\/p>\n<h2>Outils d&rsquo;\u00e9valuation<\/h2>\n<p>[\/vc_column_text][vc_column_text]Caroline a inspir\u00e9 des gens venus de tous les milieux gr\u00e2ce \u00e0 ses expos\u00e9s, \u00e0 ses s\u00e9ances de formation, \u00e0 ses livres, \u00e0 ses apparitions dans les medias et \u00e0 sa vie de tous les jours. Vous cherchez \u00e0 mettre l\u2019inspiration au c\u0153ur de votre \u00e9v\u00e9nement ou de votre organisation? Caroline peut adapter son approche \u00e0 vos besoins particuliers, quels qu\u2019ils soient. Il suffit de l\u2019appeler![\/vc_column_text][\/vc_column][\/vc_row][vc_row type=\u00a0\u00bbfull_width\u00a0\u00bb][vc_column]<div class=\"templatera_shortcode\"><div class=\"vc_row wpb_row vc_row-fluid believe-yourself-row padding-100 row-in-grid\"><div class=\"container\"><div class=\"row-in-grid-inner\"><div class=\"wpb_column vc_column_container vc_col-sm-4\"><div class=\"vc_column-inner\"><div class=\"wpb_wrapper\">\n\t<div  class=\"wpb_single_image wpb_content_element vc_align_center\">\n\t\t\n\t\t<figure class=\"wpb_wrapper vc_figure\">\n\t\t\t<div class=\"vc_single_image-wrapper   vc_box_border_grey\"><img loading=\"lazy\" decoding=\"async\" width=\"448\" height=\"389\" src=\"https:\/\/carolinerochon.com\/wp-content\/uploads\/2021\/03\/BRAND-FR.png\" class=\"vc_single_image-img attachment-full\" alt=\"Soyez Inspir\u00e9 \u00e0 Passer \u00e0 l&#039;action\" title=\"BRAND-FR\" \/><\/div>\n\t\t<\/figure>\n\t<\/div>\n<\/div><\/div><\/div><div class=\"wpb_column vc_column_container vc_col-sm-8\"><div class=\"vc_column-inner\"><div class=\"wpb_wrapper\">\n\t<div class=\"wpb_text_column wpb_content_element\" >\n\t\t<div class=\"wpb_wrapper\">\n\t\t\t<h5>L\u2019inspiration fait ressortir le meilleur en nous-m\u00eames et chez les autres. \u00catre une source d\u2019inspiration ou pas\u2026 le choix est \u00e0 vous.<\/h5>\n\n\t\t<\/div>\n\t<\/div>\n<a href=\"\/fr\/contact\" target=\"_self\" class=\"dist-btn\">Travaillons ensemble<\/a><\/div><\/div><\/div><\/div><\/div><\/div><\/div>[\/vc_column][\/vc_row][vc_row type=\u00a0\u00bbfull_width\u00a0\u00bb el_class=\u00a0\u00bbpage-int-themes\u00a0\u00bb][vc_column]<div class=\"dist-shortcode-container wpb_content_element\"><div class=\"how-i-do-it-inner-row\">\n\t\n\t<div class=\"how-i-do-it hidi-disc\">\n\t\t<div class=\"how-i-do-it-inner\">\n\t\t\t<div class=\"how-i-do-it-content\">\n\t\t\t\t<div class=\"how-i-do-it-text\"><span style=\"font-weight:600;\">DISC<\/span> <br>\u00c9TUDES COMPORTEMENTALES B\u00c2TISSENT DES RELATIONS SOLIDES<\/div>\n\t\t\t<\/div>\n\t\t\t<a class=\"how-i-do-it-lien\" href=\"\/fr\/disc\/\"><\/a>\n\t\t<\/div>\n\t<\/div>\n\t<div class=\"how-i-do-it hidi-appreciation\">\n\t\t<div class=\"how-i-do-it-inner\">\n\t\t\t<div class=\"how-i-do-it-content\">\n\t\t\t\t<div class=\"how-i-do-it-text\"><span style=\"font-weight:600;\">Appr\u00e9ciation<\/span> <br>Cr\u00e9ez de meilleures relations<\/div>\n\t\t\t<\/div>\n\t\t\t<a class=\"how-i-do-it-lien\" href=\"\/fr\/appreciation\/\"><\/a>\n\t\t<\/div>\n\t<\/div>\n\t<div class=\"how-i-do-it hidi-transformation\">\n\t\t<div class=\"how-i-do-it-inner\">\n\t\t\t<div class=\"how-i-do-it-content\">\n\t\t\t\t<div class=\"how-i-do-it-text\"><span style=\"font-weight:600;\">Transformation<\/span> <br>Engendrez un changement r\u00e9ussi<\/div>\n\t\t\t<\/div>\n\t\t\t<a class=\"how-i-do-it-lien\" href=\"\/fr\/transformation\/\"><\/a>\n\t\t<\/div>\n\t<\/div>\n\t<div class=\"how-i-do-it hidi-inspiration\">\n\t\t<div class=\"how-i-do-it-inner\">\n\t\t\t<div class=\"how-i-do-it-content\">\n\t\t\t\t<div class=\"how-i-do-it-text\"><span style=\"font-weight:600;\">Inspiration<\/span> <br>\u00c9veillez le meilleur de chacun<\/div>\n\t\t\t<\/div>\n\t\t\t<a class=\"how-i-do-it-lien\" href=\"\/fr\/inspiration\/\"><\/a>\n\t\t<\/div>\n\t<\/div>\n\t<div class=\"how-i-do-it hidi-organisation\">\n\t\t<div class=\"how-i-do-it-inner\">\n\t\t\t<div class=\"how-i-do-it-content\">\n\t\t\t\t<div class=\"how-i-do-it-text\"><span style=\"font-weight:600;\">Organisation<\/span> <br>Procurez une libert\u00e9<\/div>\n\t\t\t<\/div>\n\t\t\t<a class=\"how-i-do-it-lien\" href=\"\/fr\/organisation\/\"><\/a>\n\t\t<\/div>\n\t<\/div>\n<\/div>\n\n    <\/div>[\/vc_column][\/vc_row]<\/p>\n<\/div>","protected":false},"excerpt":{"rendered":"Inspiration \u00c9veillez le meilleur de chacun \u00catre inspir\u00e9, \u00e9veille en nous de nouvelles possibilit\u00e9s et cr\u00e9e un pont d\u2019espoir entre o\u00f9 nous en sommes et o\u00f9 nous souhaiterions \u00eatre. \u00a0Nous aimons tous nous entourer de gens inspirants parce qu\u2019ils \u00e9veillent en nous quelque chose de sp\u00e9cial. Avez-vous d\u00e9j\u00e0 song\u00e9 \u00e0 devenir une source d\u2019inspiration? La [...]","protected":false},"author":2,"featured_media":0,"parent":0,"menu_order":0,"comment_status":"closed","ping_status":"closed","template":"","meta":{"_acf_changed":false,"footnotes":""},"class_list":["post-361","page","type-page","status-publish","hentry"],"acf":[],"yoast_head":"<!-- This site is optimized with the Yoast SEO plugin v25.4 - https:\/\/yoast.com\/wordpress\/plugins\/seo\/ -->\n<title>Inspiration &#8211; Caroline Rochon<\/title>\n<meta name=\"description\" content=\"Plongez dans les formations et les pr\u00e9sentations d&#039;inspiration de Caroline Rochon, favorisant la cr\u00e9ativit\u00e9, le bien-\u00eatre et un changement positif dans votre vie.\" \/>\n<meta name=\"robots\" content=\"index, follow, max-snippet:-1, max-image-preview:large, max-video-preview:-1\" \/>\n<link rel=\"canonical\" href=\"https:\/\/carolinerochon.com\/fr\/inspiration\/\" \/>\n<meta property=\"og:locale\" content=\"fr_FR\" \/>\n<meta property=\"og:type\" content=\"article\" \/>\n<meta property=\"og:title\" content=\"Inspiration &#8211; Caroline Rochon\" \/>\n<meta property=\"og:description\" content=\"Plongez dans les formations et les pr\u00e9sentations d&#039;inspiration de Caroline Rochon, favorisant la cr\u00e9ativit\u00e9, le bien-\u00eatre et un changement positif dans votre vie.\" \/>\n<meta property=\"og:url\" content=\"https:\/\/carolinerochon.com\/fr\/inspiration\/\" \/>\n<meta property=\"og:site_name\" content=\"Caroline Rochon\" \/>\n<meta property=\"article:publisher\" content=\"https:\/\/www.facebook.com\/CarolineRochonTransformationalTrainer\/\" \/>\n<meta property=\"article:modified_time\" content=\"2021-03-18T16:18:22+00:00\" \/>\n<meta property=\"og:image\" content=\"https:\/\/carolinerochon.com\/wp-content\/uploads\/2021\/03\/social.png\" \/>\n\t<meta property=\"og:image:width\" content=\"900\" \/>\n\t<meta property=\"og:image:height\" content=\"473\" \/>\n\t<meta property=\"og:image:type\" content=\"image\/png\" \/>\n<meta name=\"twitter:card\" content=\"summary_large_image\" \/>\n<meta name=\"twitter:site\" content=\"@lal_gratitude\" \/>\n<meta name=\"twitter:label1\" content=\"Dur\u00e9e de lecture estim\u00e9e\" \/>\n\t<meta name=\"twitter:data1\" content=\"5 minutes\" \/>\n<script type=\"application\/ld+json\" class=\"yoast-schema-graph\">{\"@context\":\"https:\/\/schema.org\",\"@graph\":[{\"@type\":\"WebPage\",\"@id\":\"https:\/\/carolinerochon.com\/fr\/inspiration\/\",\"url\":\"https:\/\/carolinerochon.com\/fr\/inspiration\/\",\"name\":\"Inspiration &#8211; Caroline Rochon\",\"isPartOf\":{\"@id\":\"https:\/\/carolinerochon.com\/fr\/#website\"},\"datePublished\":\"2020-10-02T17:56:08+00:00\",\"dateModified\":\"2021-03-18T16:18:22+00:00\",\"description\":\"Plongez dans les formations et les pr\u00e9sentations d'inspiration de Caroline Rochon, favorisant la cr\u00e9ativit\u00e9, le bien-\u00eatre et un changement positif dans votre vie.\",\"breadcrumb\":{\"@id\":\"https:\/\/carolinerochon.com\/fr\/inspiration\/#breadcrumb\"},\"inLanguage\":\"fr-FR\",\"potentialAction\":[{\"@type\":\"ReadAction\",\"target\":[\"https:\/\/carolinerochon.com\/fr\/inspiration\/\"]}]},{\"@type\":\"BreadcrumbList\",\"@id\":\"https:\/\/carolinerochon.com\/fr\/inspiration\/#breadcrumb\",\"itemListElement\":[{\"@type\":\"ListItem\",\"position\":1,\"name\":\"Home\",\"item\":\"https:\/\/carolinerochon.com\/fr\/\"},{\"@type\":\"ListItem\",\"position\":2,\"name\":\"Inspiration\"}]},{\"@type\":\"WebSite\",\"@id\":\"https:\/\/carolinerochon.com\/fr\/#website\",\"url\":\"https:\/\/carolinerochon.com\/fr\/\",\"name\":\"Caroline Rochon\",\"description\":\"Training Coaching Formation\",\"publisher\":{\"@id\":\"https:\/\/carolinerochon.com\/fr\/#organization\"},\"potentialAction\":[{\"@type\":\"SearchAction\",\"target\":{\"@type\":\"EntryPoint\",\"urlTemplate\":\"https:\/\/carolinerochon.com\/fr\/?s={search_term_string}\"},\"query-input\":{\"@type\":\"PropertyValueSpecification\",\"valueRequired\":true,\"valueName\":\"search_term_string\"}}],\"inLanguage\":\"fr-FR\"},{\"@type\":\"Organization\",\"@id\":\"https:\/\/carolinerochon.com\/fr\/#organization\",\"name\":\"Caroline Rochon\",\"url\":\"https:\/\/carolinerochon.com\/fr\/\",\"logo\":{\"@type\":\"ImageObject\",\"inLanguage\":\"fr-FR\",\"@id\":\"https:\/\/carolinerochon.com\/fr\/#\/schema\/logo\/image\/\",\"url\":\"https:\/\/carolinerochon.com\/wp-content\/uploads\/2024\/03\/caroline-rochon-logo-696-x-696-px.png\",\"contentUrl\":\"https:\/\/carolinerochon.com\/wp-content\/uploads\/2024\/03\/caroline-rochon-logo-696-x-696-px.png\",\"width\":696,\"height\":696,\"caption\":\"Caroline Rochon\"},\"image\":{\"@id\":\"https:\/\/carolinerochon.com\/fr\/#\/schema\/logo\/image\/\"},\"sameAs\":[\"https:\/\/www.facebook.com\/CarolineRochonTransformationalTrainer\/\",\"https:\/\/x.com\/lal_gratitude\",\"https:\/\/www.instagram.com\/carolinerochonspeakertrainer\/\",\"https:\/\/ca.linkedin.com\/in\/carolinerochonspeaker\",\"https:\/\/www.youtube.com\/user\/CarolineRochon\"]}]}<\/script>\n<!-- \/ Yoast SEO plugin. -->","yoast_head_json":{"title":"Inspiration &#8211; Caroline Rochon","description":"Plongez dans les formations et les pr\u00e9sentations d'inspiration de Caroline Rochon, favorisant la cr\u00e9ativit\u00e9, le bien-\u00eatre et un changement positif dans votre vie.","robots":{"index":"index","follow":"follow","max-snippet":"max-snippet:-1","max-image-preview":"max-image-preview:large","max-video-preview":"max-video-preview:-1"},"canonical":"https:\/\/carolinerochon.com\/fr\/inspiration\/","og_locale":"fr_FR","og_type":"article","og_title":"Inspiration &#8211; Caroline Rochon","og_description":"Plongez dans les formations et les pr\u00e9sentations d'inspiration de Caroline Rochon, favorisant la cr\u00e9ativit\u00e9, le bien-\u00eatre et un changement positif dans votre vie.","og_url":"https:\/\/carolinerochon.com\/fr\/inspiration\/","og_site_name":"Caroline Rochon","article_publisher":"https:\/\/www.facebook.com\/CarolineRochonTransformationalTrainer\/","article_modified_time":"2021-03-18T16:18:22+00:00","og_image":[{"width":900,"height":473,"url":"https:\/\/carolinerochon.com\/wp-content\/uploads\/2021\/03\/social.png","type":"image\/png"}],"twitter_card":"summary_large_image","twitter_site":"@lal_gratitude","twitter_misc":{"Dur\u00e9e de lecture estim\u00e9e":"5 minutes"},"schema":{"@context":"https:\/\/schema.org","@graph":[{"@type":"WebPage","@id":"https:\/\/carolinerochon.com\/fr\/inspiration\/","url":"https:\/\/carolinerochon.com\/fr\/inspiration\/","name":"Inspiration &#8211; Caroline Rochon","isPartOf":{"@id":"https:\/\/carolinerochon.com\/fr\/#website"},"datePublished":"2020-10-02T17:56:08+00:00","dateModified":"2021-03-18T16:18:22+00:00","description":"Plongez dans les formations et les pr\u00e9sentations d'inspiration de Caroline Rochon, favorisant la cr\u00e9ativit\u00e9, le bien-\u00eatre et un changement positif dans votre vie.","breadcrumb":{"@id":"https:\/\/carolinerochon.com\/fr\/inspiration\/#breadcrumb"},"inLanguage":"fr-FR","potentialAction":[{"@type":"ReadAction","target":["https:\/\/carolinerochon.com\/fr\/inspiration\/"]}]},{"@type":"BreadcrumbList","@id":"https:\/\/carolinerochon.com\/fr\/inspiration\/#breadcrumb","itemListElement":[{"@type":"ListItem","position":1,"name":"Home","item":"https:\/\/carolinerochon.com\/fr\/"},{"@type":"ListItem","position":2,"name":"Inspiration"}]},{"@type":"WebSite","@id":"https:\/\/carolinerochon.com\/fr\/#website","url":"https:\/\/carolinerochon.com\/fr\/","name":"Caroline Rochon","description":"Training Coaching Formation","publisher":{"@id":"https:\/\/carolinerochon.com\/fr\/#organization"},"potentialAction":[{"@type":"SearchAction","target":{"@type":"EntryPoint","urlTemplate":"https:\/\/carolinerochon.com\/fr\/?s={search_term_string}"},"query-input":{"@type":"PropertyValueSpecification","valueRequired":true,"valueName":"search_term_string"}}],"inLanguage":"fr-FR"},{"@type":"Organization","@id":"https:\/\/carolinerochon.com\/fr\/#organization","name":"Caroline Rochon","url":"https:\/\/carolinerochon.com\/fr\/","logo":{"@type":"ImageObject","inLanguage":"fr-FR","@id":"https:\/\/carolinerochon.com\/fr\/#\/schema\/logo\/image\/","url":"https:\/\/carolinerochon.com\/wp-content\/uploads\/2024\/03\/caroline-rochon-logo-696-x-696-px.png","contentUrl":"https:\/\/carolinerochon.com\/wp-content\/uploads\/2024\/03\/caroline-rochon-logo-696-x-696-px.png","width":696,"height":696,"caption":"Caroline Rochon"},"image":{"@id":"https:\/\/carolinerochon.com\/fr\/#\/schema\/logo\/image\/"},"sameAs":["https:\/\/www.facebook.com\/CarolineRochonTransformationalTrainer\/","https:\/\/x.com\/lal_gratitude","https:\/\/www.instagram.com\/carolinerochonspeakertrainer\/","https:\/\/ca.linkedin.com\/in\/carolinerochonspeaker","https:\/\/www.youtube.com\/user\/CarolineRochon"]}]}},"_links":{"self":[{"href":"https:\/\/carolinerochon.com\/fr\/wp-json\/wp\/v2\/pages\/361","targetHints":{"allow":["GET"]}}],"collection":[{"href":"https:\/\/carolinerochon.com\/fr\/wp-json\/wp\/v2\/pages"}],"about":[{"href":"https:\/\/carolinerochon.com\/fr\/wp-json\/wp\/v2\/types\/page"}],"author":[{"embeddable":true,"href":"https:\/\/carolinerochon.com\/fr\/wp-json\/wp\/v2\/users\/2"}],"replies":[{"embeddable":true,"href":"https:\/\/carolinerochon.com\/fr\/wp-json\/wp\/v2\/comments?post=361"}],"version-history":[{"count":5,"href":"https:\/\/carolinerochon.com\/fr\/wp-json\/wp\/v2\/pages\/361\/revisions"}],"predecessor-version":[{"id":978,"href":"https:\/\/carolinerochon.com\/fr\/wp-json\/wp\/v2\/pages\/361\/revisions\/978"}],"wp:attachment":[{"href":"https:\/\/carolinerochon.com\/fr\/wp-json\/wp\/v2\/media?parent=361"}],"curies":[{"name":"wp","href":"https:\/\/api.w.org\/{rel}","templated":true}]}}