{"id":357,"date":"2020-10-02T14:37:24","date_gmt":"2020-10-02T18:37:24","guid":{"rendered":"http:\/\/carolinerochon.com\/coaching\/"},"modified":"2024-03-20T11:02:54","modified_gmt":"2024-03-20T15:02:54","slug":"coaching","status":"publish","type":"page","link":"https:\/\/carolinerochon.com\/fr\/coaching\/","title":{"rendered":"Coaching"},"content":{"rendered":"<div class=\"wpb-content-wrapper\"><p>[vc_row type=\u00a0\u00bbin_grid\u00a0\u00bb el_class=\u00a0\u00bbpage-int-top-row padding-100&Prime;][vc_column width=\u00a0\u00bb1\/2&Prime; el_class=\u00a0\u00bbpage-int-top-text-col\u00a0\u00bb][vc_column_text el_class=\u00a0\u00bbpage-title\u00a0\u00bb]<\/p>\n<h1 class=\"h1_theme\">Coach en succ\u00e8s<\/h1>\n<p>[\/vc_column_text][vc_column_text el_class=\u00a0\u00bbsmall-title\u00a0\u00bb]Pourquoi choisir un coach[\/vc_column_text][vc_column_text]Lorsque j\u2019ai d\u00e9cid\u00e9 de me lancer en affaires en 2005, j\u2019ai vite compris l\u2019importance de retenir les services d\u2019un coach d\u2019entreprises. Je m\u2019\u00e9tais toujours dit que j\u2019\u00e9tais une femme intelligente qui savait quoi faire, mais avec l\u2019aide d\u2019un coach, j\u2019ai constat\u00e9 que je pouvais atteindre mes objectifs plus rapidement et, j\u2019ose m\u00eame dire, beaucoup plus facilement. Au fil des ann\u00e9es, j\u2019ai eu recours \u00e0 diff\u00e9rents coachs et \u00e0 diff\u00e9rents styles de coaching en fonction de ce qui se passait dans ma vie ou des objectifs que je m\u2019\u00e9tais fix\u00e9s. J\u2019ai eu l\u2019honneur et le privil\u00e8ge d\u2019avoir \u00e9t\u00e9 accompagn\u00e9e par des coachs reconnus comment \u00e9tant parmi les meilleurs tant dans ma r\u00e9gion qu\u2019\u00e0 l\u2019\u00e9chelle internationale. J\u2019ai une certitude : je vais toujours m\u2019assurer d\u2019avoir dans ma vie un coach d\u2019entreprise ou un coach de vie.[\/vc_column_text][vc_column_text el_class=\u00a0\u00bbsmall-title\u00a0\u00bb]TYPES DE COACHING QUE J\u2019OFFRE[\/vc_column_text][vc_column_text]<\/p>\n<ul>\n<li>Coaching en gestion, en leadership et en entrepreneuriat<\/li>\n<li>Coaching individuel et coaching pour groupes d\u2019employ\u00e9s<\/li>\n<li>Coaching en productivit\u00e9 et en efficacit\u00e9<\/li>\n<li>Coaching d\u2019\u00e9quipes et coaching de \u00ab Mastermind \u00bb<\/li>\n<li>Coaching en mieux-\u00eatre<\/li>\n<\/ul>\n<p>[\/vc_column_text][vc_column_text]Les s\u00e9ances ont lieu par t\u00e9l\u00e9phone, au moyen de Zoom ou en personne.<br \/>\nTrouvons ensemble un bon moment pour jaser. Vous pouvez me dire ce que vous recherchez et je vous expliquerai le mod\u00e8le de coaching que j\u2019offre. Ainsi, nous verrons si nous sommes compatibles et pourrons d\u00e9terminer ensemble le meilleur plan d\u2019action.[\/vc_column_text][\/vc_column][vc_column width=\u00a0\u00bb1\/2&Prime; el_class=\u00a0\u00bbpage-int-top-img-col\u00a0\u00bb][vc_single_image image=\u00a0\u00bb879&Prime; img_size=\u00a0\u00bbfull\u00a0\u00bb alignment=\u00a0\u00bbcenter\u00a0\u00bb][\/vc_column][\/vc_row][vc_row type=\u00a0\u00bbin_grid\u00a0\u00bb el_class=\u00a0\u00bbpage-quote-row padding-100&Prime;][vc_column][vc_column_text el_class=\u00a0\u00bbquote\u00a0\u00bb]\u00ab Je crois fermement qu\u2019\u00e0 moins d\u2019\u00eatre accompagn\u00e9s d\u2019un coach, les gens n\u2019atteignent jamais leur plein potentiel.[\/vc_column_text][vc_column_text el_class=\u00a0\u00bbquote-name\u00a0\u00bb]Bob Nardelli, pr\u00e9sident et chef de la direction de Home Depot[\/vc_column_text][\/vc_column][\/vc_row][vc_row type=\u00a0\u00bbin_grid\u00a0\u00bb el_class=\u00a0\u00bbcoaching-row padding-100&Prime;][vc_column][vc_row_inner type=\u00a0\u00bbfull_width\u00a0\u00bb][vc_column_inner][vc_column_text]Avez-vous d\u00e9j\u00e0 pris le temps de d\u00e9finir ce que le succ\u00e8s signifie pour vous? Que vous soyez parent, leader, propri\u00e9taire ou chef d\u2019entreprise qui cherche \u00e0 atteindre votre r\u00e9ussite personnelle, j\u2019ai l\u2019exp\u00e9rience et les techniques n\u00e9cessaires pour vous aider \u00e0 y voir plus clair, \u00e0 trouver la paix int\u00e9rieure, \u00e0 d\u00e9velopper de saines habitudes, \u00e0 \u00e9liminer les croyances limitantes et \u00e0 organiser vos objectifs.[\/vc_column_text][vc_empty_space height=\u00a0\u00bb25px\u00a0\u00bb][\/vc_column_inner][\/vc_row_inner][vc_row_inner type=\u00a0\u00bbin_grid\u00a0\u00bb el_class=\u00a0\u00bbfive-language-appreciation-inner-row\u00a0\u00bb][vc_column_inner width=\u00a0\u00bb1\/2&Prime;][vc_column_text el_class=\u00a0\u00bbsmall-title\u00a0\u00bb]CE QUE VOUS EN RETIREREZ[\/vc_column_text][vc_column_text]<\/p>\n<ul>\n<li>Une vision plus claire<\/li>\n<li>Une meilleure estime de soi et une plus grande confiance en soi<\/li>\n<li>Plus de satisfaction personnelle<\/li>\n<li>Plus d\u2019efficacit\u00e9<\/li>\n<li>Une plus grande paix d\u2019esprit<\/li>\n<li>Plus d\u2019outils personnels pour faire face \u00e0 la vie<\/li>\n<li>Une plus grande r\u00e9silience et plus d\u2019autonomie<\/li>\n<li>Plus d\u2019\u00e9nergie<\/li>\n<\/ul>\n<p>[\/vc_column_text][\/vc_column_inner][vc_column_inner width=\u00a0\u00bb1\/2&Prime;][vc_column_text el_class=\u00a0\u00bbsmall-title\u00a0\u00bb]FORMULES OFFERTES[\/vc_column_text][vc_column_text]<\/p>\n<ul>\n<li><span class=\"list-title\" style=\"display: block; padding-bottom: 10px;\">Coaching \u00ab laser \u00bb \u2013 \u00catre inspir\u00e9 \u00e0 agir<\/span>Vous souhaitez \u00eatre inspir\u00e9 \u00e0 agir? Il suffit de prendre rendez vous avec Caroline. Au cours d\u2019une s\u00e9ance de coaching d\u2019une dur\u00e9e de 90 minutes, nous nous pencherons de pr\u00e8s sur les choses \u00e0 faire pour r\u00e9gler une question \u00e9pineuse, vous mettre sur la bonne voie pour r\u00e9aliser votre projet ou votre r\u00eave ou accro\u00eetre votre bien \u00eatre. <a style=\"color: #bd00ff;\" href=\"https:\/\/carolinerochon.com\/fr\/boutique\/\">Vous y verrez plus clair et vous aurez le vent dans les voiles, c\u2019est garanti!<\/a><\/li>\n<\/ul>\n<p>[\/vc_column_text][vc_column_text]<\/p>\n<ul>\n<li><span class=\"list-title\" style=\"display: block; padding-bottom: 10px;\">Coaching mensuel \u2013 Poursuivre sur sa lanc\u00e9e<\/span>Vous souhaitez vraiment avoir une incidence positive et faire une diff\u00e9rence dans votre vie personnelle ou professionnelle? Vous voulez faire avancer vos projets, avoir quelqu\u2019un \u00e0 qui rendre des comptes ou pr\u00e9senter vos id\u00e9es ou avec qui \u00e9laborer des strat\u00e9gies? Quelqu\u2019un qui vous posera des questions qui vous feront grandir et sortir de votre zone de confort? Quelqu\u2019un qui vous pr\u00e9sentera des sujets de r\u00e9flexion, vous soutiendra lorsque vous \u00e9prouverez des doutes et c\u00e9l\u00e9brera avec vous vos r\u00e9alisations? C\u2019est la meilleure fa\u00e7on de rester sur la bonne voie.<br \/>\nDeux s\u00e9ances de 60 minutes par mois, avec \u00e9changes de courriels et appels t\u00e9l\u00e9phoniques entre les s\u00e9ances.<\/li>\n<\/ul>\n<p>[\/vc_column_text][vc_column_text]<\/p>\n<ul>\n<li><span class=\"list-title\" style=\"display: block; padding-bottom: 10px;\">Journ\u00e9e de coaching VIP \u2013 Progresser \u00e0 pas de g\u00e9ant<\/span>Un programme de coaching mensuel ne vous int\u00e9resse pas, et une s\u00e9ance de 90 minutes ne suffit pas? Imaginez que vous pourriez vous arr\u00eater pendant toute une journ\u00e9e (de 9 h \u00e0 17 h), sans interruption, pour r\u00e9fl\u00e9chir, brasser des id\u00e9es et planifier. Caroline mettra \u00e0 contribution ses comp\u00e9tences, ses connaissances, son intuition et sa sagesse en tant que coach en succ\u00e8s, qu\u2019organisatrice professionnelle, que propri\u00e9taire d\u2019entreprise et qu\u2019entrepreneur pour se concentrer exclusivement sur vous et vos besoins. \u00c0 la fin de cette journ\u00e9e, vous aurez une meilleure prise sur votre vie et serez plus inspir\u00e9 que jamais \u00e0 agir. Une journ\u00e9e de travail s\u00e9rieux qui vous servira de guide et vous aidera \u00e0 atteindre l\u2019objectif que vous visez.<\/li>\n<\/ul>\n<p>[\/vc_column_text][\/vc_column_inner][\/vc_row_inner][\/vc_column][\/vc_row][vc_row type=\u00a0\u00bbfull_width\u00a0\u00bb][vc_column]<div class=\"templatera_shortcode\"><div class=\"vc_row wpb_row vc_row-fluid believe-yourself-row padding-100 row-in-grid\"><div class=\"container\"><div class=\"row-in-grid-inner\"><div class=\"wpb_column vc_column_container vc_col-sm-4\"><div class=\"vc_column-inner\"><div class=\"wpb_wrapper\">\n\t<div  class=\"wpb_single_image wpb_content_element vc_align_center\">\n\t\t\n\t\t<figure class=\"wpb_wrapper vc_figure\">\n\t\t\t<div class=\"vc_single_image-wrapper   vc_box_border_grey\"><img loading=\"lazy\" decoding=\"async\" width=\"448\" height=\"389\" src=\"https:\/\/carolinerochon.com\/wp-content\/uploads\/2021\/03\/BRAND-FR.png\" class=\"vc_single_image-img attachment-full\" alt=\"Soyez Inspir\u00e9 \u00e0 Passer \u00e0 l&#039;action\" title=\"BRAND-FR\" \/><\/div>\n\t\t<\/figure>\n\t<\/div>\n<\/div><\/div><\/div><div class=\"wpb_column vc_column_container vc_col-sm-8\"><div class=\"vc_column-inner\"><div class=\"wpb_wrapper\">\n\t<div class=\"wpb_text_column wpb_content_element\" >\n\t\t<div class=\"wpb_wrapper\">\n\t\t\t<h5>\u00cates-vous int\u00e9ress\u00e9, ou \u00eates-vous engag\u00e9 \u00e0 am\u00e9liorer votre vie? Laissez-moi vous guider et vous accompagner de mani\u00e8re \u00e0 faciliter le processus.<\/h5>\n\n\t\t<\/div>\n\t<\/div>\n<a href=\"\/fr\/contact\" target=\"_self\" class=\"dist-btn\">Travaillons ensemble<\/a><\/div><\/div><\/div><\/div><\/div><\/div>\r\n<\/div>[\/vc_column][\/vc_row]<\/p>\n<\/div>","protected":false},"excerpt":{"rendered":"Coach en succ\u00e8s Pourquoi choisir un coach Lorsque j\u2019ai d\u00e9cid\u00e9 de me lancer en affaires en 2005, j\u2019ai vite compris l\u2019importance de retenir les services d\u2019un coach d\u2019entreprises. Je m\u2019\u00e9tais toujours dit que j\u2019\u00e9tais une femme intelligente qui savait quoi faire, mais avec l\u2019aide d\u2019un coach, j\u2019ai constat\u00e9 que je pouvais atteindre mes objectifs plus [...]","protected":false},"author":2,"featured_media":0,"parent":0,"menu_order":0,"comment_status":"closed","ping_status":"closed","template":"","meta":{"_acf_changed":false,"footnotes":""},"class_list":["post-357","page","type-page","status-publish","hentry"],"acf":[],"yoast_head":"<!-- This site is optimized with the Yoast SEO plugin v25.4 - https:\/\/yoast.com\/wordpress\/plugins\/seo\/ -->\n<title>Coaching &#8211; Caroline Rochon<\/title>\n<meta name=\"description\" content=\"Boostez votre potentiel manag\u00e9rial et entrepreneurial avec le coaching de Caroline Rochon. Entamez votre parcours de bien-\u00eatre et de transformation.\" \/>\n<meta name=\"robots\" content=\"index, follow, max-snippet:-1, max-image-preview:large, max-video-preview:-1\" \/>\n<link rel=\"canonical\" href=\"https:\/\/carolinerochon.com\/fr\/coaching\/\" \/>\n<meta property=\"og:locale\" content=\"fr_FR\" \/>\n<meta property=\"og:type\" content=\"article\" \/>\n<meta property=\"og:title\" content=\"Coaching &#8211; Caroline Rochon\" \/>\n<meta property=\"og:description\" content=\"Boostez votre potentiel manag\u00e9rial et entrepreneurial avec le coaching de Caroline Rochon. Entamez votre parcours de bien-\u00eatre et de transformation.\" \/>\n<meta property=\"og:url\" content=\"https:\/\/carolinerochon.com\/fr\/coaching\/\" \/>\n<meta property=\"og:site_name\" content=\"Caroline Rochon\" \/>\n<meta property=\"article:publisher\" content=\"https:\/\/www.facebook.com\/CarolineRochonTransformationalTrainer\/\" \/>\n<meta property=\"article:modified_time\" content=\"2024-03-20T15:02:54+00:00\" \/>\n<meta property=\"og:image\" content=\"https:\/\/carolinerochon.com\/wp-content\/uploads\/2021\/03\/social.png\" \/>\n\t<meta property=\"og:image:width\" content=\"900\" \/>\n\t<meta property=\"og:image:height\" content=\"473\" \/>\n\t<meta property=\"og:image:type\" content=\"image\/png\" \/>\n<meta name=\"twitter:card\" content=\"summary_large_image\" \/>\n<meta name=\"twitter:site\" content=\"@lal_gratitude\" \/>\n<meta name=\"twitter:label1\" content=\"Dur\u00e9e de lecture estim\u00e9e\" \/>\n\t<meta name=\"twitter:data1\" content=\"4 minutes\" \/>\n<script type=\"application\/ld+json\" class=\"yoast-schema-graph\">{\"@context\":\"https:\/\/schema.org\",\"@graph\":[{\"@type\":\"WebPage\",\"@id\":\"https:\/\/carolinerochon.com\/fr\/coaching\/\",\"url\":\"https:\/\/carolinerochon.com\/fr\/coaching\/\",\"name\":\"Coaching &#8211; Caroline Rochon\",\"isPartOf\":{\"@id\":\"https:\/\/carolinerochon.com\/fr\/#website\"},\"datePublished\":\"2020-10-02T18:37:24+00:00\",\"dateModified\":\"2024-03-20T15:02:54+00:00\",\"description\":\"Boostez votre potentiel manag\u00e9rial et entrepreneurial avec le coaching de Caroline Rochon. Entamez votre parcours de bien-\u00eatre et de transformation.\",\"breadcrumb\":{\"@id\":\"https:\/\/carolinerochon.com\/fr\/coaching\/#breadcrumb\"},\"inLanguage\":\"fr-FR\",\"potentialAction\":[{\"@type\":\"ReadAction\",\"target\":[\"https:\/\/carolinerochon.com\/fr\/coaching\/\"]}]},{\"@type\":\"BreadcrumbList\",\"@id\":\"https:\/\/carolinerochon.com\/fr\/coaching\/#breadcrumb\",\"itemListElement\":[{\"@type\":\"ListItem\",\"position\":1,\"name\":\"Home\",\"item\":\"https:\/\/carolinerochon.com\/fr\/\"},{\"@type\":\"ListItem\",\"position\":2,\"name\":\"Coaching\"}]},{\"@type\":\"WebSite\",\"@id\":\"https:\/\/carolinerochon.com\/fr\/#website\",\"url\":\"https:\/\/carolinerochon.com\/fr\/\",\"name\":\"Caroline Rochon\",\"description\":\"Training Coaching Formation\",\"publisher\":{\"@id\":\"https:\/\/carolinerochon.com\/fr\/#organization\"},\"potentialAction\":[{\"@type\":\"SearchAction\",\"target\":{\"@type\":\"EntryPoint\",\"urlTemplate\":\"https:\/\/carolinerochon.com\/fr\/?s={search_term_string}\"},\"query-input\":{\"@type\":\"PropertyValueSpecification\",\"valueRequired\":true,\"valueName\":\"search_term_string\"}}],\"inLanguage\":\"fr-FR\"},{\"@type\":\"Organization\",\"@id\":\"https:\/\/carolinerochon.com\/fr\/#organization\",\"name\":\"Caroline Rochon\",\"url\":\"https:\/\/carolinerochon.com\/fr\/\",\"logo\":{\"@type\":\"ImageObject\",\"inLanguage\":\"fr-FR\",\"@id\":\"https:\/\/carolinerochon.com\/fr\/#\/schema\/logo\/image\/\",\"url\":\"https:\/\/carolinerochon.com\/wp-content\/uploads\/2024\/03\/caroline-rochon-logo-696-x-696-px.png\",\"contentUrl\":\"https:\/\/carolinerochon.com\/wp-content\/uploads\/2024\/03\/caroline-rochon-logo-696-x-696-px.png\",\"width\":696,\"height\":696,\"caption\":\"Caroline Rochon\"},\"image\":{\"@id\":\"https:\/\/carolinerochon.com\/fr\/#\/schema\/logo\/image\/\"},\"sameAs\":[\"https:\/\/www.facebook.com\/CarolineRochonTransformationalTrainer\/\",\"https:\/\/x.com\/lal_gratitude\",\"https:\/\/www.instagram.com\/carolinerochonspeakertrainer\/\",\"https:\/\/ca.linkedin.com\/in\/carolinerochonspeaker\",\"https:\/\/www.youtube.com\/user\/CarolineRochon\"]}]}<\/script>\n<!-- \/ Yoast SEO plugin. -->","yoast_head_json":{"title":"Coaching &#8211; Caroline Rochon","description":"Boostez votre potentiel manag\u00e9rial et entrepreneurial avec le coaching de Caroline Rochon. Entamez votre parcours de bien-\u00eatre et de transformation.","robots":{"index":"index","follow":"follow","max-snippet":"max-snippet:-1","max-image-preview":"max-image-preview:large","max-video-preview":"max-video-preview:-1"},"canonical":"https:\/\/carolinerochon.com\/fr\/coaching\/","og_locale":"fr_FR","og_type":"article","og_title":"Coaching &#8211; Caroline Rochon","og_description":"Boostez votre potentiel manag\u00e9rial et entrepreneurial avec le coaching de Caroline Rochon. Entamez votre parcours de bien-\u00eatre et de transformation.","og_url":"https:\/\/carolinerochon.com\/fr\/coaching\/","og_site_name":"Caroline Rochon","article_publisher":"https:\/\/www.facebook.com\/CarolineRochonTransformationalTrainer\/","article_modified_time":"2024-03-20T15:02:54+00:00","og_image":[{"width":900,"height":473,"url":"https:\/\/carolinerochon.com\/wp-content\/uploads\/2021\/03\/social.png","type":"image\/png"}],"twitter_card":"summary_large_image","twitter_site":"@lal_gratitude","twitter_misc":{"Dur\u00e9e de lecture estim\u00e9e":"4 minutes"},"schema":{"@context":"https:\/\/schema.org","@graph":[{"@type":"WebPage","@id":"https:\/\/carolinerochon.com\/fr\/coaching\/","url":"https:\/\/carolinerochon.com\/fr\/coaching\/","name":"Coaching &#8211; Caroline Rochon","isPartOf":{"@id":"https:\/\/carolinerochon.com\/fr\/#website"},"datePublished":"2020-10-02T18:37:24+00:00","dateModified":"2024-03-20T15:02:54+00:00","description":"Boostez votre potentiel manag\u00e9rial et entrepreneurial avec le coaching de Caroline Rochon. Entamez votre parcours de bien-\u00eatre et de transformation.","breadcrumb":{"@id":"https:\/\/carolinerochon.com\/fr\/coaching\/#breadcrumb"},"inLanguage":"fr-FR","potentialAction":[{"@type":"ReadAction","target":["https:\/\/carolinerochon.com\/fr\/coaching\/"]}]},{"@type":"BreadcrumbList","@id":"https:\/\/carolinerochon.com\/fr\/coaching\/#breadcrumb","itemListElement":[{"@type":"ListItem","position":1,"name":"Home","item":"https:\/\/carolinerochon.com\/fr\/"},{"@type":"ListItem","position":2,"name":"Coaching"}]},{"@type":"WebSite","@id":"https:\/\/carolinerochon.com\/fr\/#website","url":"https:\/\/carolinerochon.com\/fr\/","name":"Caroline Rochon","description":"Training Coaching Formation","publisher":{"@id":"https:\/\/carolinerochon.com\/fr\/#organization"},"potentialAction":[{"@type":"SearchAction","target":{"@type":"EntryPoint","urlTemplate":"https:\/\/carolinerochon.com\/fr\/?s={search_term_string}"},"query-input":{"@type":"PropertyValueSpecification","valueRequired":true,"valueName":"search_term_string"}}],"inLanguage":"fr-FR"},{"@type":"Organization","@id":"https:\/\/carolinerochon.com\/fr\/#organization","name":"Caroline Rochon","url":"https:\/\/carolinerochon.com\/fr\/","logo":{"@type":"ImageObject","inLanguage":"fr-FR","@id":"https:\/\/carolinerochon.com\/fr\/#\/schema\/logo\/image\/","url":"https:\/\/carolinerochon.com\/wp-content\/uploads\/2024\/03\/caroline-rochon-logo-696-x-696-px.png","contentUrl":"https:\/\/carolinerochon.com\/wp-content\/uploads\/2024\/03\/caroline-rochon-logo-696-x-696-px.png","width":696,"height":696,"caption":"Caroline Rochon"},"image":{"@id":"https:\/\/carolinerochon.com\/fr\/#\/schema\/logo\/image\/"},"sameAs":["https:\/\/www.facebook.com\/CarolineRochonTransformationalTrainer\/","https:\/\/x.com\/lal_gratitude","https:\/\/www.instagram.com\/carolinerochonspeakertrainer\/","https:\/\/ca.linkedin.com\/in\/carolinerochonspeaker","https:\/\/www.youtube.com\/user\/CarolineRochon"]}]}},"_links":{"self":[{"href":"https:\/\/carolinerochon.com\/fr\/wp-json\/wp\/v2\/pages\/357","targetHints":{"allow":["GET"]}}],"collection":[{"href":"https:\/\/carolinerochon.com\/fr\/wp-json\/wp\/v2\/pages"}],"about":[{"href":"https:\/\/carolinerochon.com\/fr\/wp-json\/wp\/v2\/types\/page"}],"author":[{"embeddable":true,"href":"https:\/\/carolinerochon.com\/fr\/wp-json\/wp\/v2\/users\/2"}],"replies":[{"embeddable":true,"href":"https:\/\/carolinerochon.com\/fr\/wp-json\/wp\/v2\/comments?post=357"}],"version-history":[{"count":7,"href":"https:\/\/carolinerochon.com\/fr\/wp-json\/wp\/v2\/pages\/357\/revisions"}],"predecessor-version":[{"id":1272,"href":"https:\/\/carolinerochon.com\/fr\/wp-json\/wp\/v2\/pages\/357\/revisions\/1272"}],"wp:attachment":[{"href":"https:\/\/carolinerochon.com\/fr\/wp-json\/wp\/v2\/media?parent=357"}],"curies":[{"name":"wp","href":"https:\/\/api.w.org\/{rel}","templated":true}]}}