{"id":347,"date":"2020-09-30T10:47:25","date_gmt":"2020-09-30T14:47:25","guid":{"rendered":"http:\/\/carolinerochon.com\/appreciation\/"},"modified":"2021-10-03T11:20:27","modified_gmt":"2021-10-03T15:20:27","slug":"appreciation","status":"publish","type":"page","link":"https:\/\/carolinerochon.com\/fr\/appreciation\/","title":{"rendered":"Appr\u00e9ciation"},"content":{"rendered":"<div class=\"wpb-content-wrapper\"><p>[vc_row type=\u00a0\u00bbin_grid\u00a0\u00bb el_class=\u00a0\u00bbpage-int-top-row padding-100&Prime;][vc_column width=\u00a0\u00bb1\/2&Prime; el_class=\u00a0\u00bbpage-int-top-text-col\u00a0\u00bb][vc_column_text el_class=\u00a0\u00bbpage-title\u00a0\u00bb]<\/p>\n<h2>Appr\u00e9ciation<\/h2>\n<p>[\/vc_column_text][vc_column_text el_class=\u00a0\u00bbsmall-title\u00a0\u00bb]cr\u00e9ez de meilleures relations[\/vc_column_text][vc_column_text]<strong>\u00ab\u00a051 pour cent des gestionnaires croient qu\u2019ils font un bon travail de reconnaissance aupr\u00e8s de leurs employ\u00e9s, et seulement 17 pour cent de ces employ\u00e9s estiment que leur gestionnaire fait un bon travail de bien les reconnaitre.\u00a0\u00bb<\/strong><\/p>\n<p>Il y a un gros \u00e9cart d\u2019appr\u00e9ciation en milieu de travail. Dans la vie, comme au travail les gens expriment et re\u00e7oivent l\u2019appr\u00e9ciation de diff\u00e9rentes fa\u00e7ons. Si vous exprimez votre appr\u00e9ciation d&rsquo;une mani\u00e8re qui n&rsquo;a pas de sens pour vos coll\u00e8gues, ils peuvent ne pas se sentir valoris\u00e9s du tout. Le probl\u00e8me est que vous et vos employ\u00e9s parlez diff\u00e9rents langages d&rsquo;appr\u00e9ciation.<\/p>\n<p>Des recherches ont montr\u00e9 que lorsque les gens ne se sentent pas valoris\u00e9s et appr\u00e9ci\u00e9s, ils recherchent d\u2019autres possibilit\u00e9s d\u2019emploi, ils se d\u00e9sengagent et d\u00e9couragent leur entourage. Le concept d&rsquo;appr\u00e9ciation sur le lieu de travail peut sembler banal, mais lorsque toutes les personnes impliqu\u00e9es r\u00e9alisent, comprennent et appliquent le concept, les employ\u00e9s sont nettement plus engag\u00e9s, productifs, positifs et loyaux.<\/p>\n<p>Les sessions de formation ou les pr\u00e9sentations que Caroline offre sont bas\u00e9es sur le livre \u00ab Les 5 Langages d\u2019appr\u00e9ciation dans le milieu de travail \u00bb de Dr Gary Chapman et Dr Paul White, qui s&rsquo;est vendu jusqu&rsquo;\u00e0 pr\u00e9sent \u00e0 plus de 400 000 exemplaires. Ce livre est une adaptation pour le milieu de travail du livre \u00ab Les 5 Langages d\u2019amour \u00bb de Dr Chapman, et celui s&rsquo;est vendu \u00e0 plus de 20 millions d&rsquo;exemplaires dans le monde.<\/p>\n<p>Caroline est une formatrice agr\u00e9\u00e9e et un partenaire de choix pour L\u2019Appr\u00e9ciation dans le milieu de travail avec le Dr Paul White.[\/vc_column_text][\/vc_column][vc_column width=\u00a0\u00bb1\/2&Prime; el_class=\u00a0\u00bbpage-int-top-img-col\u00a0\u00bb][vc_row_inner type=\u00a0\u00bbfull_width\u00a0\u00bb el_class=\u00a0\u00bbpage-int-text-on-img-row\u00a0\u00bb][vc_column_inner][vc_single_image image=\u00a0\u00bb307&Prime; img_size=\u00a0\u00bbfull\u00a0\u00bb alignment=\u00a0\u00bbcenter\u00a0\u00bb][vc_column_text el_class=\u00a0\u00bbtext-image\u00a0\u00bb]<\/p>\n<h1>\u201d<\/h1>\n<p>IL Y A PLUS DE FAIM POUR DE L&rsquo;AMOUR ET DE L&rsquo;APPR\u00c9CIATION DANS CE MONDE QUE POUR DU PAIN<br \/>\n\u2014 M\u00c8RE TERESA[\/vc_column_text][\/vc_column_inner][\/vc_row_inner][\/vc_column][\/vc_row][vc_row type=\u00a0\u00bbin_grid\u00a0\u00bb el_class=\u00a0\u00bbfive-language-appreciation-row padding-100&Prime;][vc_column][vc_column_text]<\/p>\n<h2>Bienfaits<\/h2>\n<p>[\/vc_column_text][vc_row_inner type=\u00a0\u00bbfull_width\u00a0\u00bb el_class=\u00a0\u00bbfive-language-appreciation-inner-row\u00a0\u00bb][vc_column_inner width=\u00a0\u00bb1\/2&Prime;][vc_column_text el_class=\u00a0\u00bbsmall-title\u00a0\u00bb]R\u00e9sultats d&rsquo;apprentissage et avantages[\/vc_column_text][vc_column_text]<\/p>\n<ul>\n<li>Hausse d\u2019engagement des employ\u00e9s<\/li>\n<li>Augmentation de la productivit\u00e9<\/li>\n<li>Environnement de travail plus positif et moins de conflits<\/li>\n<li>Accroissement de respect et civilit\u00e9<\/li>\n<li>Am\u00e9lioration de la satisfaction client<\/li>\n<li>R\u00e9duction de l&rsquo;absent\u00e9isme, du roulement du personnel et des co\u00fbts li\u00e9s aux<\/li>\n<li>ressources humaines<\/li>\n<\/ul>\n<p>[\/vc_column_text][\/vc_column_inner][vc_column_inner width=\u00a0\u00bb1\/2&Prime;][vc_column_text el_class=\u00a0\u00bbsmall-title\u00a0\u00bb]Les sujets abord\u00e9s[\/vc_column_text][vc_column_text]<\/p>\n<ul>\n<li>L&rsquo;importance de l&rsquo;appr\u00e9ciation dans le milieu de travail<\/li>\n<li>La diff\u00e9rence entre un programme de reconnaissance et l&rsquo;appr\u00e9ciation<\/li>\n<li>La valeur de l\u2019individu versus l\u2019accent sur le rendement, et les conditions essentielles pour que les gens se sentent appr\u00e9ci\u00e9s<\/li>\n<li>Mettre en pratique au quotidien les 5 langages d\u2019appr\u00e9ciation et l\u2019importance d\u2019atteindre la cible<\/li>\n<li>Surmonter les obstacles en mettant en place le concept des 5 Langages d\u2019appr\u00e9ciation en milieu de travail<\/li>\n<\/ul>\n<p>[\/vc_column_text][\/vc_column_inner][\/vc_row_inner][\/vc_column][\/vc_row][vc_row type=\u00a0\u00bbin_grid\u00a0\u00bb el_class=\u00a0\u00bbpage-quote-row padding-100&Prime;][vc_column][vc_column_text el_class=\u00a0\u00bbquote\u00a0\u00bb]\u00c9changez vos attentes pour l&rsquo;appr\u00e9ciation<br \/>\net le monde change pour vous.[\/vc_column_text][vc_column_text el_class=\u00a0\u00bbquote-name\u00a0\u00bb]Anthony Robbins[\/vc_column_text][\/vc_column][\/vc_row][vc_row type=\u00a0\u00bbin_grid\u00a0\u00bb el_class=\u00a0\u00bbcoaching-row padding-100&Prime;][vc_column width=\u00a0\u00bb7\/12&Prime; el_class=\u00a0\u00bbcoaching-text-col training-mh vc_col-sm-push-5&Prime;][vc_column_text]<\/p>\n<h2>Outils d&rsquo;\u00e9valuation<\/h2>\n<p>[\/vc_column_text][vc_column_text]Caroline propose et accompagne ses s\u00e9ances de formation et de pr\u00e9sentations avec deux outils d&rsquo;\u00e9valuation. Le premier vient mesurer votre retour sur investissement (ROI) en comparant votre \u00ab Appr\u00e9ciation au travail \u00bb avant et apr\u00e8s la formation aupr\u00e8s des employ\u00e9s. Le deuxi\u00e8me outil g\u00e9n\u00e9rera des profils d&rsquo;appr\u00e9ciation pour les employ\u00e9s, ainsi qu&rsquo;un rapport personnalis\u00e9 et un plan d&rsquo;action.<\/p>\n<p>Caroline offre \u00e9galement un soutien continu \u00e0 court et \u00e0 long terme pour une am\u00e9lioration continue.[\/vc_column_text][vc_single_image image=\u00a0\u00bb547&Prime; img_size=\u00a0\u00bbfull\u00a0\u00bb alignment=\u00a0\u00bbcenter\u00a0\u00bb][\/vc_column][vc_column width=\u00a0\u00bb5\/12&Prime; el_class=\u00a0\u00bbcoaching-img-col training-mh vc_col-sm-pull-7&Prime; css=\u00a0\u00bb.vc_custom_1604080407520{background-image: url(http:\/\/carolinerochon.com\/wp-content\/uploads\/2020\/10\/dr_white.png?id=448) !important;background-position: center !important;background-repeat: no-repeat !important;background-size: cover !important;}\u00a0\u00bb][vc_column_text el_class=\u00a0\u00bbtext-image\u00a0\u00bb]Dr Paul White et Caroline<br \/>\nF\u00e9vrier 2014<br \/>\nWichita, Kansas USA[\/vc_column_text][\/vc_column][\/vc_row][vc_row type=\u00a0\u00bbin_grid\u00a0\u00bb el_class=\u00a0\u00bbpadding-100 appreciation-img-row\u00a0\u00bb][vc_column width=\u00a0\u00bb1\/3&Prime;][vc_single_image image=\u00a0\u00bb498&Prime; img_size=\u00a0\u00bbfull\u00a0\u00bb alignment=\u00a0\u00bbcenter\u00a0\u00bb][\/vc_column][vc_column width=\u00a0\u00bb1\/3&Prime;][vc_single_image image=\u00a0\u00bb502&Prime; img_size=\u00a0\u00bbfull\u00a0\u00bb alignment=\u00a0\u00bbcenter\u00a0\u00bb][\/vc_column][vc_column width=\u00a0\u00bb1\/3&Prime;][vc_single_image image=\u00a0\u00bb896&Prime; img_size=\u00a0\u00bbfull\u00a0\u00bb alignment=\u00a0\u00bbcenter\u00a0\u00bb][\/vc_column][\/vc_row][vc_row type=\u00a0\u00bbfull_width\u00a0\u00bb][vc_column]<div class=\"templatera_shortcode\"><div class=\"vc_row wpb_row vc_row-fluid believe-yourself-row padding-100 row-in-grid\"><div class=\"container\"><div class=\"row-in-grid-inner\"><div class=\"wpb_column vc_column_container vc_col-sm-4\"><div class=\"vc_column-inner\"><div class=\"wpb_wrapper\">\n\t<div  class=\"wpb_single_image wpb_content_element vc_align_center\">\n\t\t\n\t\t<figure class=\"wpb_wrapper vc_figure\">\n\t\t\t<div class=\"vc_single_image-wrapper   vc_box_border_grey\"><img loading=\"lazy\" decoding=\"async\" width=\"448\" height=\"389\" src=\"https:\/\/carolinerochon.com\/wp-content\/uploads\/2021\/03\/BRAND-FR.png\" class=\"vc_single_image-img attachment-full\" alt=\"Soyez Inspir\u00e9 \u00e0 Passer \u00e0 l&#039;action\" title=\"BRAND-FR\" \/><\/div>\n\t\t<\/figure>\n\t<\/div>\n<\/div><\/div><\/div><div class=\"wpb_column vc_column_container vc_col-sm-8\"><div class=\"vc_column-inner\"><div class=\"wpb_wrapper\">\n\t<div class=\"wpb_text_column wpb_content_element\" >\n\t\t<div class=\"wpb_wrapper\">\n\t\t\t<h5>Am\u00e9liorez le succ\u00e8s de votre organisation en lui apportant plus d\u2019appr\u00e9ciation.<\/h5>\n\n\t\t<\/div>\n\t<\/div>\n<a href=\"\/fr\/contact\" target=\"_self\" class=\"dist-btn\">Travaillez avec moi<\/a><\/div><\/div><\/div><\/div><\/div><\/div><\/div>[\/vc_column][\/vc_row][vc_row type=\u00a0\u00bbfull_width\u00a0\u00bb el_class=\u00a0\u00bbpage-int-themes\u00a0\u00bb][vc_column]<div class=\"dist-shortcode-container wpb_content_element\"><div class=\"how-i-do-it-inner-row\">\n\t\n\t<div class=\"how-i-do-it hidi-disc\">\n\t\t<div class=\"how-i-do-it-inner\">\n\t\t\t<div class=\"how-i-do-it-content\">\n\t\t\t\t<div class=\"how-i-do-it-text\"><span style=\"font-weight:600;\">DISC<\/span> <br>\u00c9TUDES COMPORTEMENTALES B\u00c2TISSENT DES RELATIONS SOLIDES<\/div>\n\t\t\t<\/div>\n\t\t\t<a class=\"how-i-do-it-lien\" href=\"\/fr\/disc\/\"><\/a>\n\t\t<\/div>\n\t<\/div>\n\t<div class=\"how-i-do-it hidi-appreciation\">\n\t\t<div class=\"how-i-do-it-inner\">\n\t\t\t<div class=\"how-i-do-it-content\">\n\t\t\t\t<div class=\"how-i-do-it-text\"><span style=\"font-weight:600;\">Appr\u00e9ciation<\/span> <br>Cr\u00e9ez de meilleures relations<\/div>\n\t\t\t<\/div>\n\t\t\t<a class=\"how-i-do-it-lien\" href=\"\/fr\/appreciation\/\"><\/a>\n\t\t<\/div>\n\t<\/div>\n\t<div class=\"how-i-do-it hidi-transformation\">\n\t\t<div class=\"how-i-do-it-inner\">\n\t\t\t<div class=\"how-i-do-it-content\">\n\t\t\t\t<div class=\"how-i-do-it-text\"><span style=\"font-weight:600;\">Transformation<\/span> <br>Engendrez un changement r\u00e9ussi<\/div>\n\t\t\t<\/div>\n\t\t\t<a class=\"how-i-do-it-lien\" href=\"\/fr\/transformation\/\"><\/a>\n\t\t<\/div>\n\t<\/div>\n\t<div class=\"how-i-do-it hidi-inspiration\">\n\t\t<div class=\"how-i-do-it-inner\">\n\t\t\t<div class=\"how-i-do-it-content\">\n\t\t\t\t<div class=\"how-i-do-it-text\"><span style=\"font-weight:600;\">Inspiration<\/span> <br>\u00c9veillez le meilleur de chacun<\/div>\n\t\t\t<\/div>\n\t\t\t<a class=\"how-i-do-it-lien\" href=\"\/fr\/inspiration\/\"><\/a>\n\t\t<\/div>\n\t<\/div>\n\t<div class=\"how-i-do-it hidi-organisation\">\n\t\t<div class=\"how-i-do-it-inner\">\n\t\t\t<div class=\"how-i-do-it-content\">\n\t\t\t\t<div class=\"how-i-do-it-text\"><span style=\"font-weight:600;\">Organisation<\/span> <br>Procurez une libert\u00e9<\/div>\n\t\t\t<\/div>\n\t\t\t<a class=\"how-i-do-it-lien\" href=\"\/fr\/organisation\/\"><\/a>\n\t\t<\/div>\n\t<\/div>\n<\/div>\n\n    <\/div>[\/vc_column][\/vc_row]<\/p>\n<\/div>","protected":false},"excerpt":{"rendered":"Appr\u00e9ciation cr\u00e9ez de meilleures relations \u00ab\u00a051 pour cent des gestionnaires croient qu\u2019ils font un bon travail de reconnaissance aupr\u00e8s de leurs employ\u00e9s, et seulement 17 pour cent de ces employ\u00e9s estiment que leur gestionnaire fait un bon travail de bien les reconnaitre.\u00a0\u00bb Il y a un gros \u00e9cart d\u2019appr\u00e9ciation en milieu de travail. Dans la [...]","protected":false},"author":2,"featured_media":0,"parent":0,"menu_order":0,"comment_status":"closed","ping_status":"closed","template":"","meta":{"_acf_changed":false,"footnotes":""},"class_list":["post-347","page","type-page","status-publish","hentry"],"acf":[],"yoast_head":"<!-- This site is optimized with the Yoast SEO plugin v25.4 - https:\/\/yoast.com\/wordpress\/plugins\/seo\/ -->\n<title>Appr\u00e9ciation &#8211; Caroline Rochon<\/title>\n<meta name=\"description\" content=\"Utilisez les 5 Langages de l&#039;Appr\u00e9ciation avec Caroline Rochon pour transformer votre milieu de travail. D\u00e9couvrez leur importance.\" \/>\n<meta name=\"robots\" content=\"index, follow, max-snippet:-1, max-image-preview:large, max-video-preview:-1\" \/>\n<link rel=\"canonical\" href=\"https:\/\/carolinerochon.com\/fr\/appreciation\/\" \/>\n<meta property=\"og:locale\" content=\"fr_FR\" \/>\n<meta property=\"og:type\" content=\"article\" \/>\n<meta property=\"og:title\" content=\"Appr\u00e9ciation &#8211; Caroline Rochon\" \/>\n<meta property=\"og:description\" content=\"Utilisez les 5 Langages de l&#039;Appr\u00e9ciation avec Caroline Rochon pour transformer votre milieu de travail. D\u00e9couvrez leur importance.\" \/>\n<meta property=\"og:url\" content=\"https:\/\/carolinerochon.com\/fr\/appreciation\/\" \/>\n<meta property=\"og:site_name\" content=\"Caroline Rochon\" \/>\n<meta property=\"article:publisher\" content=\"https:\/\/www.facebook.com\/CarolineRochonTransformationalTrainer\/\" \/>\n<meta property=\"article:modified_time\" content=\"2021-10-03T15:20:27+00:00\" \/>\n<meta property=\"og:image\" content=\"https:\/\/carolinerochon.com\/wp-content\/uploads\/2021\/03\/social.png\" \/>\n\t<meta property=\"og:image:width\" content=\"900\" \/>\n\t<meta property=\"og:image:height\" content=\"473\" \/>\n\t<meta property=\"og:image:type\" content=\"image\/png\" \/>\n<meta name=\"twitter:card\" content=\"summary_large_image\" \/>\n<meta name=\"twitter:site\" content=\"@lal_gratitude\" \/>\n<meta name=\"twitter:label1\" content=\"Dur\u00e9e de lecture estim\u00e9e\" \/>\n\t<meta name=\"twitter:data1\" content=\"3 minutes\" \/>\n<script type=\"application\/ld+json\" class=\"yoast-schema-graph\">{\"@context\":\"https:\/\/schema.org\",\"@graph\":[{\"@type\":\"WebPage\",\"@id\":\"https:\/\/carolinerochon.com\/fr\/appreciation\/\",\"url\":\"https:\/\/carolinerochon.com\/fr\/appreciation\/\",\"name\":\"Appr\u00e9ciation &#8211; Caroline Rochon\",\"isPartOf\":{\"@id\":\"https:\/\/carolinerochon.com\/fr\/#website\"},\"datePublished\":\"2020-09-30T14:47:25+00:00\",\"dateModified\":\"2021-10-03T15:20:27+00:00\",\"description\":\"Utilisez les 5 Langages de l'Appr\u00e9ciation avec Caroline Rochon pour transformer votre milieu de travail. D\u00e9couvrez leur importance.\",\"breadcrumb\":{\"@id\":\"https:\/\/carolinerochon.com\/fr\/appreciation\/#breadcrumb\"},\"inLanguage\":\"fr-FR\",\"potentialAction\":[{\"@type\":\"ReadAction\",\"target\":[\"https:\/\/carolinerochon.com\/fr\/appreciation\/\"]}]},{\"@type\":\"BreadcrumbList\",\"@id\":\"https:\/\/carolinerochon.com\/fr\/appreciation\/#breadcrumb\",\"itemListElement\":[{\"@type\":\"ListItem\",\"position\":1,\"name\":\"Home\",\"item\":\"https:\/\/carolinerochon.com\/fr\/\"},{\"@type\":\"ListItem\",\"position\":2,\"name\":\"Appr\u00e9ciation\"}]},{\"@type\":\"WebSite\",\"@id\":\"https:\/\/carolinerochon.com\/fr\/#website\",\"url\":\"https:\/\/carolinerochon.com\/fr\/\",\"name\":\"Caroline Rochon\",\"description\":\"Training Coaching Formation\",\"publisher\":{\"@id\":\"https:\/\/carolinerochon.com\/fr\/#organization\"},\"potentialAction\":[{\"@type\":\"SearchAction\",\"target\":{\"@type\":\"EntryPoint\",\"urlTemplate\":\"https:\/\/carolinerochon.com\/fr\/?s={search_term_string}\"},\"query-input\":{\"@type\":\"PropertyValueSpecification\",\"valueRequired\":true,\"valueName\":\"search_term_string\"}}],\"inLanguage\":\"fr-FR\"},{\"@type\":\"Organization\",\"@id\":\"https:\/\/carolinerochon.com\/fr\/#organization\",\"name\":\"Caroline Rochon\",\"url\":\"https:\/\/carolinerochon.com\/fr\/\",\"logo\":{\"@type\":\"ImageObject\",\"inLanguage\":\"fr-FR\",\"@id\":\"https:\/\/carolinerochon.com\/fr\/#\/schema\/logo\/image\/\",\"url\":\"https:\/\/carolinerochon.com\/wp-content\/uploads\/2024\/03\/caroline-rochon-logo-696-x-696-px.png\",\"contentUrl\":\"https:\/\/carolinerochon.com\/wp-content\/uploads\/2024\/03\/caroline-rochon-logo-696-x-696-px.png\",\"width\":696,\"height\":696,\"caption\":\"Caroline Rochon\"},\"image\":{\"@id\":\"https:\/\/carolinerochon.com\/fr\/#\/schema\/logo\/image\/\"},\"sameAs\":[\"https:\/\/www.facebook.com\/CarolineRochonTransformationalTrainer\/\",\"https:\/\/x.com\/lal_gratitude\",\"https:\/\/www.instagram.com\/carolinerochonspeakertrainer\/\",\"https:\/\/ca.linkedin.com\/in\/carolinerochonspeaker\",\"https:\/\/www.youtube.com\/user\/CarolineRochon\"]}]}<\/script>\n<!-- \/ Yoast SEO plugin. -->","yoast_head_json":{"title":"Appr\u00e9ciation &#8211; Caroline Rochon","description":"Utilisez les 5 Langages de l'Appr\u00e9ciation avec Caroline Rochon pour transformer votre milieu de travail. D\u00e9couvrez leur importance.","robots":{"index":"index","follow":"follow","max-snippet":"max-snippet:-1","max-image-preview":"max-image-preview:large","max-video-preview":"max-video-preview:-1"},"canonical":"https:\/\/carolinerochon.com\/fr\/appreciation\/","og_locale":"fr_FR","og_type":"article","og_title":"Appr\u00e9ciation &#8211; Caroline Rochon","og_description":"Utilisez les 5 Langages de l'Appr\u00e9ciation avec Caroline Rochon pour transformer votre milieu de travail. D\u00e9couvrez leur importance.","og_url":"https:\/\/carolinerochon.com\/fr\/appreciation\/","og_site_name":"Caroline Rochon","article_publisher":"https:\/\/www.facebook.com\/CarolineRochonTransformationalTrainer\/","article_modified_time":"2021-10-03T15:20:27+00:00","og_image":[{"width":900,"height":473,"url":"https:\/\/carolinerochon.com\/wp-content\/uploads\/2021\/03\/social.png","type":"image\/png"}],"twitter_card":"summary_large_image","twitter_site":"@lal_gratitude","twitter_misc":{"Dur\u00e9e de lecture estim\u00e9e":"3 minutes"},"schema":{"@context":"https:\/\/schema.org","@graph":[{"@type":"WebPage","@id":"https:\/\/carolinerochon.com\/fr\/appreciation\/","url":"https:\/\/carolinerochon.com\/fr\/appreciation\/","name":"Appr\u00e9ciation &#8211; Caroline Rochon","isPartOf":{"@id":"https:\/\/carolinerochon.com\/fr\/#website"},"datePublished":"2020-09-30T14:47:25+00:00","dateModified":"2021-10-03T15:20:27+00:00","description":"Utilisez les 5 Langages de l'Appr\u00e9ciation avec Caroline Rochon pour transformer votre milieu de travail. D\u00e9couvrez leur importance.","breadcrumb":{"@id":"https:\/\/carolinerochon.com\/fr\/appreciation\/#breadcrumb"},"inLanguage":"fr-FR","potentialAction":[{"@type":"ReadAction","target":["https:\/\/carolinerochon.com\/fr\/appreciation\/"]}]},{"@type":"BreadcrumbList","@id":"https:\/\/carolinerochon.com\/fr\/appreciation\/#breadcrumb","itemListElement":[{"@type":"ListItem","position":1,"name":"Home","item":"https:\/\/carolinerochon.com\/fr\/"},{"@type":"ListItem","position":2,"name":"Appr\u00e9ciation"}]},{"@type":"WebSite","@id":"https:\/\/carolinerochon.com\/fr\/#website","url":"https:\/\/carolinerochon.com\/fr\/","name":"Caroline Rochon","description":"Training Coaching Formation","publisher":{"@id":"https:\/\/carolinerochon.com\/fr\/#organization"},"potentialAction":[{"@type":"SearchAction","target":{"@type":"EntryPoint","urlTemplate":"https:\/\/carolinerochon.com\/fr\/?s={search_term_string}"},"query-input":{"@type":"PropertyValueSpecification","valueRequired":true,"valueName":"search_term_string"}}],"inLanguage":"fr-FR"},{"@type":"Organization","@id":"https:\/\/carolinerochon.com\/fr\/#organization","name":"Caroline Rochon","url":"https:\/\/carolinerochon.com\/fr\/","logo":{"@type":"ImageObject","inLanguage":"fr-FR","@id":"https:\/\/carolinerochon.com\/fr\/#\/schema\/logo\/image\/","url":"https:\/\/carolinerochon.com\/wp-content\/uploads\/2024\/03\/caroline-rochon-logo-696-x-696-px.png","contentUrl":"https:\/\/carolinerochon.com\/wp-content\/uploads\/2024\/03\/caroline-rochon-logo-696-x-696-px.png","width":696,"height":696,"caption":"Caroline Rochon"},"image":{"@id":"https:\/\/carolinerochon.com\/fr\/#\/schema\/logo\/image\/"},"sameAs":["https:\/\/www.facebook.com\/CarolineRochonTransformationalTrainer\/","https:\/\/x.com\/lal_gratitude","https:\/\/www.instagram.com\/carolinerochonspeakertrainer\/","https:\/\/ca.linkedin.com\/in\/carolinerochonspeaker","https:\/\/www.youtube.com\/user\/CarolineRochon"]}]}},"_links":{"self":[{"href":"https:\/\/carolinerochon.com\/fr\/wp-json\/wp\/v2\/pages\/347","targetHints":{"allow":["GET"]}}],"collection":[{"href":"https:\/\/carolinerochon.com\/fr\/wp-json\/wp\/v2\/pages"}],"about":[{"href":"https:\/\/carolinerochon.com\/fr\/wp-json\/wp\/v2\/types\/page"}],"author":[{"embeddable":true,"href":"https:\/\/carolinerochon.com\/fr\/wp-json\/wp\/v2\/users\/2"}],"replies":[{"embeddable":true,"href":"https:\/\/carolinerochon.com\/fr\/wp-json\/wp\/v2\/comments?post=347"}],"version-history":[{"count":13,"href":"https:\/\/carolinerochon.com\/fr\/wp-json\/wp\/v2\/pages\/347\/revisions"}],"predecessor-version":[{"id":1163,"href":"https:\/\/carolinerochon.com\/fr\/wp-json\/wp\/v2\/pages\/347\/revisions\/1163"}],"wp:attachment":[{"href":"https:\/\/carolinerochon.com\/fr\/wp-json\/wp\/v2\/media?parent=347"}],"curies":[{"name":"wp","href":"https:\/\/api.w.org\/{rel}","templated":true}]}}