{"id":341,"date":"2020-09-29T16:55:48","date_gmt":"2020-09-29T20:55:48","guid":{"rendered":"http:\/\/carolinerochon.com\/about-me\/"},"modified":"2024-03-20T10:52:26","modified_gmt":"2024-03-20T14:52:26","slug":"a-propos","status":"publish","type":"page","link":"https:\/\/carolinerochon.com\/fr\/a-propos\/","title":{"rendered":"\u00c0 propos"},"content":{"rendered":"<div class=\"wpb-content-wrapper\"><p>[vc_row type=\u00a0\u00bbin_grid\u00a0\u00bb el_class=\u00a0\u00bbpage-int-top-row padding-100&Prime;][vc_column width=\u00a0\u00bb1\/2&Prime; el_class=\u00a0\u00bbpage-int-top-text-col\u00a0\u00bb][vc_column_text]<\/p>\n<h1 class=\"h1_theme\">\u00c0 propos de moi<\/h1>\n<p>[\/vc_column_text][vc_column_text el_class=\u00a0\u00bbsmall-title\u00a0\u00bb]Et de ce qui me tient \u00e0 c\u0153ur[\/vc_column_text][vc_column_text]Je suis d\u00e9di\u00e9e \u00e0 inspirer et \u00e0 habiliter les individus et les groupes, afin qu&rsquo;ils puissent atteindre leurs objectifs, r\u00e9aliser leurs r\u00eaves et vivre une vie heureuse, saine et riche.[\/vc_column_text][vc_column_text]<\/p>\n<ul>\n<li>Je tiens \u00e0 trouver des solutions gagnantes-gagnantes<\/li>\n<li>Je tiens \u00e0 cr\u00e9er des attitudes personnelles et collectives plus positives<\/li>\n<li>Je tiens \u00e0 rassembler les gens<\/li>\n<li>Je tiens \u00e0 c\u00e9l\u00e9brer les r\u00e9ussites, petites et grandes<\/li>\n<li>Je tiens \u00e0 t\u00e9moigner de la bienveillance envers tous<\/li>\n<\/ul>\n<p>[\/vc_column_text][\/vc_column][vc_column width=\u00a0\u00bb1\/2&Prime; el_class=\u00a0\u00bbpage-int-top-img-col\u00a0\u00bb][vc_single_image image=\u00a0\u00bb873&Prime; img_size=\u00a0\u00bbfull\u00a0\u00bb alignment=\u00a0\u00bbcenter\u00a0\u00bb][\/vc_column][\/vc_row][vc_row type=\u00a0\u00bbin_grid\u00a0\u00bb el_class=\u00a0\u00bbpage-int-top-row padding-100&Prime;][vc_column width=\u00a0\u00bb1\/2&Prime; el_class=\u00a0\u00bbpage-int-top-text-col\u00a0\u00bb][vc_single_image image=\u00a0\u00bb871&Prime; img_size=\u00a0\u00bbfull\u00a0\u00bb alignment=\u00a0\u00bbcenter\u00a0\u00bb][\/vc_column][vc_column width=\u00a0\u00bb1\/2&Prime; el_class=\u00a0\u00bbpage-int-top-img-col\u00a0\u00bb][vc_column_text]<\/p>\n<h2>Apprenez \u00e0 me conna\u00eetre<\/h2>\n<p>[\/vc_column_text][vc_column_text el_class=\u00a0\u00bbsmall-title\u00a0\u00bb]Mon histoire[\/vc_column_text]\t\t<div class=\"dist-accordion\" data-type=\"accordion\">\n\t\t\t\t\t<div class=\"dist-accordion-section\">\n\t\t\t<div class=\"dist-accordion-title\"><h4>C\u00e9l\u00e9brer mes r\u00e9alisations<\/h4><\/div>\n\t\t\t<div class=\"dist-accordion-content\">[vc_column_text]<\/p>\n<ul>\n<li>Participation \u00e0 des conf\u00e9rences sous la banni\u00e8re TEDx \u00e0 Chennai, en Inde \u2013 2012<\/li>\n<li>Porte-parole pour Avery Canada \u2013 2009-2010<\/li>\n<li>Membre \u00ab\u00a0Feuille d\u2019or\u00a0\u00bb \u2013- Organisateurs professionnels au Canada \u2013 2020<\/li>\n<li>Parachutisme \u2013 2014<\/li>\n<li>Publication de livres en 2011 et 2015<\/li>\n<li>Laur\u00e9ate du prix \u00ab Travailleuse autonome de l\u2019ann\u00e9e \u00bb du R\u00e9seau des femmes d\u2019affaires et professionnelles de l\u2019Outaouais &#8211; 2010<\/li>\n<\/ul>\n<p>[\/vc_column_text]<\/div>\n\t\t<\/div>\n\t\t\t\t<div class=\"dist-accordion-section\">\n\t\t\t<div class=\"dist-accordion-title\"><h4>Apprendre de tout<\/h4><\/div>\n\t\t\t<div class=\"dist-accordion-content\">[vc_column_text]<\/p>\n<ul>\n<li>L\u2019\u00e9cole de la vie! Ma plus grande source d\u2019apprentissage. J\u2019ose, j\u2019apprends, je grandis, j\u2019\u00e9volue.<\/li>\n<li>Groupe de formation Canfield \u2013 Formatrice certifi\u00e9e sur les principes du succ\u00e8s<\/li>\n<li>Coach professionnelle certifi\u00e9e en succ\u00e8s<\/li>\n<li>Organisatrice professionnelle<\/li>\n<li>\u00c9tudes en anthropologie \u00e0 l\u2019Universit\u00e9 de Montr\u00e9al<\/li>\n<li>Autodidacte dans des comp\u00e9tences tr\u00e8s vari\u00e9es, allant de l\u2019informatique \u00e0 la construction<\/li>\n<\/ul>\n<p>[\/vc_column_text]<\/div>\n\t\t<\/div>\n\t\t\t\t<div class=\"dist-accordion-section\">\n\t\t\t<div class=\"dist-accordion-title\"><h4>Imaginer mon futur<\/h4><\/div>\n\t\t\t<div class=\"dist-accordion-content\">[vc_column_text]<\/p>\n<ul>\n<li>Promouvoir la transformation individuelle et collective gr\u00e2ce \u00e0 mon travail<\/li>\n<li>Voyager et d\u00e9couvrir des destinations au pays et \u00e0 l\u2019\u00e9tranger<\/li>\n<li>\u00c9crire d\u2019autres livres. Cr\u00e9er des produits inspirants.<\/li>\n<li>C\u00e9l\u00e9brer la vie entour\u00e9e de gens que j\u2019aime et qui m\u2019aiment<\/li>\n<\/ul>\n<p>[\/vc_column_text]<\/div>\n\t\t<\/div>\n\t\t\t\t<div class=\"dist-accordion-section\">\n\t\t\t<div class=\"dist-accordion-title\"><h4>Pratiquer le moment pr\u00e9sent Pratiques quotidiennes<\/h4><\/div>\n\t\t\t<div class=\"dist-accordion-content\">[vc_column_text]<\/p>\n<ul>\n<li>Vivre sur un chemin d\u2019amour et de joie<\/li>\n<li>Me laisser inspirer par les autres et \u00eatre une source d\u2019inspiration<\/li>\n<li>Perfectionner mes habilet\u00e9s et comp\u00e9tences en tant que conf\u00e9renci\u00e8re et formatrice<\/li>\n<li>Appr\u00e9cier. Cr\u00e9er. Lire. Aimer. Rire. Organiser<\/li>\n<li>Poser des gestes spontan\u00e9s de bienveillance<\/li>\n<\/ul>\n<p>[\/vc_column_text]<\/div>\n\t\t<\/div>\n\t\t\t\t<div class=\"dist-accordion-section\">\n\t\t\t<div class=\"dist-accordion-title\"><h4>Honorer mon pass\u00e9<\/h4><\/div>\n\t\t\t<div class=\"dist-accordion-content\">[vc_column_text]<\/p>\n<ul>\n<li>J\u2019ai travaill\u00e9 pendant 20 ans dans le monde des affaires \u00e0 titre d\u2019employ\u00e9e et de gestionnaire<\/li>\n<li>J\u2019ai connu un mariage fond\u00e9 sur l\u2019amour pendant 17 ans, v\u00e9cu un divorce fond\u00e9 sur l\u2019amour, et depuis nous vivons une belle relation d\u2019amiti\u00e9<\/li>\n<li>J\u2019ai surmont\u00e9 des traumatismes personnels<\/li>\n<li>J\u2019ai tir\u00e9 des le\u00e7ons des cons\u00e9quences de certains de mes choix<\/li>\n<\/ul>\n<p>[\/vc_column_text]<\/div>\n\t\t<\/div>\n\t\t\t\t<div class=\"dist-accordion-section\">\n\t\t\t<div class=\"dist-accordion-title\"><h4>\u00catre au service<\/h4><\/div>\n\t\t\t<div class=\"dist-accordion-content\">[vc_column_text]<\/p>\n<ul>\n<li>Membre du conseil d\u2019administration de l\u2019Association des professionnels et entrepreneurs de l\u2019Outaouais (APEO)<\/li>\n<li>Pr\u00e9sidente et autres postes de direction au sein d\u2019Organisateurs professionnels au Canada, section d\u2019Ottawa<\/li>\n<li>Membre du conseil d\u2019administration des Grands Fr\u00e8res et Grandes S\u0153urs de l\u2019Outaouais<\/li>\n<li>Ambassadrice du gala Robe rouge de la Fondation des maladies du c\u0153ur en Outaouais<\/li>\n<\/ul>\n<p>[\/vc_column_text]<\/div>\n\t\t<\/div>\n\t\t\t\t<\/div>\n\t\t[\/vc_column][\/vc_row][vc_row type=\u00a0\u00bbin_grid\u00a0\u00bb el_class=\u00a0\u00bbapproach-empower-row\u00a0\u00bb][vc_column][vc_column_text]<\/p>\n<h2>Comment j&rsquo;y arrive<\/h2>\n<p>[\/vc_column_text]<div class=\"dist-shortcode-container wpb_content_element\"><div class=\"how-i-do-it-inner-row\">\n\t\n\t<div class=\"how-i-do-it hidi-disc\">\n\t\t<div class=\"how-i-do-it-inner\">\n\t\t\t<div class=\"how-i-do-it-content\">\n\t\t\t\t<div class=\"how-i-do-it-text\"><span style=\"font-weight:600;\">DISC<\/span> <br>\u00c9TUDES COMPORTEMENTALES B\u00c2TISSENT DES RELATIONS SOLIDES<\/div>\n\t\t\t<\/div>\n\t\t\t<a class=\"how-i-do-it-lien\" href=\"\/fr\/disc\/\"><\/a>\n\t\t<\/div>\n\t<\/div>\n\t<div class=\"how-i-do-it hidi-appreciation\">\n\t\t<div class=\"how-i-do-it-inner\">\n\t\t\t<div class=\"how-i-do-it-content\">\n\t\t\t\t<div class=\"how-i-do-it-text\"><span style=\"font-weight:600;\">Appr\u00e9ciation<\/span> <br>Cr\u00e9ez de meilleures relations<\/div>\n\t\t\t<\/div>\n\t\t\t<a class=\"how-i-do-it-lien\" href=\"\/fr\/appreciation\/\"><\/a>\n\t\t<\/div>\n\t<\/div>\n\t<div class=\"how-i-do-it hidi-transformation\">\n\t\t<div class=\"how-i-do-it-inner\">\n\t\t\t<div class=\"how-i-do-it-content\">\n\t\t\t\t<div class=\"how-i-do-it-text\"><span style=\"font-weight:600;\">Transformation<\/span> <br>Engendrez un changement r\u00e9ussi<\/div>\n\t\t\t<\/div>\n\t\t\t<a class=\"how-i-do-it-lien\" href=\"\/fr\/transformation\/\"><\/a>\n\t\t<\/div>\n\t<\/div>\n\t<div class=\"how-i-do-it hidi-inspiration\">\n\t\t<div class=\"how-i-do-it-inner\">\n\t\t\t<div class=\"how-i-do-it-content\">\n\t\t\t\t<div class=\"how-i-do-it-text\"><span style=\"font-weight:600;\">Inspiration<\/span> <br>\u00c9veillez le meilleur de chacun<\/div>\n\t\t\t<\/div>\n\t\t\t<a class=\"how-i-do-it-lien\" href=\"\/fr\/inspiration\/\"><\/a>\n\t\t<\/div>\n\t<\/div>\n\t<div class=\"how-i-do-it hidi-organisation\">\n\t\t<div class=\"how-i-do-it-inner\">\n\t\t\t<div class=\"how-i-do-it-content\">\n\t\t\t\t<div class=\"how-i-do-it-text\"><span style=\"font-weight:600;\">Organisation<\/span> <br>Procurez une libert\u00e9<\/div>\n\t\t\t<\/div>\n\t\t\t<a class=\"how-i-do-it-lien\" href=\"\/fr\/organisation\/\"><\/a>\n\t\t<\/div>\n\t<\/div>\n<\/div>\n\n    <\/div>[\/vc_column][\/vc_row][vc_row type=\u00a0\u00bbin_grid\u00a0\u00bb el_class=\u00a0\u00bbsome-of-my-client-row padding-100&Prime;][vc_column][vc_row_inner type=\u00a0\u00bbfull_width\u00a0\u00bb el_class=\u00a0\u00bbsome-client-title-btn-row\u00a0\u00bb][vc_column_inner el_class=\u00a0\u00bbsome-client-title-col\u00a0\u00bb width=\u00a0\u00bb1\/2&Prime;][vc_column_text]<\/p>\n<h2>Certains de mes clients<\/h2>\n<p>[\/vc_column_text][\/vc_column_inner][vc_column_inner el_class=\u00a0\u00bbsome-client-btn-col\u00a0\u00bb width=\u00a0\u00bb1\/2&Prime;]<a href=\"\/fr\/temoignages\" target=\"_self\" class=\"dist-btn\">Lisez les t\u00e9moignages de certains d'entres eux<\/a>[\/vc_column_inner][\/vc_row_inner][vc_row_inner type=\u00a0\u00bbfull_width\u00a0\u00bb el_class=\u00a0\u00bbsome-of-my-client-inner-row\u00a0\u00bb][vc_column_inner width=\u00a0\u00bb1\/3&Prime;][vc_column_text el_class=\u00a0\u00bbsmall-title\u00a0\u00bb]Finances et vente[\/vc_column_text][vc_column_text]<\/p>\n<ul>\n<li>Desjardins<\/li>\n<li>Groupe Investors \u2013 Gatineau, QC<\/li>\n<li>Genworth Canada \u2013 Gatineau, Mirabel, Ste-Hyacinthe, QC<\/li>\n<li>Cabo Group \u2013 Cabo San Lucas, Mexico<\/li>\n<li>Exploria, Florida, USA<\/li>\n<li>Rideau Recognition Solutions Inc. \u2013 Montreal, QC<\/li>\n<li>Venture Center, Timmins, ON<\/li>\n<li>Arrow North American Components &#8211; Florida, USA<\/li>\n<li>Chambre de commerces et d\u2019industrie Bois-Francs \/ \u00c9rable (CCIBFE), Victoriaville, QC<\/li>\n<li>Avery Dennison \u2013 Toronto, ON<\/li>\n<li>D\u00e9veloppement \u00e9conomique et employabilit\u00e9 (RD\u00c9E) \u2013 Ottawa, ON<\/li>\n<\/ul>\n<p>[\/vc_column_text][\/vc_column_inner][vc_column_inner width=\u00a0\u00bb1\/3&Prime;][vc_column_text el_class=\u00a0\u00bbsmall-title\u00a0\u00bb]Gouvernement[\/vc_column_text][vc_column_text]<\/p>\n<ul>\n<li>Efficiency One \u2013 Nova Scotia<\/li>\n<li>Commission de la capitale nationale (CCN)<\/li>\n<li>Industrie Canada<\/li>\n<li>Statistique Canada<\/li>\n<li>Ressources naturelles Canada<\/li>\n<li>Service correctionnel Canada<\/li>\n<li>Minist\u00e8re de la Culture \u2013 Quebec<\/li>\n<li>Services publics et Approvisionnement Canada (SPAC)<\/li>\n<li>Infrastructure Canada<\/li>\n<li>Instituts de recherche en sant\u00e9 du Canada (IRSC)<\/li>\n<\/ul>\n<p>[\/vc_column_text][\/vc_column_inner][vc_column_inner width=\u00a0\u00bb1\/3&Prime;][vc_column_text el_class=\u00a0\u00bbsmall-title\u00a0\u00bb]Construction &#8211; R\u00e9novations[\/vc_column_text][vc_column_text]<\/p>\n<ul>\n<li>Jeamand Enterprises Ltd \u2013 NB<\/li>\n<li>Central Services Heating &amp; Air Conditioning Co. \u2013 Virginia, USA<\/li>\n<li>Toitures Raymond \u2013 Gatineau<\/li>\n<li>Winter\u2019s Company Heating and Plumbing \u2013 Boston, USA<\/li>\n<li>Ottawa School of Trades<\/li>\n<li>Axion Group \u2013 NB<\/li>\n<li>GC Construction \u2013 Gatineau, QC<\/li>\n<li>Terracube &#8211; Gatineau<\/li>\n<\/ul>\n<p>[\/vc_column_text][\/vc_column_inner][vc_column_inner width=\u00a0\u00bb1\/3&Prime;][vc_column_text el_class=\u00a0\u00bbsmall-title\u00a0\u00bb]Community &amp; Non-profit sector[\/vc_column_text][vc_column_text]<\/p>\n<ul>\n<li>Les Centres jeunesse de l&rsquo;Outaouais<\/li>\n<li>Nurses Association Of New Brunswick<\/li>\n<li>Park County Community Foundation \u2013 Montana, USA<\/li>\n<li>Option Femme Emploi \u2013 Gatineau<\/li>\n<li>Ottawa Community Immigrant Services Organization (OCISO)<\/li>\n<li>Woman\u2019s Day \u2013 Brockville, and many other cities<\/li>\n<li>Ontario Action Against Violence Against Women &#8211; Ottawa, ON<\/li>\n<\/ul>\n<p>[\/vc_column_text][\/vc_column_inner][vc_column_inner width=\u00a0\u00bb1\/3&Prime;][vc_column_text el_class=\u00a0\u00bbsmall-title\u00a0\u00bb]Associations[\/vc_column_text][vc_column_text]<\/p>\n<ul>\n<li>Congr\u00e8s des huissiers de justice du Qu\u00e9bec \u2013 Qu\u00e9bec, QC<\/li>\n<li>Congr\u00e8s des diacres du Qu\u00e9bec<\/li>\n<li>F\u00e9d\u00e9ration des secr\u00e9taires professionnelles du Qu\u00e9bec (FSPQ) \u2013 Rimouski, QC<\/li>\n<li>Rendez-vous des conf\u00e9renciers, Sherbrooke, QC<\/li>\n<\/ul>\n<p>[\/vc_column_text][\/vc_column_inner][vc_column_inner width=\u00a0\u00bb1\/3&Prime;][vc_column_text el_class=\u00a0\u00bbsmall-title\u00a0\u00bb]\u00c9ducation[\/vc_column_text][vc_column_text]<\/p>\n<ul>\n<li>Universit\u00e9 de Queen\u2019s \u2013 Kingston<\/li>\n<li>Universit\u00e9 du Qu\u00e9bec en Outaouais<\/li>\n<li>La Cit\u00e9 coll\u00e9giale \u2013 Ottawa, ON<\/li>\n<li>Saveetha University, Chennai India<\/li>\n<li>Ottawa Catholic School Board<\/li>\n<li>CPE Cornemuse \u2013 Gatineau<\/li>\n<li>INC Monterrey \u2013 Monterrey, Mexico<\/li>\n<\/ul>\n<p>[\/vc_column_text][\/vc_column_inner][vc_column_inner width=\u00a0\u00bb1\/3&Prime;][vc_column_text el_class=\u00a0\u00bbsmall-title\u00a0\u00bb]Alimentation et h\u00f4tellerie[\/vc_column_text][vc_column_text]<\/p>\n<ul>\n<li>Pilot Coffee Roasters &#8211; Toronto, ON<\/li>\n<li>Restaurant Le Cellier, Gatineau<\/li>\n<li>Restaurant Le Quai, Gatineau, QC<\/li>\n<li>Mountain Sky Guest Ranch \u2013 Montana, USA<\/li>\n<\/ul>\n<p>[\/vc_column_text][\/vc_column_inner][vc_column_inner width=\u00a0\u00bb1\/3&Prime;][vc_column_text el_class=\u00a0\u00bbsmall-title\u00a0\u00bb]Sant\u00e9 et bien-\u00eatre[\/vc_column_text][vc_column_text]<\/p>\n<ul>\n<li>PhysioMax \u2013 New Brunswick<\/li>\n<li>Clinique dentaire Dre Guylaine Raymond<\/li>\n<li>Sant\u00e9 Chiropractic and Wellness Centre \u2013 Orleans, ON<\/li>\n<li>Familiprix &#8211; Nouveau-Brunswick<\/li>\n<\/ul>\n<p>[\/vc_column_text][\/vc_column_inner][vc_column_inner width=\u00a0\u00bb1\/3&Prime;][vc_column_text el_class=\u00a0\u00bbsmall-title\u00a0\u00bb]Villes et municipalit\u00e9s[\/vc_column_text][vc_column_text]<\/p>\n<ul>\n<li>Ville de Gatineau<\/li>\n<li>Municipalit\u00e9 de Plaisance<\/li>\n<li>Municipalit\u00e9 de Montpellier<\/li>\n<li>Ville de Montr\u00e9al &#8211; Biblioth\u00e8que de L&rsquo;\u00cele-Bizard<\/li>\n<\/ul>\n<p>[\/vc_column_text][\/vc_column_inner][vc_column_inner width=\u00a0\u00bb1\/3&Prime;][vc_column_text el_class=\u00a0\u00bbsmall-title\u00a0\u00bb]Haute technologie[\/vc_column_text][vc_column_text]<\/p>\n<ul>\n<li>Shopify<\/li>\n<li>SEO Twist, Ottawa, ON<\/li>\n<li>Association des professionnels de l\u2019information du secteur public (DPI) \u2013 ON<\/li>\n<\/ul>\n<p>[\/vc_column_text][\/vc_column_inner][\/vc_row_inner][\/vc_column][\/vc_row][vc_row type=\u00a0\u00bbfull_width\u00a0\u00bb el_class=\u00a0\u00bbphotos-row padding-100&Prime;][vc_column width=\u00a0\u00bb1\/4&Prime;][vc_single_image image=\u00a0\u00bb304&Prime; img_size=\u00a0\u00bbfull\u00a0\u00bb][\/vc_column][vc_column width=\u00a0\u00bb1\/4&Prime;][vc_single_image image=\u00a0\u00bb303&Prime; img_size=\u00a0\u00bbfull\u00a0\u00bb][\/vc_column][vc_column width=\u00a0\u00bb1\/4&Prime;][vc_single_image image=\u00a0\u00bb302&Prime; img_size=\u00a0\u00bbfull\u00a0\u00bb][\/vc_column][vc_column width=\u00a0\u00bb1\/4&Prime;][vc_single_image image=\u00a0\u00bb301&Prime; img_size=\u00a0\u00bbfull\u00a0\u00bb][\/vc_column][\/vc_row][vc_row type=\u00a0\u00bbfull_width\u00a0\u00bb][vc_column]<div class=\"templatera_shortcode\"><div class=\"vc_row wpb_row vc_row-fluid believe-yourself-row padding-100 row-in-grid\"><div class=\"container\"><div class=\"row-in-grid-inner\"><div class=\"wpb_column vc_column_container vc_col-sm-4\"><div class=\"vc_column-inner\"><div class=\"wpb_wrapper\">\n\t<div  class=\"wpb_single_image wpb_content_element vc_align_center\">\n\t\t\n\t\t<figure class=\"wpb_wrapper vc_figure\">\n\t\t\t<div class=\"vc_single_image-wrapper   vc_box_border_grey\"><img loading=\"lazy\" decoding=\"async\" width=\"448\" height=\"389\" src=\"https:\/\/carolinerochon.com\/wp-content\/uploads\/2021\/03\/BRAND-FR.png\" class=\"vc_single_image-img attachment-full\" alt=\"Soyez Inspir\u00e9 \u00e0 Passer \u00e0 l&#039;action\" title=\"BRAND-FR\" \/><\/div>\n\t\t<\/figure>\n\t<\/div>\n<\/div><\/div><\/div><div class=\"wpb_column vc_column_container vc_col-sm-8\"><div class=\"vc_column-inner\"><div class=\"wpb_wrapper\">\n\t<div class=\"wpb_text_column wpb_content_element\" >\n\t\t<div class=\"wpb_wrapper\">\n\t\t\t<h5>Caroline a une mani\u00e8re apaisante de cr\u00e9er de l\u2019espoir quelle que soit la situation et d\u2019aider \u00e0 tracer un plan d\u2019action clair.<\/h5>\n\n\t\t<\/div>\n\t<\/div>\n<a href=\"\/fr\/contact\" target=\"_self\" class=\"dist-btn\">Travaillons ensemble<\/a><\/div><\/div><\/div><\/div><\/div><\/div>\r\n<\/div>[\/vc_column][\/vc_row]<\/p>\n<\/div>","protected":false},"excerpt":{"rendered":"\u00c0 propos de moi Et de ce qui me tient \u00e0 c\u0153ur Je suis d\u00e9di\u00e9e \u00e0 inspirer et \u00e0 habiliter les individus et les groupes, afin qu'ils puissent atteindre leurs objectifs, r\u00e9aliser leurs r\u00eaves et vivre une vie heureuse, saine et riche. Je tiens \u00e0 trouver des solutions gagnantes-gagnantes Je tiens \u00e0 cr\u00e9er des attitudes [...]","protected":false},"author":2,"featured_media":0,"parent":0,"menu_order":0,"comment_status":"closed","ping_status":"closed","template":"","meta":{"_acf_changed":false,"footnotes":""},"class_list":["post-341","page","type-page","status-publish","hentry"],"acf":[],"yoast_head":"<!-- This site is optimized with the Yoast SEO plugin v25.4 - https:\/\/yoast.com\/wordpress\/plugins\/seo\/ -->\n<title>\u00c0 propos &#8211; Caroline Rochon<\/title>\n<meta name=\"description\" content=\"D\u00e9couvrez Caroline Rochon, conf\u00e9renci\u00e8re et auteure qui motive par l&#039;apprentissage exp\u00e9rientiel et la prise de conscience.\" \/>\n<meta name=\"robots\" content=\"index, follow, max-snippet:-1, max-image-preview:large, max-video-preview:-1\" \/>\n<link rel=\"canonical\" href=\"https:\/\/carolinerochon.com\/fr\/a-propos\/\" \/>\n<meta property=\"og:locale\" content=\"fr_FR\" \/>\n<meta property=\"og:type\" content=\"article\" \/>\n<meta property=\"og:title\" content=\"\u00c0 propos &#8211; Caroline Rochon\" \/>\n<meta property=\"og:description\" content=\"D\u00e9couvrez Caroline Rochon, conf\u00e9renci\u00e8re et auteure qui motive par l&#039;apprentissage exp\u00e9rientiel et la prise de conscience.\" \/>\n<meta property=\"og:url\" content=\"https:\/\/carolinerochon.com\/fr\/a-propos\/\" \/>\n<meta property=\"og:site_name\" content=\"Caroline Rochon\" \/>\n<meta property=\"article:publisher\" content=\"https:\/\/www.facebook.com\/CarolineRochonTransformationalTrainer\/\" \/>\n<meta property=\"article:modified_time\" content=\"2024-03-20T14:52:26+00:00\" \/>\n<meta property=\"og:image\" content=\"https:\/\/carolinerochon.com\/wp-content\/uploads\/2021\/03\/social.png\" \/>\n\t<meta property=\"og:image:width\" content=\"900\" \/>\n\t<meta property=\"og:image:height\" content=\"473\" \/>\n\t<meta property=\"og:image:type\" content=\"image\/png\" \/>\n<meta name=\"twitter:card\" content=\"summary_large_image\" \/>\n<meta name=\"twitter:site\" content=\"@lal_gratitude\" \/>\n<meta name=\"twitter:label1\" content=\"Dur\u00e9e de lecture estim\u00e9e\" \/>\n\t<meta name=\"twitter:data1\" content=\"7 minutes\" \/>\n<script type=\"application\/ld+json\" class=\"yoast-schema-graph\">{\"@context\":\"https:\/\/schema.org\",\"@graph\":[{\"@type\":\"WebPage\",\"@id\":\"https:\/\/carolinerochon.com\/fr\/a-propos\/\",\"url\":\"https:\/\/carolinerochon.com\/fr\/a-propos\/\",\"name\":\"\u00c0 propos &#8211; Caroline Rochon\",\"isPartOf\":{\"@id\":\"https:\/\/carolinerochon.com\/fr\/#website\"},\"datePublished\":\"2020-09-29T20:55:48+00:00\",\"dateModified\":\"2024-03-20T14:52:26+00:00\",\"description\":\"D\u00e9couvrez Caroline Rochon, conf\u00e9renci\u00e8re et auteure qui motive par l'apprentissage exp\u00e9rientiel et la prise de conscience.\",\"breadcrumb\":{\"@id\":\"https:\/\/carolinerochon.com\/fr\/a-propos\/#breadcrumb\"},\"inLanguage\":\"fr-FR\",\"potentialAction\":[{\"@type\":\"ReadAction\",\"target\":[\"https:\/\/carolinerochon.com\/fr\/a-propos\/\"]}]},{\"@type\":\"BreadcrumbList\",\"@id\":\"https:\/\/carolinerochon.com\/fr\/a-propos\/#breadcrumb\",\"itemListElement\":[{\"@type\":\"ListItem\",\"position\":1,\"name\":\"Home\",\"item\":\"https:\/\/carolinerochon.com\/fr\/\"},{\"@type\":\"ListItem\",\"position\":2,\"name\":\"\u00c0 propos\"}]},{\"@type\":\"WebSite\",\"@id\":\"https:\/\/carolinerochon.com\/fr\/#website\",\"url\":\"https:\/\/carolinerochon.com\/fr\/\",\"name\":\"Caroline Rochon\",\"description\":\"Training Coaching Formation\",\"publisher\":{\"@id\":\"https:\/\/carolinerochon.com\/fr\/#organization\"},\"potentialAction\":[{\"@type\":\"SearchAction\",\"target\":{\"@type\":\"EntryPoint\",\"urlTemplate\":\"https:\/\/carolinerochon.com\/fr\/?s={search_term_string}\"},\"query-input\":{\"@type\":\"PropertyValueSpecification\",\"valueRequired\":true,\"valueName\":\"search_term_string\"}}],\"inLanguage\":\"fr-FR\"},{\"@type\":\"Organization\",\"@id\":\"https:\/\/carolinerochon.com\/fr\/#organization\",\"name\":\"Caroline Rochon\",\"url\":\"https:\/\/carolinerochon.com\/fr\/\",\"logo\":{\"@type\":\"ImageObject\",\"inLanguage\":\"fr-FR\",\"@id\":\"https:\/\/carolinerochon.com\/fr\/#\/schema\/logo\/image\/\",\"url\":\"https:\/\/carolinerochon.com\/wp-content\/uploads\/2024\/03\/caroline-rochon-logo-696-x-696-px.png\",\"contentUrl\":\"https:\/\/carolinerochon.com\/wp-content\/uploads\/2024\/03\/caroline-rochon-logo-696-x-696-px.png\",\"width\":696,\"height\":696,\"caption\":\"Caroline Rochon\"},\"image\":{\"@id\":\"https:\/\/carolinerochon.com\/fr\/#\/schema\/logo\/image\/\"},\"sameAs\":[\"https:\/\/www.facebook.com\/CarolineRochonTransformationalTrainer\/\",\"https:\/\/x.com\/lal_gratitude\",\"https:\/\/www.instagram.com\/carolinerochonspeakertrainer\/\",\"https:\/\/ca.linkedin.com\/in\/carolinerochonspeaker\",\"https:\/\/www.youtube.com\/user\/CarolineRochon\"]}]}<\/script>\n<!-- \/ Yoast SEO plugin. -->","yoast_head_json":{"title":"\u00c0 propos &#8211; Caroline Rochon","description":"D\u00e9couvrez Caroline Rochon, conf\u00e9renci\u00e8re et auteure qui motive par l'apprentissage exp\u00e9rientiel et la prise de conscience.","robots":{"index":"index","follow":"follow","max-snippet":"max-snippet:-1","max-image-preview":"max-image-preview:large","max-video-preview":"max-video-preview:-1"},"canonical":"https:\/\/carolinerochon.com\/fr\/a-propos\/","og_locale":"fr_FR","og_type":"article","og_title":"\u00c0 propos &#8211; Caroline Rochon","og_description":"D\u00e9couvrez Caroline Rochon, conf\u00e9renci\u00e8re et auteure qui motive par l'apprentissage exp\u00e9rientiel et la prise de conscience.","og_url":"https:\/\/carolinerochon.com\/fr\/a-propos\/","og_site_name":"Caroline Rochon","article_publisher":"https:\/\/www.facebook.com\/CarolineRochonTransformationalTrainer\/","article_modified_time":"2024-03-20T14:52:26+00:00","og_image":[{"width":900,"height":473,"url":"https:\/\/carolinerochon.com\/wp-content\/uploads\/2021\/03\/social.png","type":"image\/png"}],"twitter_card":"summary_large_image","twitter_site":"@lal_gratitude","twitter_misc":{"Dur\u00e9e de lecture estim\u00e9e":"7 minutes"},"schema":{"@context":"https:\/\/schema.org","@graph":[{"@type":"WebPage","@id":"https:\/\/carolinerochon.com\/fr\/a-propos\/","url":"https:\/\/carolinerochon.com\/fr\/a-propos\/","name":"\u00c0 propos &#8211; Caroline Rochon","isPartOf":{"@id":"https:\/\/carolinerochon.com\/fr\/#website"},"datePublished":"2020-09-29T20:55:48+00:00","dateModified":"2024-03-20T14:52:26+00:00","description":"D\u00e9couvrez Caroline Rochon, conf\u00e9renci\u00e8re et auteure qui motive par l'apprentissage exp\u00e9rientiel et la prise de conscience.","breadcrumb":{"@id":"https:\/\/carolinerochon.com\/fr\/a-propos\/#breadcrumb"},"inLanguage":"fr-FR","potentialAction":[{"@type":"ReadAction","target":["https:\/\/carolinerochon.com\/fr\/a-propos\/"]}]},{"@type":"BreadcrumbList","@id":"https:\/\/carolinerochon.com\/fr\/a-propos\/#breadcrumb","itemListElement":[{"@type":"ListItem","position":1,"name":"Home","item":"https:\/\/carolinerochon.com\/fr\/"},{"@type":"ListItem","position":2,"name":"\u00c0 propos"}]},{"@type":"WebSite","@id":"https:\/\/carolinerochon.com\/fr\/#website","url":"https:\/\/carolinerochon.com\/fr\/","name":"Caroline Rochon","description":"Training Coaching Formation","publisher":{"@id":"https:\/\/carolinerochon.com\/fr\/#organization"},"potentialAction":[{"@type":"SearchAction","target":{"@type":"EntryPoint","urlTemplate":"https:\/\/carolinerochon.com\/fr\/?s={search_term_string}"},"query-input":{"@type":"PropertyValueSpecification","valueRequired":true,"valueName":"search_term_string"}}],"inLanguage":"fr-FR"},{"@type":"Organization","@id":"https:\/\/carolinerochon.com\/fr\/#organization","name":"Caroline Rochon","url":"https:\/\/carolinerochon.com\/fr\/","logo":{"@type":"ImageObject","inLanguage":"fr-FR","@id":"https:\/\/carolinerochon.com\/fr\/#\/schema\/logo\/image\/","url":"https:\/\/carolinerochon.com\/wp-content\/uploads\/2024\/03\/caroline-rochon-logo-696-x-696-px.png","contentUrl":"https:\/\/carolinerochon.com\/wp-content\/uploads\/2024\/03\/caroline-rochon-logo-696-x-696-px.png","width":696,"height":696,"caption":"Caroline Rochon"},"image":{"@id":"https:\/\/carolinerochon.com\/fr\/#\/schema\/logo\/image\/"},"sameAs":["https:\/\/www.facebook.com\/CarolineRochonTransformationalTrainer\/","https:\/\/x.com\/lal_gratitude","https:\/\/www.instagram.com\/carolinerochonspeakertrainer\/","https:\/\/ca.linkedin.com\/in\/carolinerochonspeaker","https:\/\/www.youtube.com\/user\/CarolineRochon"]}]}},"_links":{"self":[{"href":"https:\/\/carolinerochon.com\/fr\/wp-json\/wp\/v2\/pages\/341","targetHints":{"allow":["GET"]}}],"collection":[{"href":"https:\/\/carolinerochon.com\/fr\/wp-json\/wp\/v2\/pages"}],"about":[{"href":"https:\/\/carolinerochon.com\/fr\/wp-json\/wp\/v2\/types\/page"}],"author":[{"embeddable":true,"href":"https:\/\/carolinerochon.com\/fr\/wp-json\/wp\/v2\/users\/2"}],"replies":[{"embeddable":true,"href":"https:\/\/carolinerochon.com\/fr\/wp-json\/wp\/v2\/comments?post=341"}],"version-history":[{"count":10,"href":"https:\/\/carolinerochon.com\/fr\/wp-json\/wp\/v2\/pages\/341\/revisions"}],"predecessor-version":[{"id":1271,"href":"https:\/\/carolinerochon.com\/fr\/wp-json\/wp\/v2\/pages\/341\/revisions\/1271"}],"wp:attachment":[{"href":"https:\/\/carolinerochon.com\/fr\/wp-json\/wp\/v2\/media?parent=341"}],"curies":[{"name":"wp","href":"https:\/\/api.w.org\/{rel}","templated":true}]}}