{"id":1349,"date":"2024-06-07T14:21:07","date_gmt":"2024-06-07T18:21:07","guid":{"rendered":"https:\/\/carolinerochon.com\/accessibility\/"},"modified":"2024-06-07T14:30:10","modified_gmt":"2024-06-07T18:30:10","slug":"accessibility","status":"publish","type":"page","link":"https:\/\/carolinerochon.com\/fr\/accessibility\/","title":{"rendered":"Accessibilit\u00e9"},"content":{"rendered":"<div class=\"wpb-content-wrapper\"><p>[vc_row type=\u00a0\u00bbfull_width\u00a0\u00bb][vc_column][vc_column_text css=\u00a0\u00bb.vc_custom_1710944070858{margin-top: 50px !important;margin-right: 50px !important;margin-left: 50px !important;}\u00a0\u00bb]<\/p>\n<h1 class=\"h1_theme\">L&rsquo;AM\u00c9LIORATION DE L&rsquo;ACCESSIBILIT\u00c9<\/h1>\n<p>&nbsp;[\/vc_column_text][\/vc_column][\/vc_row][vc_row type=\u00a0\u00bbfull_width\u00a0\u00bb][vc_column][vc_column_text css=\u00a0\u00bb.vc_custom_1709665620020{margin-top: 50px !important;margin-right: 50px !important;margin-left: 50px !important;}\u00a0\u00bb]<\/p>\n<h4>Vos commentaires permettent d&rsquo;am\u00e9liorer l&rsquo;accessibilit\u00e9 du site CarolineRochon.com<\/h4>\n<p>&nbsp;[\/vc_column_text][vc_column_text css=\u00a0\u00bb.vc_custom_1709665646037{margin-top: 50px !important;margin-right: 50px !important;margin-left: 50px !important;}\u00a0\u00bb]<\/p>\n<h6>Caroline Rochon s&rsquo;engage \u00e0 ce que ses services soient accessibles \u00e0 tous. Nous nous effor\u00e7ons de r\u00e9pondre aux demandes du CRTC et de satisfaire aux normes WCAG de niveau AA. Cette page web d\u00e9crit nos efforts pour am\u00e9liorer l&rsquo;accessibilit\u00e9 et fournit des informations sur la mani\u00e8re de fournir un retour d&rsquo;information sur nos initiatives en mati\u00e8re d&rsquo;accessibilit\u00e9.<\/h6>\n<p>&nbsp;[\/vc_column_text][\/vc_column][\/vc_row][vc_row type=\u00a0\u00bbfull_width\u00a0\u00bb][vc_column][vc_column_text css=\u00a0\u00bb.vc_custom_1709673823638{margin-top: 50px !important;margin-right: 50px !important;margin-left: 50px !important;}\u00a0\u00bb]<\/p>\n<h4>Processus de retour d&rsquo;information sur l&rsquo;accessibilit\u00e9<\/h4>\n<p>[\/vc_column_text][vc_column_text css=\u00a0\u00bb.vc_custom_1709665800104{margin-top: 50px !important;margin-right: 50px !important;margin-left: 50px !important;}\u00a0\u00bb]Nous appr\u00e9cions vos commentaires et vous encourageons \u00e0 nous faire part de vos r\u00e9flexions sur nos efforts en mati\u00e8re d&rsquo;accessibilit\u00e9. Nous avons mis en place un processus de retour d&rsquo;information conforme aux demandes du CRTC et facilement compr\u00e9hensible.[\/vc_column_text][\/vc_column][\/vc_row][vc_row type=\u00a0\u00bbfull_width\u00a0\u00bb][vc_column][vc_column_text css=\u00a0\u00bb.vc_custom_1709665856647{margin-top: 50px !important;margin-right: 50px !important;margin-left: 50px !important;}\u00a0\u00bb]<\/p>\n<h4>Comment fournir un retour d&rsquo;information<\/h4>\n<p>&nbsp;[\/vc_column_text][\/vc_column][\/vc_row][vc_row type=\u00a0\u00bbfull_width\u00a0\u00bb el_class=\u00a0\u00bbfeedback-row\u00a0\u00bb][vc_column width=\u00a0\u00bb1\/3&Prime;][vc_column_text css=\u00a0\u00bb.vc_custom_1709738071784{border-top-width: 3px !important;border-right-width: 3px !important;border-bottom-width: 3px !important;border-left-width: 3px !important;border-left-color: #bd00ff !important;border-left-style: solid !important;border-right-color: #bd00ff !important;border-right-style: solid !important;border-top-color: #bd00ff !important;border-top-style: solid !important;border-bottom-color: #bd00ff !important;border-bottom-style: solid !important;}\u00a0\u00bb el_class=\u00a0\u00bbfeedback-text\u00a0\u00bb]<\/p>\n<h6><strong>T\u00e9l\u00e9phone<\/strong><\/h6>\n<hr class=\"hr-phone\" \/>\n<h6>Vous pouvez nous appeler au 1.819.665.6654 pour nous faire part de vos commentaires.<\/h6>\n<p>&nbsp;[\/vc_column_text][\/vc_column][vc_column width=\u00a0\u00bb1\/3&Prime;][vc_column_text css=\u00a0\u00bb.vc_custom_1709740225092{border-top-width: 3px !important;border-right-width: 3px !important;border-bottom-width: 3px !important;border-left-width: 3px !important;border-left-color: #bd00ff !important;border-left-style: solid !important;border-right-color: #bd00ff !important;border-right-style: solid !important;border-top-color: #bd00ff !important;border-top-style: solid !important;border-bottom-color: #bd00ff !important;border-bottom-style: solid !important;}\u00a0\u00bb el_class=\u00a0\u00bbfeedback-text middle\u00a0\u00bb]<\/p>\n<h6><strong>Courriel<\/strong><\/h6>\n<hr class=\"hr-email\" \/>\n<h6>Vous pouvez nous envoyer un courriel \u00e0<a href=\"mailto:caroline@carolinerochon.com\" target=\"_blank\" rel=\"noopener\">caroline@carolinerochon.com<\/a> pour nous faire part de vos commentaires.<\/h6>\n<p>&nbsp;[\/vc_column_text][\/vc_column][vc_column width=\u00a0\u00bb1\/3&Prime;][vc_column_text css=\u00a0\u00bb.vc_custom_1709738097455{border-top-width: 3px !important;border-right-width: 3px !important;border-bottom-width: 3px !important;border-left-width: 3px !important;border-left-color: #bd00ff !important;border-left-style: solid !important;border-right-color: #bd00ff !important;border-right-style: solid !important;border-top-color: #bd00ff !important;border-top-style: solid !important;border-bottom-color: #bd00ff !important;border-bottom-style: solid !important;}\u00a0\u00bb el_class=\u00a0\u00bbfeedback-text\u00a0\u00bb]<\/p>\n<h6><strong>Formulaire de retour d&rsquo;information<\/strong><\/h6>\n<hr class=\"hr-form\" \/>\n<h6>Vous pouvez remplir notre formulaire de retour d&rsquo;information en ligne pour nous faire part de vos commentaires sur nos initiatives en mati\u00e8re d&rsquo;accessibilit\u00e9.<\/h6>\n<p>&nbsp;[\/vc_column_text][\/vc_column][\/vc_row][vc_row type=\u00a0\u00bbfull_width\u00a0\u00bb][vc_column][vc_column_text css=\u00a0\u00bb.vc_custom_1709670833561{margin-top: 50px !important;margin-right: 50px !important;margin-left: 50px !important;}\u00a0\u00bb]<\/p>\n<h4>Commentaires anonymes<\/h4>\n<h6>Nous comprenons que certaines personnes pr\u00e9f\u00e8rent donner leur avis de mani\u00e8re anonyme. Nos formulaires de r\u00e9troaction par t\u00e9l\u00e9phone, par courriel et en ligne permettent de le faire de mani\u00e8re anonyme.<\/h6>\n<p>&nbsp;[\/vc_column_text][\/vc_column][\/vc_row][vc_row type=\u00a0\u00bbfull_width\u00a0\u00bb][vc_column][vc_column_text css=\u00a0\u00bb.vc_custom_1709671149031{margin-top: 50px !important;margin-right: 50px !important;margin-left: 50px !important;}\u00a0\u00bb]<\/p>\n<h4>Contact d\u00e9sign\u00e9 pour l&rsquo;accessibilit\u00e9<\/h4>\n<h6>Nous avons d\u00e9sign\u00e9 une personne charg\u00e9e de recevoir et de traiter les commentaires relatifs \u00e0 l&rsquo;accessibilit\u00e9. Ses coordonn\u00e9es sont les suivantes :<\/h6>\n<h6><strong>Nom:<\/strong> Caroline Rochon<\/h6>\n<h6><strong>Titre:<\/strong> Conf\u00e9renci\u00e8re et consultante<\/h6>\n<h6><strong>Courriel :<\/strong> caroline@carolinerochon.com<\/h6>\n<h6><strong>T\u00e9l\u00e9phone :<\/strong> 819-665-6654<\/h6>\n<p>&nbsp;[\/vc_column_text][\/vc_column][\/vc_row][vc_row type=\u00a0\u00bbfull_width\u00a0\u00bb][vc_column][vc_column_text css=\u00a0\u00bb.vc_custom_1709671260219{margin-top: 50px !important;margin-right: 50px !important;margin-left: 50px !important;}\u00a0\u00bb]<\/p>\n<h4>Confirmation de la r\u00e9ception d&rsquo;un retour d&rsquo;information<\/h4>\n<h6>Nous accuserons r\u00e9ception de tout retour d&rsquo;information non anonyme dans un d\u00e9lai de trois jours ouvrables. Nous appr\u00e9cions votre contribution et l&rsquo;utiliserons pour am\u00e9liorer nos initiatives en mati\u00e8re d&rsquo;accessibilit\u00e9.<\/h6>\n<p>&nbsp;[\/vc_column_text][\/vc_column][\/vc_row][vc_row type=\u00a0\u00bbfull_width\u00a0\u00bb][vc_column][vc_column_text css=\u00a0\u00bb.vc_custom_1709671376882{margin-top: 50px !important;margin-right: 50px !important;margin-left: 50px !important;}\u00a0\u00bb]<\/p>\n<h4>Confidentialit\u00e9 des informations personnelles<\/h4>\n<h6>Nous respectons votre vie priv\u00e9e et veillons \u00e0 ce que vos informations personnelles restent confidentielles, \u00e0 moins que vous ne consentiez \u00e0 les divulguer. Vos informations personnelles ne seront utilis\u00e9es que dans le but de r\u00e9pondre \u00e0 votre demande d&rsquo;accessibilit\u00e9.<\/h6>\n<p>&nbsp;[\/vc_column_text][\/vc_column][\/vc_row][vc_row type=\u00a0\u00bbfull_width\u00a0\u00bb][vc_column][vc_column_text css=\u00a0\u00bb.vc_custom_1709674484549{margin-top: 50px !important;margin-right: 50px !important;margin-left: 50px !important;}\u00a0\u00bb]<\/p>\n<h4>Normes d&rsquo;accessibilit\u00e9<\/h4>\n<h6>Nous nous effor\u00e7ons de respecter les normes WCAG de niveau AA afin d&rsquo;offrir une exp\u00e9rience accessible \u00e0 tous les utilisateurs. Nos efforts continus comprennent :<\/h6>\n<ul style=\"list-style-type: circle;\">\n<li>\n<h6>veiller \u00e0 ce que notre site web soit navigable \u00e0 l&rsquo;aide d&rsquo;un clavier<\/h6>\n<\/li>\n<li class=\"accessibility-bullets\">\n<h6>Fournir un texte alternatif pour les images<\/h6>\n<\/li>\n<li class=\"accessibility-bullets\">\n<h6>assurer un contraste de couleurs suffisant pour le texte et les arri\u00e8re-plans<\/h6>\n<\/li>\n<li class=\"accessibility-bullets\">\n<h6>Fournir des sous-titres et des transcriptions pour le contenu multim\u00e9dia<\/h6>\n<\/li>\n<li class=\"accessibility-bullets\">\n<h6>Mettre en place une structure coh\u00e9rente et logique pour notre site web<\/h6>\n<\/li>\n<\/ul>\n<p>&nbsp;[\/vc_column_text][\/vc_column][\/vc_row][vc_row type=\u00a0\u00bbfull_width\u00a0\u00bb][vc_column][\/vc_column][\/vc_row]<\/p>\n<\/div>","protected":false},"excerpt":{"rendered":"L'AM\u00c9LIORATION DE L'ACCESSIBILIT\u00c9 &nbsp; Vos commentaires permettent d'am\u00e9liorer l'accessibilit\u00e9 du site CarolineRochon.com &nbsp; Caroline Rochon s'engage \u00e0 ce que ses services soient accessibles \u00e0 tous. Nous nous effor\u00e7ons de r\u00e9pondre aux demandes du CRTC et de satisfaire aux normes WCAG de niveau AA. Cette page web d\u00e9crit nos efforts pour am\u00e9liorer l'accessibilit\u00e9 et fournit des [...]","protected":false},"author":5,"featured_media":0,"parent":0,"menu_order":0,"comment_status":"closed","ping_status":"closed","template":"","meta":{"_acf_changed":false,"footnotes":""},"class_list":["post-1349","page","type-page","status-publish","hentry"],"acf":[],"yoast_head":"<!-- This site is optimized with the Yoast SEO plugin v25.4 - https:\/\/yoast.com\/wordpress\/plugins\/seo\/ -->\n<title>Accessibilit\u00e9 &#8211; Caroline Rochon<\/title>\n<meta name=\"robots\" content=\"index, follow, max-snippet:-1, max-image-preview:large, max-video-preview:-1\" \/>\n<link rel=\"canonical\" href=\"https:\/\/carolinerochon.com\/fr\/accessibility\/\" \/>\n<meta property=\"og:locale\" content=\"fr_FR\" \/>\n<meta property=\"og:type\" content=\"article\" \/>\n<meta property=\"og:title\" content=\"Accessibilit\u00e9 &#8211; Caroline Rochon\" \/>\n<meta property=\"og:url\" content=\"https:\/\/carolinerochon.com\/fr\/accessibility\/\" \/>\n<meta property=\"og:site_name\" content=\"Caroline Rochon\" \/>\n<meta property=\"article:publisher\" content=\"https:\/\/www.facebook.com\/CarolineRochonTransformationalTrainer\/\" \/>\n<meta property=\"article:modified_time\" content=\"2024-06-07T18:30:10+00:00\" \/>\n<meta property=\"og:image\" content=\"https:\/\/carolinerochon.com\/wp-content\/uploads\/2021\/03\/social.png\" \/>\n\t<meta property=\"og:image:width\" content=\"900\" \/>\n\t<meta property=\"og:image:height\" content=\"473\" \/>\n\t<meta property=\"og:image:type\" content=\"image\/png\" \/>\n<meta name=\"twitter:card\" content=\"summary_large_image\" \/>\n<meta name=\"twitter:site\" content=\"@lal_gratitude\" \/>\n<meta name=\"twitter:label1\" content=\"Dur\u00e9e de lecture estim\u00e9e\" \/>\n\t<meta name=\"twitter:data1\" content=\"5 minutes\" \/>\n<script type=\"application\/ld+json\" class=\"yoast-schema-graph\">{\"@context\":\"https:\/\/schema.org\",\"@graph\":[{\"@type\":\"WebPage\",\"@id\":\"https:\/\/carolinerochon.com\/fr\/accessibility\/\",\"url\":\"https:\/\/carolinerochon.com\/fr\/accessibility\/\",\"name\":\"Accessibilit\u00e9 &#8211; Caroline Rochon\",\"isPartOf\":{\"@id\":\"https:\/\/carolinerochon.com\/fr\/#website\"},\"datePublished\":\"2024-06-07T18:21:07+00:00\",\"dateModified\":\"2024-06-07T18:30:10+00:00\",\"breadcrumb\":{\"@id\":\"https:\/\/carolinerochon.com\/fr\/accessibility\/#breadcrumb\"},\"inLanguage\":\"fr-FR\",\"potentialAction\":[{\"@type\":\"ReadAction\",\"target\":[\"https:\/\/carolinerochon.com\/fr\/accessibility\/\"]}]},{\"@type\":\"BreadcrumbList\",\"@id\":\"https:\/\/carolinerochon.com\/fr\/accessibility\/#breadcrumb\",\"itemListElement\":[{\"@type\":\"ListItem\",\"position\":1,\"name\":\"Home\",\"item\":\"https:\/\/carolinerochon.com\/fr\/\"},{\"@type\":\"ListItem\",\"position\":2,\"name\":\"Accessibilit\u00e9\"}]},{\"@type\":\"WebSite\",\"@id\":\"https:\/\/carolinerochon.com\/fr\/#website\",\"url\":\"https:\/\/carolinerochon.com\/fr\/\",\"name\":\"Caroline Rochon\",\"description\":\"Training Coaching Formation\",\"publisher\":{\"@id\":\"https:\/\/carolinerochon.com\/fr\/#organization\"},\"potentialAction\":[{\"@type\":\"SearchAction\",\"target\":{\"@type\":\"EntryPoint\",\"urlTemplate\":\"https:\/\/carolinerochon.com\/fr\/?s={search_term_string}\"},\"query-input\":{\"@type\":\"PropertyValueSpecification\",\"valueRequired\":true,\"valueName\":\"search_term_string\"}}],\"inLanguage\":\"fr-FR\"},{\"@type\":\"Organization\",\"@id\":\"https:\/\/carolinerochon.com\/fr\/#organization\",\"name\":\"Caroline Rochon\",\"url\":\"https:\/\/carolinerochon.com\/fr\/\",\"logo\":{\"@type\":\"ImageObject\",\"inLanguage\":\"fr-FR\",\"@id\":\"https:\/\/carolinerochon.com\/fr\/#\/schema\/logo\/image\/\",\"url\":\"https:\/\/carolinerochon.com\/wp-content\/uploads\/2024\/03\/caroline-rochon-logo-696-x-696-px.png\",\"contentUrl\":\"https:\/\/carolinerochon.com\/wp-content\/uploads\/2024\/03\/caroline-rochon-logo-696-x-696-px.png\",\"width\":696,\"height\":696,\"caption\":\"Caroline Rochon\"},\"image\":{\"@id\":\"https:\/\/carolinerochon.com\/fr\/#\/schema\/logo\/image\/\"},\"sameAs\":[\"https:\/\/www.facebook.com\/CarolineRochonTransformationalTrainer\/\",\"https:\/\/x.com\/lal_gratitude\",\"https:\/\/www.instagram.com\/carolinerochonspeakertrainer\/\",\"https:\/\/ca.linkedin.com\/in\/carolinerochonspeaker\",\"https:\/\/www.youtube.com\/user\/CarolineRochon\"]}]}<\/script>\n<!-- \/ Yoast SEO plugin. -->","yoast_head_json":{"title":"Accessibilit\u00e9 &#8211; Caroline Rochon","robots":{"index":"index","follow":"follow","max-snippet":"max-snippet:-1","max-image-preview":"max-image-preview:large","max-video-preview":"max-video-preview:-1"},"canonical":"https:\/\/carolinerochon.com\/fr\/accessibility\/","og_locale":"fr_FR","og_type":"article","og_title":"Accessibilit\u00e9 &#8211; Caroline Rochon","og_url":"https:\/\/carolinerochon.com\/fr\/accessibility\/","og_site_name":"Caroline Rochon","article_publisher":"https:\/\/www.facebook.com\/CarolineRochonTransformationalTrainer\/","article_modified_time":"2024-06-07T18:30:10+00:00","og_image":[{"width":900,"height":473,"url":"https:\/\/carolinerochon.com\/wp-content\/uploads\/2021\/03\/social.png","type":"image\/png"}],"twitter_card":"summary_large_image","twitter_site":"@lal_gratitude","twitter_misc":{"Dur\u00e9e de lecture estim\u00e9e":"5 minutes"},"schema":{"@context":"https:\/\/schema.org","@graph":[{"@type":"WebPage","@id":"https:\/\/carolinerochon.com\/fr\/accessibility\/","url":"https:\/\/carolinerochon.com\/fr\/accessibility\/","name":"Accessibilit\u00e9 &#8211; Caroline Rochon","isPartOf":{"@id":"https:\/\/carolinerochon.com\/fr\/#website"},"datePublished":"2024-06-07T18:21:07+00:00","dateModified":"2024-06-07T18:30:10+00:00","breadcrumb":{"@id":"https:\/\/carolinerochon.com\/fr\/accessibility\/#breadcrumb"},"inLanguage":"fr-FR","potentialAction":[{"@type":"ReadAction","target":["https:\/\/carolinerochon.com\/fr\/accessibility\/"]}]},{"@type":"BreadcrumbList","@id":"https:\/\/carolinerochon.com\/fr\/accessibility\/#breadcrumb","itemListElement":[{"@type":"ListItem","position":1,"name":"Home","item":"https:\/\/carolinerochon.com\/fr\/"},{"@type":"ListItem","position":2,"name":"Accessibilit\u00e9"}]},{"@type":"WebSite","@id":"https:\/\/carolinerochon.com\/fr\/#website","url":"https:\/\/carolinerochon.com\/fr\/","name":"Caroline Rochon","description":"Training Coaching Formation","publisher":{"@id":"https:\/\/carolinerochon.com\/fr\/#organization"},"potentialAction":[{"@type":"SearchAction","target":{"@type":"EntryPoint","urlTemplate":"https:\/\/carolinerochon.com\/fr\/?s={search_term_string}"},"query-input":{"@type":"PropertyValueSpecification","valueRequired":true,"valueName":"search_term_string"}}],"inLanguage":"fr-FR"},{"@type":"Organization","@id":"https:\/\/carolinerochon.com\/fr\/#organization","name":"Caroline Rochon","url":"https:\/\/carolinerochon.com\/fr\/","logo":{"@type":"ImageObject","inLanguage":"fr-FR","@id":"https:\/\/carolinerochon.com\/fr\/#\/schema\/logo\/image\/","url":"https:\/\/carolinerochon.com\/wp-content\/uploads\/2024\/03\/caroline-rochon-logo-696-x-696-px.png","contentUrl":"https:\/\/carolinerochon.com\/wp-content\/uploads\/2024\/03\/caroline-rochon-logo-696-x-696-px.png","width":696,"height":696,"caption":"Caroline Rochon"},"image":{"@id":"https:\/\/carolinerochon.com\/fr\/#\/schema\/logo\/image\/"},"sameAs":["https:\/\/www.facebook.com\/CarolineRochonTransformationalTrainer\/","https:\/\/x.com\/lal_gratitude","https:\/\/www.instagram.com\/carolinerochonspeakertrainer\/","https:\/\/ca.linkedin.com\/in\/carolinerochonspeaker","https:\/\/www.youtube.com\/user\/CarolineRochon"]}]}},"_links":{"self":[{"href":"https:\/\/carolinerochon.com\/fr\/wp-json\/wp\/v2\/pages\/1349","targetHints":{"allow":["GET"]}}],"collection":[{"href":"https:\/\/carolinerochon.com\/fr\/wp-json\/wp\/v2\/pages"}],"about":[{"href":"https:\/\/carolinerochon.com\/fr\/wp-json\/wp\/v2\/types\/page"}],"author":[{"embeddable":true,"href":"https:\/\/carolinerochon.com\/fr\/wp-json\/wp\/v2\/users\/5"}],"replies":[{"embeddable":true,"href":"https:\/\/carolinerochon.com\/fr\/wp-json\/wp\/v2\/comments?post=1349"}],"version-history":[{"count":8,"href":"https:\/\/carolinerochon.com\/fr\/wp-json\/wp\/v2\/pages\/1349\/revisions"}],"predecessor-version":[{"id":1362,"href":"https:\/\/carolinerochon.com\/fr\/wp-json\/wp\/v2\/pages\/1349\/revisions\/1362"}],"wp:attachment":[{"href":"https:\/\/carolinerochon.com\/fr\/wp-json\/wp\/v2\/media?parent=1349"}],"curies":[{"name":"wp","href":"https:\/\/api.w.org\/{rel}","templated":true}]}}