{"id":1346,"date":"2024-06-06T15:04:47","date_gmt":"2024-06-06T19:04:47","guid":{"rendered":"https:\/\/carolinerochon.com\/privacy-policy\/"},"modified":"2024-06-07T14:28:17","modified_gmt":"2024-06-07T18:28:17","slug":"privacy-policy","status":"publish","type":"page","link":"https:\/\/carolinerochon.com\/fr\/privacy-policy\/","title":{"rendered":"Politique de Confidentialit\u00e9"},"content":{"rendered":"<div class=\"wpb-content-wrapper\"><p>[vc_row type=\u00a0\u00bbfull_width\u00a0\u00bb][vc_column][vc_column_text css=\u00a0\u00bb\u00a0\u00bb]<\/p>\n<h1 class=\"h1_theme\">POLITIQUE DE CONFIDENTIALIT\u00c9<\/h1>\n<p>[\/vc_column_text][vc_column_text css=\u00a0\u00bb\u00a0\u00bb]Bienvenue \u00e0 Caroline Rochon Formation et Coaching ! Chez Caroline Rochon Training and Coaching, nous nous engageons \u00e0 prot\u00e9ger la confidentialit\u00e9 et la s\u00e9curit\u00e9 de vos informations personnelles. Cette politique de confidentialit\u00e9 explique comment nous recueillons, utilisons, divulguons et prot\u00e9geons vos informations lorsque vous visitez notre site web ou utilisez nos services. En acc\u00e9dant \u00e0 notre site web ou en l&rsquo;utilisant, vous acceptez les pratiques d\u00e9crites dans cette politique de confidentialit\u00e9.[\/vc_column_text][\/vc_column][\/vc_row][vc_row type=\u00a0\u00bbfull_width\u00a0\u00bb][vc_column][vc_column_text css=\u00a0\u00bb\u00a0\u00bb]<\/p>\n<h2>LES INFORMATIONS QUE NOUS RECUEILLONS :<\/h2>\n<p>[\/vc_column_text][vc_column_text css=\u00a0\u00bb\u00a0\u00bb]<\/p>\n<h3>Informations personnelles<\/h3>\n<p>[\/vc_column_text][vc_column_text css=\u00a0\u00bb\u00a0\u00bb]Nous pouvons recueillir certaines informations personnellement identifiables (\u00ab informations personnelles \u00bb) que vous nous fournissez volontairement, y compris, mais sans s&rsquo;y limiter, votre nom, votre adresse \u00e9lectronique, votre num\u00e9ro de t\u00e9l\u00e9phone, votre fonction et toute autre information que vous choisissez de fournir lorsque vous nous contactez, que vous vous inscrivez \u00e0 nos bulletins d&rsquo;information ou que vous utilisez nos services.[\/vc_column_text][vc_column_text css=\u00a0\u00bb\u00a0\u00bb]<\/p>\n<h3>Informations non personnelles<\/h3>\n<p>[\/vc_column_text][vc_column_text css=\u00a0\u00bb\u00a0\u00bb]Nous pouvons collecter automatiquement certaines informations non personnelles lorsque vous visitez notre site web, telles que votre adresse IP, votre type de navigateur, des informations sur votre appareil, votre syst\u00e8me d&rsquo;exploitation et des donn\u00e9es d&rsquo;utilisation. Ces informations sont utilis\u00e9es pour am\u00e9liorer la fonctionnalit\u00e9 de notre site web et l&rsquo;exp\u00e9rience des utilisateurs.[\/vc_column_text][\/vc_column][\/vc_row][vc_row type=\u00a0\u00bbfull_width\u00a0\u00bb][vc_column][vc_column_text css=\u00a0\u00bb\u00a0\u00bb]<\/p>\n<h2>COMMENT NOUS UTILISONS VOS INFORMATIONS :<\/h2>\n<p>[\/vc_column_text][vc_column_text css=\u00a0\u00bb\u00a0\u00bb]<\/p>\n<h3>Informations personnelles<\/h3>\n<p>[\/vc_column_text][vc_column_text css=\u00a0\u00bb\u00a0\u00bb]Nous pouvons utiliser vos informations personnelles pour communiquer avec vous, r\u00e9pondre \u00e0 vos demandes, vous envoyer des informations pertinentes sur nos services et traiter toutes les demandes que vous faites par l&rsquo;interm\u00e9diaire de notre site web. En outre, nous pouvons utiliser vos informations pour vous envoyer des bulletins d&rsquo;information p\u00e9riodiques, des mises \u00e0 jour et du contenu promotionnel si vous avez consenti \u00e0 recevoir de telles communications.[\/vc_column_text][vc_column_text css=\u00a0\u00bb\u00a0\u00bb]<\/p>\n<h3>Informations non personnelles<\/h3>\n<p>[\/vc_column_text][vc_column_text css=\u00a0\u00bb\u00a0\u00bb]Les informations non personnelles sont utilis\u00e9es \u00e0 des fins d&rsquo;analyse statistique, pour contr\u00f4ler et am\u00e9liorer les performances de notre site web et pour am\u00e9liorer l&rsquo;exp\u00e9rience de l&rsquo;utilisateur.[\/vc_column_text][vc_column_text css=\u00a0\u00bb\u00a0\u00bb]<\/p>\n<h3>Cookies et technologies similaires<\/h3>\n<p>[\/vc_column_text][vc_column_text css=\u00a0\u00bb\u00a0\u00bb]Nous pouvons utiliser des cookies et des technologies similaires pour collecter et stocker automatiquement certaines informations. Les cookies sont de petits fichiers stock\u00e9s sur votre appareil qui nous aident \u00e0 analyser les habitudes d&rsquo;utilisation du site web et \u00e0 am\u00e9liorer nos services. En utilisant notre site web, vous consentez \u00e0 l&rsquo;utilisation de cookies et de technologies similaires. Vous pouvez modifier les param\u00e8tres de votre navigateur pour g\u00e9rer les cookies ou refuser leur utilisation si vous le souhaitez.[\/vc_column_text][vc_column_text css=\u00a0\u00bb\u00a0\u00bb]<\/p>\n<h3>Partage des informations<\/h3>\n<p>[\/vc_column_text][vc_column_text css=\u00a0\u00bb\u00a0\u00bb]<\/p>\n<p>Nous ne vendons pas, n&rsquo;\u00e9changeons pas et ne louons pas vos informations personnelles \u00e0 des tiers. Toutefois, nous pouvons partager vos informations avec des prestataires de services tiers de confiance qui nous aident \u00e0 exploiter notre site web et \u00e0 fournir nos services. Ces prestataires de services sont tenus de pr\u00e9server la confidentialit\u00e9 et la s\u00e9curit\u00e9 de vos informations et n&rsquo;ont pas le droit d&rsquo;utiliser vos informations personnelles \u00e0 d&rsquo;autres fins.<\/p>\n<p>[\/vc_column_text][vc_column_text css=\u00a0\u00bb\u00a0\u00bb]<\/p>\n<h3>S\u00e9curit\u00e9 des donn\u00e9es<\/h3>\n<p>[\/vc_column_text][vc_column_text css=\u00a0\u00bb\u00a0\u00bb]Nous prenons des mesures raisonnables pour prot\u00e9ger vos informations personnelles contre tout acc\u00e8s, modification, divulgation ou destruction non autoris\u00e9s. Toutefois, veuillez noter qu&rsquo;aucune m\u00e9thode de transmission sur Internet ou de stockage \u00e9lectronique n&rsquo;est s\u00fbre \u00e0 100 % et que nous ne pouvons pas garantir une s\u00e9curit\u00e9 absolue des donn\u00e9es.[\/vc_column_text][vc_column_text css=\u00a0\u00bb\u00a0\u00bb]<\/p>\n<h3>Liens avec des tiers<\/h3>\n<p>[\/vc_column_text][vc_column_text css=\u00a0\u00bb\u00a0\u00bb]Notre site web peut contenir des liens vers des sites web de tiers. Veuillez noter que nous ne sommes pas responsables des pratiques en mati\u00e8re de protection de la vie priv\u00e9e ou du contenu de ces sites web. Nous vous encourageons \u00e0 consulter les politiques de confidentialit\u00e9 des sites web de tiers que vous visitez.[\/vc_column_text][vc_column_text css=\u00a0\u00bb\u00a0\u00bb]<\/p>\n<h3>Modifications de la pr\u00e9sente politique de confidentialit\u00e9<\/h3>\n<p>[\/vc_column_text][vc_column_text css=\u00a0\u00bb\u00a0\u00bb]<\/p>\n<p>Nous pouvons mettre \u00e0 jour la pr\u00e9sente politique de confidentialit\u00e9 de temps \u00e0 autre pour refl\u00e9ter des changements dans nos pratiques ou pour d&rsquo;autres raisons op\u00e9rationnelles, juridiques ou r\u00e9glementaires. Nous publierons la politique de confidentialit\u00e9 mise \u00e0 jour sur notre site web et indiquerons la date de la \u00ab derni\u00e8re mise \u00e0 jour \u00bb en haut. En continuant \u00e0 utiliser notre site web apr\u00e8s toute modification de la pr\u00e9sente politique de confidentialit\u00e9, vous acceptez les conditions r\u00e9vis\u00e9es.<\/p>\n<p>[\/vc_column_text][vc_column_text css=\u00a0\u00bb\u00a0\u00bb]<\/p>\n<h2>Contactez- Nous:<\/h2>\n<p>[\/vc_column_text][vc_column_text css=\u00a0\u00bb\u00a0\u00bb]<\/p>\n<p>Si vous avez des questions, des pr\u00e9occupations ou des demandes concernant cette politique de confidentialit\u00e9 ou nos pratiques en mati\u00e8re de donn\u00e9es, veuillez nous contacter \u00e0 l&rsquo;adresse suivante :<\/p>\n<p>Caroline Rochon Formation et Coaching<\/p>\n<p>Courriel : <a href=\"mailto:caroline@carolinerochon.com\" data-mce-href=\"mailto:caroline@carolinerochon.com\">caroline@carolinerochon.com<\/a><\/p>\n<p>Nous vous remercions de confier vos informations personnelles \u00e0 Caroline Rochon Training and Coaching. Nous nous engageons \u00e0 prot\u00e9ger votre vie priv\u00e9e et \u00e0 vous offrir une exp\u00e9rience s\u00fbre et agr\u00e9able sur notre site web.<\/p>\n<p>[\/vc_column_text][\/vc_column][\/vc_row]<\/p>\n<\/div>","protected":false},"excerpt":{"rendered":"<p>[vc_row type=\u00a0\u00bbfull_width\u00a0\u00bb][vc_column][vc_column_text css=\u00a0\u00bb\u00a0\u00bb] POLITIQUE DE CONFIDENTIALIT\u00c9 [\/vc_column_text][vc_column_text css=\u00a0\u00bb\u00a0\u00bb]Bienvenue \u00e0 Caroline Rochon Formation et Coaching ! Chez Caroline Rochon Training and Coaching, nous nous engageons \u00e0 prot\u00e9ger la confidentialit\u00e9 et la s\u00e9curit\u00e9 de vos informations personnelles. Cette politique de confidentialit\u00e9 explique comment nous recueillons, utilisons, divulguons et prot\u00e9geons vos informations lorsque vous visitez notre site web [&hellip;]<\/p>\n","protected":false},"author":2,"featured_media":0,"parent":0,"menu_order":0,"comment_status":"closed","ping_status":"closed","template":"","meta":{"_acf_changed":false,"footnotes":""},"class_list":["post-1346","page","type-page","status-publish","hentry"],"acf":[],"yoast_head":"<!-- This site is optimized with the Yoast SEO plugin v25.4 - https:\/\/yoast.com\/wordpress\/plugins\/seo\/ -->\n<title>Politique de Confidentialit\u00e9 &#8211; Caroline Rochon<\/title>\n<meta name=\"robots\" content=\"index, follow, max-snippet:-1, max-image-preview:large, max-video-preview:-1\" \/>\n<link rel=\"canonical\" href=\"https:\/\/carolinerochon.com\/fr\/privacy-policy\/\" \/>\n<meta property=\"og:locale\" content=\"fr_FR\" \/>\n<meta property=\"og:type\" content=\"article\" \/>\n<meta property=\"og:title\" content=\"Politique de Confidentialit\u00e9 &#8211; Caroline Rochon\" \/>\n<meta property=\"og:description\" content=\"[vc_row type=\u00a0\u00bbfull_width\u00a0\u00bb][vc_column][vc_column_text css=\u00a0\u00bb\u00a0\u00bb] POLITIQUE DE CONFIDENTIALIT\u00c9 [\/vc_column_text][vc_column_text css=\u00a0\u00bb\u00a0\u00bb]Bienvenue \u00e0 Caroline Rochon Formation et Coaching ! Chez Caroline Rochon Training and Coaching, nous nous engageons \u00e0 prot\u00e9ger la confidentialit\u00e9 et la s\u00e9curit\u00e9 de vos informations personnelles. Cette politique de confidentialit\u00e9 explique comment nous recueillons, utilisons, divulguons et prot\u00e9geons vos informations lorsque vous visitez notre site web [&hellip;]\" \/>\n<meta property=\"og:url\" content=\"https:\/\/carolinerochon.com\/fr\/privacy-policy\/\" \/>\n<meta property=\"og:site_name\" content=\"Caroline Rochon\" \/>\n<meta property=\"article:publisher\" content=\"https:\/\/www.facebook.com\/CarolineRochonTransformationalTrainer\/\" \/>\n<meta property=\"article:modified_time\" content=\"2024-06-07T18:28:17+00:00\" \/>\n<meta property=\"og:image\" content=\"https:\/\/carolinerochon.com\/wp-content\/uploads\/2021\/03\/social.png\" \/>\n\t<meta property=\"og:image:width\" content=\"900\" \/>\n\t<meta property=\"og:image:height\" content=\"473\" \/>\n\t<meta property=\"og:image:type\" content=\"image\/png\" \/>\n<meta name=\"twitter:card\" content=\"summary_large_image\" \/>\n<meta name=\"twitter:site\" content=\"@lal_gratitude\" \/>\n<meta name=\"twitter:label1\" content=\"Dur\u00e9e de lecture estim\u00e9e\" \/>\n\t<meta name=\"twitter:data1\" content=\"5 minutes\" \/>\n<script type=\"application\/ld+json\" class=\"yoast-schema-graph\">{\"@context\":\"https:\/\/schema.org\",\"@graph\":[{\"@type\":\"WebPage\",\"@id\":\"https:\/\/carolinerochon.com\/fr\/privacy-policy\/\",\"url\":\"https:\/\/carolinerochon.com\/fr\/privacy-policy\/\",\"name\":\"Politique de Confidentialit\u00e9 &#8211; Caroline Rochon\",\"isPartOf\":{\"@id\":\"https:\/\/carolinerochon.com\/fr\/#website\"},\"datePublished\":\"2024-06-06T19:04:47+00:00\",\"dateModified\":\"2024-06-07T18:28:17+00:00\",\"breadcrumb\":{\"@id\":\"https:\/\/carolinerochon.com\/fr\/privacy-policy\/#breadcrumb\"},\"inLanguage\":\"fr-FR\",\"potentialAction\":[{\"@type\":\"ReadAction\",\"target\":[\"https:\/\/carolinerochon.com\/fr\/privacy-policy\/\"]}]},{\"@type\":\"BreadcrumbList\",\"@id\":\"https:\/\/carolinerochon.com\/fr\/privacy-policy\/#breadcrumb\",\"itemListElement\":[{\"@type\":\"ListItem\",\"position\":1,\"name\":\"Home\",\"item\":\"https:\/\/carolinerochon.com\/fr\/\"},{\"@type\":\"ListItem\",\"position\":2,\"name\":\"Politique de Confidentialit\u00e9\"}]},{\"@type\":\"WebSite\",\"@id\":\"https:\/\/carolinerochon.com\/fr\/#website\",\"url\":\"https:\/\/carolinerochon.com\/fr\/\",\"name\":\"Caroline Rochon\",\"description\":\"Training Coaching Formation\",\"publisher\":{\"@id\":\"https:\/\/carolinerochon.com\/fr\/#organization\"},\"potentialAction\":[{\"@type\":\"SearchAction\",\"target\":{\"@type\":\"EntryPoint\",\"urlTemplate\":\"https:\/\/carolinerochon.com\/fr\/?s={search_term_string}\"},\"query-input\":{\"@type\":\"PropertyValueSpecification\",\"valueRequired\":true,\"valueName\":\"search_term_string\"}}],\"inLanguage\":\"fr-FR\"},{\"@type\":\"Organization\",\"@id\":\"https:\/\/carolinerochon.com\/fr\/#organization\",\"name\":\"Caroline Rochon\",\"url\":\"https:\/\/carolinerochon.com\/fr\/\",\"logo\":{\"@type\":\"ImageObject\",\"inLanguage\":\"fr-FR\",\"@id\":\"https:\/\/carolinerochon.com\/fr\/#\/schema\/logo\/image\/\",\"url\":\"https:\/\/carolinerochon.com\/wp-content\/uploads\/2024\/03\/caroline-rochon-logo-696-x-696-px.png\",\"contentUrl\":\"https:\/\/carolinerochon.com\/wp-content\/uploads\/2024\/03\/caroline-rochon-logo-696-x-696-px.png\",\"width\":696,\"height\":696,\"caption\":\"Caroline Rochon\"},\"image\":{\"@id\":\"https:\/\/carolinerochon.com\/fr\/#\/schema\/logo\/image\/\"},\"sameAs\":[\"https:\/\/www.facebook.com\/CarolineRochonTransformationalTrainer\/\",\"https:\/\/x.com\/lal_gratitude\",\"https:\/\/www.instagram.com\/carolinerochonspeakertrainer\/\",\"https:\/\/ca.linkedin.com\/in\/carolinerochonspeaker\",\"https:\/\/www.youtube.com\/user\/CarolineRochon\"]}]}<\/script>\n<!-- \/ Yoast SEO plugin. -->","yoast_head_json":{"title":"Politique de Confidentialit\u00e9 &#8211; Caroline Rochon","robots":{"index":"index","follow":"follow","max-snippet":"max-snippet:-1","max-image-preview":"max-image-preview:large","max-video-preview":"max-video-preview:-1"},"canonical":"https:\/\/carolinerochon.com\/fr\/privacy-policy\/","og_locale":"fr_FR","og_type":"article","og_title":"Politique de Confidentialit\u00e9 &#8211; Caroline Rochon","og_description":"[vc_row type=\u00a0\u00bbfull_width\u00a0\u00bb][vc_column][vc_column_text css=\u00a0\u00bb\u00a0\u00bb] POLITIQUE DE CONFIDENTIALIT\u00c9 [\/vc_column_text][vc_column_text css=\u00a0\u00bb\u00a0\u00bb]Bienvenue \u00e0 Caroline Rochon Formation et Coaching ! Chez Caroline Rochon Training and Coaching, nous nous engageons \u00e0 prot\u00e9ger la confidentialit\u00e9 et la s\u00e9curit\u00e9 de vos informations personnelles. Cette politique de confidentialit\u00e9 explique comment nous recueillons, utilisons, divulguons et prot\u00e9geons vos informations lorsque vous visitez notre site web [&hellip;]","og_url":"https:\/\/carolinerochon.com\/fr\/privacy-policy\/","og_site_name":"Caroline Rochon","article_publisher":"https:\/\/www.facebook.com\/CarolineRochonTransformationalTrainer\/","article_modified_time":"2024-06-07T18:28:17+00:00","og_image":[{"width":900,"height":473,"url":"https:\/\/carolinerochon.com\/wp-content\/uploads\/2021\/03\/social.png","type":"image\/png"}],"twitter_card":"summary_large_image","twitter_site":"@lal_gratitude","twitter_misc":{"Dur\u00e9e de lecture estim\u00e9e":"5 minutes"},"schema":{"@context":"https:\/\/schema.org","@graph":[{"@type":"WebPage","@id":"https:\/\/carolinerochon.com\/fr\/privacy-policy\/","url":"https:\/\/carolinerochon.com\/fr\/privacy-policy\/","name":"Politique de Confidentialit\u00e9 &#8211; Caroline Rochon","isPartOf":{"@id":"https:\/\/carolinerochon.com\/fr\/#website"},"datePublished":"2024-06-06T19:04:47+00:00","dateModified":"2024-06-07T18:28:17+00:00","breadcrumb":{"@id":"https:\/\/carolinerochon.com\/fr\/privacy-policy\/#breadcrumb"},"inLanguage":"fr-FR","potentialAction":[{"@type":"ReadAction","target":["https:\/\/carolinerochon.com\/fr\/privacy-policy\/"]}]},{"@type":"BreadcrumbList","@id":"https:\/\/carolinerochon.com\/fr\/privacy-policy\/#breadcrumb","itemListElement":[{"@type":"ListItem","position":1,"name":"Home","item":"https:\/\/carolinerochon.com\/fr\/"},{"@type":"ListItem","position":2,"name":"Politique de Confidentialit\u00e9"}]},{"@type":"WebSite","@id":"https:\/\/carolinerochon.com\/fr\/#website","url":"https:\/\/carolinerochon.com\/fr\/","name":"Caroline Rochon","description":"Training Coaching Formation","publisher":{"@id":"https:\/\/carolinerochon.com\/fr\/#organization"},"potentialAction":[{"@type":"SearchAction","target":{"@type":"EntryPoint","urlTemplate":"https:\/\/carolinerochon.com\/fr\/?s={search_term_string}"},"query-input":{"@type":"PropertyValueSpecification","valueRequired":true,"valueName":"search_term_string"}}],"inLanguage":"fr-FR"},{"@type":"Organization","@id":"https:\/\/carolinerochon.com\/fr\/#organization","name":"Caroline Rochon","url":"https:\/\/carolinerochon.com\/fr\/","logo":{"@type":"ImageObject","inLanguage":"fr-FR","@id":"https:\/\/carolinerochon.com\/fr\/#\/schema\/logo\/image\/","url":"https:\/\/carolinerochon.com\/wp-content\/uploads\/2024\/03\/caroline-rochon-logo-696-x-696-px.png","contentUrl":"https:\/\/carolinerochon.com\/wp-content\/uploads\/2024\/03\/caroline-rochon-logo-696-x-696-px.png","width":696,"height":696,"caption":"Caroline Rochon"},"image":{"@id":"https:\/\/carolinerochon.com\/fr\/#\/schema\/logo\/image\/"},"sameAs":["https:\/\/www.facebook.com\/CarolineRochonTransformationalTrainer\/","https:\/\/x.com\/lal_gratitude","https:\/\/www.instagram.com\/carolinerochonspeakertrainer\/","https:\/\/ca.linkedin.com\/in\/carolinerochonspeaker","https:\/\/www.youtube.com\/user\/CarolineRochon"]}]}},"_links":{"self":[{"href":"https:\/\/carolinerochon.com\/fr\/wp-json\/wp\/v2\/pages\/1346","targetHints":{"allow":["GET"]}}],"collection":[{"href":"https:\/\/carolinerochon.com\/fr\/wp-json\/wp\/v2\/pages"}],"about":[{"href":"https:\/\/carolinerochon.com\/fr\/wp-json\/wp\/v2\/types\/page"}],"author":[{"embeddable":true,"href":"https:\/\/carolinerochon.com\/fr\/wp-json\/wp\/v2\/users\/2"}],"replies":[{"embeddable":true,"href":"https:\/\/carolinerochon.com\/fr\/wp-json\/wp\/v2\/comments?post=1346"}],"version-history":[{"count":5,"href":"https:\/\/carolinerochon.com\/fr\/wp-json\/wp\/v2\/pages\/1346\/revisions"}],"predecessor-version":[{"id":1359,"href":"https:\/\/carolinerochon.com\/fr\/wp-json\/wp\/v2\/pages\/1346\/revisions\/1359"}],"wp:attachment":[{"href":"https:\/\/carolinerochon.com\/fr\/wp-json\/wp\/v2\/media?parent=1346"}],"curies":[{"name":"wp","href":"https:\/\/api.w.org\/{rel}","templated":true}]}}